

{"id":2137,"date":"2021-09-16T07:55:51","date_gmt":"2021-09-16T07:55:51","guid":{"rendered":"https:\/\/proyectos.agenciaeben.com\/qgmi-sv\/?page_id=2137"},"modified":"2021-09-16T08:03:27","modified_gmt":"2021-09-16T08:03:27","slug":"vilka-vi-ar","status":"publish","type":"page","link":"https:\/\/proyectos.agenciaeben.com\/qgmi-sv\/sv\/vilka-vi-ar\/","title":{"rendered":"Vilka vi \u00e4r"},"content":{"rendered":"\t\t<div data-elementor-type=\"wp-page\" data-elementor-id=\"2137\" class=\"elementor elementor-2137 elementor-1199\" data-elementor-settings=\"[]\">\n\t\t\t\t\t\t<div class=\"elementor-inner\">\n\t\t\t\t\t\t\t<div class=\"elementor-section-wrap\">\n\t\t\t\t\t\t\t<section class=\"elementor-section elementor-top-section elementor-element elementor-element-68efb0f elementor-section-height-min-height elementor-section-content-middle elementor-section-boxed elementor-section-height-default elementor-section-items-middle\" data-id=\"68efb0f\" data-element_type=\"section\" data-settings=\"{&quot;background_background&quot;:&quot;classic&quot;}\">\n\t\t\t\t\t\t\t<div class=\"elementor-background-overlay\"><\/div>\n\t\t\t\t\t\t\t<div class=\"elementor-container elementor-column-gap-default\">\n\t\t\t\t\t\t\t<div class=\"elementor-row\">\n\t\t\t\t\t<div class=\"elementor-column elementor-col-100 elementor-top-column elementor-element elementor-element-0b9947b\" data-id=\"0b9947b\" data-element_type=\"column\" data-settings=\"{&quot;background_background&quot;:&quot;classic&quot;}\">\n\t\t\t<div class=\"elementor-column-wrap elementor-element-populated\">\n\t\t\t\t\t\t\t<div class=\"elementor-widget-wrap\">\n\t\t\t\t\t\t<div class=\"elementor-element elementor-element-806660a elementor-widget elementor-widget-heading\" data-id=\"806660a\" data-element_type=\"widget\" data-widget_type=\"heading.default\">\n\t\t\t\t<div class=\"elementor-widget-container\">\n\t\t\t<h1 class=\"elementor-heading-title elementor-size-default\">VILKA VI \u00c4R<\/h1>\t\t<\/div>\n\t\t\t\t<\/div>\n\t\t\t\t\t\t<\/div>\n\t\t\t\t\t<\/div>\n\t\t<\/div>\n\t\t\t\t\t\t\t\t<\/div>\n\t\t\t\t\t<\/div>\n\t\t<\/section>\n\t\t\t\t<section class=\"elementor-section elementor-top-section elementor-element elementor-element-6adf11a elementor-section-boxed elementor-section-height-default elementor-section-height-default\" data-id=\"6adf11a\" data-element_type=\"section\">\n\t\t\t\t\t\t<div class=\"elementor-container elementor-column-gap-default\">\n\t\t\t\t\t\t\t<div class=\"elementor-row\">\n\t\t\t\t\t<div class=\"elementor-column elementor-col-50 elementor-top-column elementor-element elementor-element-643266d\" data-id=\"643266d\" data-element_type=\"column\">\n\t\t\t<div class=\"elementor-column-wrap elementor-element-populated\">\n\t\t\t\t\t\t\t<div class=\"elementor-widget-wrap\">\n\t\t\t\t\t\t<div class=\"elementor-element elementor-element-8d23138 elementor-widget elementor-widget-text-editor\" data-id=\"8d23138\" data-element_type=\"widget\" data-widget_type=\"text-editor.default\">\n\t\t\t\t<div class=\"elementor-widget-container\">\n\t\t\t\t\t<div class=\"elementor-text-editor elementor-clearfix\"><p>Vi \u00e4r QGMI Sweden, och ing\u00e5r i QGMI Group, som \u00e4r specialister p\u00e5 utveckling, strukturering och genomf\u00f6rande av anl\u00e4ggnings- och byggprojekt.<\/p><p>Vi finns i Stockholm och v\u00e5r k\u00e4rnverksamhet best\u00e5r av att bygga l\u00e5ngsiktiga relationer med svenska och europeiska leverant\u00f6rer, entrepren\u00f6rer och tillverkare f\u00f6r att st\u00f6dja konstruktion och uppbyggnad av v\u00e5ra infrastrukturprojekt.<\/p><p>Som en svenskbaserad verksamhet arbetar vi n\u00e4ra de stora leverant\u00f6rerna f\u00f6r att vi ska k\u00e4nna till de b\u00e4sta l\u00f6sningarna f\u00f6r respektive projekts karakt\u00e4r och d\u00e4rmed kunna \u00f6ka v\u00e5r \u00f6vergripande produktivitet. Vi utnyttjar kvaliteten, tillf\u00f6rlitligheten och kunskapen hos sm\u00e5, medelstora och stora svenska f\u00f6retag och ger dem ett s\u00e4tt att exportera och \u00f6ka sin kundbas p\u00e5 nya marknader.<\/p><p>F\u00f6r n\u00e4rvarande inkluderar v\u00e5ra infrastrukturprojekt v\u00e4gar, planskilda korsningar och broar. Tack vare QGMI-gruppens erfarenhet kan vi ocks\u00e5 utveckla ett bredare utbud av infrastrukturl\u00f6sningar.<\/p><p>V\u00e5r utveckling av infrastrukturprojekt \u00e4r alltid h\u00e5llbar och f\u00f6ljer lokala regler samt internationellt b\u00e4sta praxis f\u00f6r att s\u00e4kerst\u00e4lla att de p\u00e5 b\u00e4sta s\u00e4tt hanterar och mildrar tekniska risker samt konsekvenser inom h\u00e4lsa, s\u00e4kerhet, milj\u00f6 och samh\u00e4lle.<\/p><p>Vi st\u00f6der dessutom v\u00e5ra kunder genom att ta fram kostnadseffektiva finansieringsl\u00f6sningar f\u00f6r de projekt som vi \u00e4r involverade i.<\/p><\/div>\n\t\t\t\t<\/div>\n\t\t\t\t<\/div>\n\t\t\t\t\t\t<\/div>\n\t\t\t\t\t<\/div>\n\t\t<\/div>\n\t\t\t\t<div class=\"elementor-column elementor-col-50 elementor-top-column elementor-element elementor-element-c9076ff\" data-id=\"c9076ff\" data-element_type=\"column\">\n\t\t\t<div class=\"elementor-column-wrap elementor-element-populated\">\n\t\t\t\t\t\t\t<div class=\"elementor-widget-wrap\">\n\t\t\t\t\t\t<div class=\"elementor-element elementor-element-5b23a28 elementor-widget elementor-widget-image\" data-id=\"5b23a28\" data-element_type=\"widget\" data-widget_type=\"image.default\">\n\t\t\t\t<div class=\"elementor-widget-container\">\n\t\t\t\t\t<div class=\"elementor-image\">\n\t\t\t\t\t\t\t\t\t\t<img width=\"570\" height=\"520\" src=\"https:\/\/proyectos.agenciaeben.com\/qgmi-sv\/wp-content\/uploads\/2021\/05\/Who-we-are-UK.jpg\" class=\"attachment-full size-full\" alt=\"\" loading=\"lazy\" srcset=\"https:\/\/proyectos.agenciaeben.com\/qgmi-sv\/wp-content\/uploads\/2021\/05\/Who-we-are-UK.jpg 570w, https:\/\/proyectos.agenciaeben.com\/qgmi-sv\/wp-content\/uploads\/2021\/05\/Who-we-are-UK-300x274.jpg 300w\" sizes=\"(max-width: 570px) 100vw, 570px\" \/>\t\t\t\t\t\t\t\t\t\t\t<\/div>\n\t\t\t\t<\/div>\n\t\t\t\t<\/div>\n\t\t\t\t\t\t<\/div>\n\t\t\t\t\t<\/div>\n\t\t<\/div>\n\t\t\t\t\t\t\t\t<\/div>\n\t\t\t\t\t<\/div>\n\t\t<\/section>\n\t\t\t\t<section class=\"elementor-section elementor-top-section elementor-element elementor-element-b45b724 elementor-section-boxed elementor-section-height-default elementor-section-height-default\" data-id=\"b45b724\" data-element_type=\"section\">\n\t\t\t\t\t\t<div class=\"elementor-container elementor-column-gap-default\">\n\t\t\t\t\t\t\t<div class=\"elementor-row\">\n\t\t\t\t\t<div class=\"elementor-column elementor-col-100 elementor-top-column elementor-element elementor-element-f2f530b\" data-id=\"f2f530b\" data-element_type=\"column\">\n\t\t\t<div class=\"elementor-column-wrap elementor-element-populated\">\n\t\t\t\t\t\t\t<div class=\"elementor-widget-wrap\">\n\t\t\t\t\t\t<div class=\"elementor-element elementor-element-230fbe1 elementor-widget elementor-widget-heading\" data-id=\"230fbe1\" data-element_type=\"widget\" data-widget_type=\"heading.default\">\n\t\t\t\t<div class=\"elementor-widget-container\">\n\t\t\t<h2 class=\"elementor-heading-title elementor-size-default\">QGMI:s <span style=\"font-weight:900\">STYRKOR<\/span>\n\n<\/h2>\t\t<\/div>\n\t\t\t\t<\/div>\n\t\t\t\t\t\t<\/div>\n\t\t\t\t\t<\/div>\n\t\t<\/div>\n\t\t\t\t\t\t\t\t<\/div>\n\t\t\t\t\t<\/div>\n\t\t<\/section>\n\t\t\t\t<section class=\"elementor-section elementor-top-section elementor-element elementor-element-4186314 elementor-section-boxed elementor-section-height-default elementor-section-height-default\" data-id=\"4186314\" data-element_type=\"section\">\n\t\t\t\t\t\t<div class=\"elementor-container elementor-column-gap-wide\">\n\t\t\t\t\t\t\t<div class=\"elementor-row\">\n\t\t\t\t\t<div class=\"elementor-column elementor-col-33 elementor-top-column elementor-element elementor-element-a26a4ce\" data-id=\"a26a4ce\" data-element_type=\"column\">\n\t\t\t<div class=\"elementor-column-wrap elementor-element-populated\">\n\t\t\t\t\t\t\t<div class=\"elementor-widget-wrap\">\n\t\t\t\t\t\t<div class=\"elementor-element elementor-element-3bb8e4b elementor-widget elementor-widget-image\" data-id=\"3bb8e4b\" data-element_type=\"widget\" data-widget_type=\"image.default\">\n\t\t\t\t<div class=\"elementor-widget-container\">\n\t\t\t\t\t<div class=\"elementor-image\">\n\t\t\t\t\t\t\t\t\t\t<img width=\"150\" height=\"150\" src=\"https:\/\/proyectos.agenciaeben.com\/qgmi-sv\/wp-content\/uploads\/2021\/09\/icon-proyectos.png\" class=\"attachment-large size-large\" alt=\"\" loading=\"lazy\" \/>\t\t\t\t\t\t\t\t\t\t\t<\/div>\n\t\t\t\t<\/div>\n\t\t\t\t<\/div>\n\t\t\t\t<div class=\"elementor-element elementor-element-0f42405 elementor-widget elementor-widget-text-editor\" data-id=\"0f42405\" data-element_type=\"widget\" data-widget_type=\"text-editor.default\">\n\t\t\t\t<div class=\"elementor-widget-container\">\n\t\t\t\t\t<div class=\"elementor-text-editor elementor-clearfix\"><p>Gedigen erfarenhet av byggprojekt, som alltid levereras i enlighet med kvalitetsstandarder och i tid. <br \/>.<\/p><\/div>\n\t\t\t\t<\/div>\n\t\t\t\t<\/div>\n\t\t\t\t\t\t<\/div>\n\t\t\t\t\t<\/div>\n\t\t<\/div>\n\t\t\t\t<div class=\"elementor-column elementor-col-33 elementor-top-column elementor-element elementor-element-7ac8a33\" data-id=\"7ac8a33\" data-element_type=\"column\">\n\t\t\t<div class=\"elementor-column-wrap elementor-element-populated\">\n\t\t\t\t\t\t\t<div class=\"elementor-widget-wrap\">\n\t\t\t\t\t\t<div class=\"elementor-element elementor-element-51da2c1 elementor-widget elementor-widget-image\" data-id=\"51da2c1\" data-element_type=\"widget\" data-widget_type=\"image.default\">\n\t\t\t\t<div class=\"elementor-widget-container\">\n\t\t\t\t\t<div class=\"elementor-image\">\n\t\t\t\t\t\t\t\t\t\t<img width=\"150\" height=\"150\" src=\"https:\/\/proyectos.agenciaeben.com\/qgmi-sv\/wp-content\/uploads\/2021\/09\/icon-red-comercial.png\" class=\"attachment-large size-large\" alt=\"\" loading=\"lazy\" \/>\t\t\t\t\t\t\t\t\t\t\t<\/div>\n\t\t\t\t<\/div>\n\t\t\t\t<\/div>\n\t\t\t\t<div class=\"elementor-element elementor-element-5f2ce1b elementor-widget elementor-widget-text-editor\" data-id=\"5f2ce1b\" data-element_type=\"widget\" data-widget_type=\"text-editor.default\">\n\t\t\t\t<div class=\"elementor-widget-container\">\n\t\t\t\t\t<div class=\"elementor-text-editor elementor-clearfix\"><p>Stort kommersiellt n\u00e4tverk, djupg\u00e5ende kunskaper om strategiska marknader och relationer med de viktigaste arbetsgivarna i branschen. <\/p><\/div>\n\t\t\t\t<\/div>\n\t\t\t\t<\/div>\n\t\t\t\t\t\t<\/div>\n\t\t\t\t\t<\/div>\n\t\t<\/div>\n\t\t\t\t<div class=\"elementor-column elementor-col-33 elementor-top-column elementor-element elementor-element-063600c\" data-id=\"063600c\" data-element_type=\"column\">\n\t\t\t<div class=\"elementor-column-wrap elementor-element-populated\">\n\t\t\t\t\t\t\t<div class=\"elementor-widget-wrap\">\n\t\t\t\t\t\t<div class=\"elementor-element elementor-element-b9346f6 elementor-widget elementor-widget-image\" data-id=\"b9346f6\" data-element_type=\"widget\" data-widget_type=\"image.default\">\n\t\t\t\t<div class=\"elementor-widget-container\">\n\t\t\t\t\t<div class=\"elementor-image\">\n\t\t\t\t\t\t\t\t\t\t<img width=\"150\" height=\"150\" src=\"https:\/\/proyectos.agenciaeben.com\/qgmi-sv\/wp-content\/uploads\/2021\/09\/icon-financieras.png\" class=\"attachment-large size-large\" alt=\"\" loading=\"lazy\" \/>\t\t\t\t\t\t\t\t\t\t\t<\/div>\n\t\t\t\t<\/div>\n\t\t\t\t<\/div>\n\t\t\t\t<div class=\"elementor-element elementor-element-d80b00b elementor-widget elementor-widget-text-editor\" data-id=\"d80b00b\" data-element_type=\"widget\" data-widget_type=\"text-editor.default\">\n\t\t\t\t<div class=\"elementor-widget-container\">\n\t\t\t\t\t<div class=\"elementor-text-editor elementor-clearfix\"><p>Erfarenhet av att samarbeta med internationella finansinstitut som st\u00f6der projekten. <\/p><\/div>\n\t\t\t\t<\/div>\n\t\t\t\t<\/div>\n\t\t\t\t\t\t<\/div>\n\t\t\t\t\t<\/div>\n\t\t<\/div>\n\t\t\t\t\t\t\t\t<\/div>\n\t\t\t\t\t<\/div>\n\t\t<\/section>\n\t\t\t\t<section class=\"elementor-section elementor-top-section elementor-element elementor-element-f3c29db elementor-section-boxed elementor-section-height-default elementor-section-height-default\" data-id=\"f3c29db\" data-element_type=\"section\">\n\t\t\t\t\t\t<div class=\"elementor-container elementor-column-gap-wide\">\n\t\t\t\t\t\t\t<div class=\"elementor-row\">\n\t\t\t\t\t<div class=\"elementor-column elementor-col-33 elementor-top-column elementor-element elementor-element-9dda38a\" data-id=\"9dda38a\" data-element_type=\"column\">\n\t\t\t<div class=\"elementor-column-wrap elementor-element-populated\">\n\t\t\t\t\t\t\t<div class=\"elementor-widget-wrap\">\n\t\t\t\t\t\t<div class=\"elementor-element elementor-element-9042110 elementor-widget elementor-widget-image\" data-id=\"9042110\" data-element_type=\"widget\" data-widget_type=\"image.default\">\n\t\t\t\t<div class=\"elementor-widget-container\">\n\t\t\t\t\t<div class=\"elementor-image\">\n\t\t\t\t\t\t\t\t\t\t<img width=\"150\" height=\"150\" src=\"https:\/\/proyectos.agenciaeben.com\/qgmi-sv\/wp-content\/uploads\/2021\/09\/icon-equipo.png\" class=\"attachment-large size-large\" alt=\"\" loading=\"lazy\" \/>\t\t\t\t\t\t\t\t\t\t\t<\/div>\n\t\t\t\t<\/div>\n\t\t\t\t<\/div>\n\t\t\t\t<div class=\"elementor-element elementor-element-98a8fb7 elementor-widget elementor-widget-text-editor\" data-id=\"98a8fb7\" data-element_type=\"widget\" data-widget_type=\"text-editor.default\">\n\t\t\t\t<div class=\"elementor-widget-container\">\n\t\t\t\t\t<div class=\"elementor-text-editor elementor-clearfix\"><p>Globalt erfaren och mycket kunnig ledningsgrupp. <\/p><\/div>\n\t\t\t\t<\/div>\n\t\t\t\t<\/div>\n\t\t\t\t\t\t<\/div>\n\t\t\t\t\t<\/div>\n\t\t<\/div>\n\t\t\t\t<div class=\"elementor-column elementor-col-33 elementor-top-column elementor-element elementor-element-95e5b4c\" data-id=\"95e5b4c\" data-element_type=\"column\">\n\t\t\t<div class=\"elementor-column-wrap elementor-element-populated\">\n\t\t\t\t\t\t\t<div class=\"elementor-widget-wrap\">\n\t\t\t\t\t\t<div class=\"elementor-element elementor-element-3ae0061 elementor-widget elementor-widget-image\" data-id=\"3ae0061\" data-element_type=\"widget\" data-widget_type=\"image.default\">\n\t\t\t\t<div class=\"elementor-widget-container\">\n\t\t\t\t\t<div class=\"elementor-image\">\n\t\t\t\t\t\t\t\t\t\t<img width=\"150\" height=\"150\" src=\"https:\/\/proyectos.agenciaeben.com\/qgmi-sv\/wp-content\/uploads\/2021\/09\/icon-proyectos-entregados.png\" class=\"attachment-large size-large\" alt=\"\" loading=\"lazy\" \/>\t\t\t\t\t\t\t\t\t\t\t<\/div>\n\t\t\t\t<\/div>\n\t\t\t\t<\/div>\n\t\t\t\t<div class=\"elementor-element elementor-element-4f3fe32 elementor-widget elementor-widget-text-editor\" data-id=\"4f3fe32\" data-element_type=\"widget\" data-widget_type=\"text-editor.default\">\n\t\t\t\t<div class=\"elementor-widget-container\">\n\t\t\t\t\t<div class=\"elementor-text-editor elementor-clearfix\"><p>Goda meriter fr\u00e5n framg\u00e5ngsrika projektimplementeringar. <\/p><\/div>\n\t\t\t\t<\/div>\n\t\t\t\t<\/div>\n\t\t\t\t\t\t<\/div>\n\t\t\t\t\t<\/div>\n\t\t<\/div>\n\t\t\t\t<div class=\"elementor-column elementor-col-33 elementor-top-column elementor-element elementor-element-1039081\" data-id=\"1039081\" data-element_type=\"column\">\n\t\t\t<div class=\"elementor-column-wrap elementor-element-populated\">\n\t\t\t\t\t\t\t<div class=\"elementor-widget-wrap\">\n\t\t\t\t\t\t<div class=\"elementor-element elementor-element-4f8ccfc elementor-widget elementor-widget-image\" data-id=\"4f8ccfc\" data-element_type=\"widget\" data-widget_type=\"image.default\">\n\t\t\t\t<div class=\"elementor-widget-container\">\n\t\t\t\t\t<div class=\"elementor-image\">\n\t\t\t\t\t\t\t\t\t\t<img width=\"150\" height=\"150\" src=\"https:\/\/proyectos.agenciaeben.com\/qgmi-sv\/wp-content\/uploads\/2021\/09\/icon-sostenibilidad.png\" class=\"attachment-large size-large\" alt=\"\" loading=\"lazy\" \/>\t\t\t\t\t\t\t\t\t\t\t<\/div>\n\t\t\t\t<\/div>\n\t\t\t\t<\/div>\n\t\t\t\t<div class=\"elementor-element elementor-element-58bfabe elementor-widget elementor-widget-text-editor\" data-id=\"58bfabe\" data-element_type=\"widget\" data-widget_type=\"text-editor.default\">\n\t\t\t\t<div class=\"elementor-widget-container\">\n\t\t\t\t\t<div class=\"elementor-text-editor elementor-clearfix\"><p>Engagerade i h\u00e5llbarhet och strikta efterlevnadsprocedurer. <\/p><\/div>\n\t\t\t\t<\/div>\n\t\t\t\t<\/div>\n\t\t\t\t\t\t<\/div>\n\t\t\t\t\t<\/div>\n\t\t<\/div>\n\t\t\t\t\t\t\t\t<\/div>\n\t\t\t\t\t<\/div>\n\t\t<\/section>\n\t\t\t\t\t\t<\/div>\n\t\t\t\t\t\t<\/div>\n\t\t\t\t\t<\/div>\n\t\t","protected":false},"excerpt":{"rendered":"<p>VILKA VI \u00c4R Vi \u00e4r QGMI Sweden, och ing\u00e5r i QGMI Group, som \u00e4r specialister p\u00e5 utveckling, strukturering och genomf\u00f6rande av anl\u00e4ggnings- och byggprojekt. Vi finns i Stockholm och v\u00e5r k\u00e4rnverksamhet best\u00e5r av att bygga l\u00e5ngsiktiga relationer med svenska och europeiska leverant\u00f6rer, entrepren\u00f6rer och tillverkare f\u00f6r att st\u00f6dja konstruktion och uppbyggnad av v\u00e5ra infrastrukturprojekt. Som &hellip;<\/p>\n<p class=\"read-more\"> <a class=\"\" href=\"https:\/\/proyectos.agenciaeben.com\/qgmi-sv\/sv\/vilka-vi-ar\/\"> <span class=\"screen-reader-text\">Vilka vi \u00e4r<\/span> Read More &raquo;<\/a><\/p>\n","protected":false},"author":1,"featured_media":0,"parent":0,"menu_order":0,"comment_status":"closed","ping_status":"closed","template":"","meta":[],"_links":{"self":[{"href":"https:\/\/proyectos.agenciaeben.com\/qgmi-sv\/wp-json\/wp\/v2\/pages\/2137"}],"collection":[{"href":"https:\/\/proyectos.agenciaeben.com\/qgmi-sv\/wp-json\/wp\/v2\/pages"}],"about":[{"href":"https:\/\/proyectos.agenciaeben.com\/qgmi-sv\/wp-json\/wp\/v2\/types\/page"}],"author":[{"embeddable":true,"href":"https:\/\/proyectos.agenciaeben.com\/qgmi-sv\/wp-json\/wp\/v2\/users\/1"}],"replies":[{"embeddable":true,"href":"https:\/\/proyectos.agenciaeben.com\/qgmi-sv\/wp-json\/wp\/v2\/comments?post=2137"}],"version-history":[{"count":7,"href":"https:\/\/proyectos.agenciaeben.com\/qgmi-sv\/wp-json\/wp\/v2\/pages\/2137\/revisions"}],"predecessor-version":[{"id":2176,"href":"https:\/\/proyectos.agenciaeben.com\/qgmi-sv\/wp-json\/wp\/v2\/pages\/2137\/revisions\/2176"}],"wp:attachment":[{"href":"https:\/\/proyectos.agenciaeben.com\/qgmi-sv\/wp-json\/wp\/v2\/media?parent=2137"}],"curies":[{"name":"wp","href":"https:\/\/api.w.org\/{rel}","templated":true}]}}