

{"id":2093,"date":"2021-09-16T07:36:36","date_gmt":"2021-09-16T07:36:36","guid":{"rendered":"https:\/\/proyectos.agenciaeben.com\/qgmi-sv\/?page_id=2093"},"modified":"2021-09-16T07:46:05","modified_gmt":"2021-09-16T07:46:05","slug":"gatorna-i-accra","status":"publish","type":"page","link":"https:\/\/proyectos.agenciaeben.com\/qgmi-sv\/sv\/projekt\/gatorna-i-accra\/","title":{"rendered":"Gatorna i Accra"},"content":{"rendered":"\t\t<div data-elementor-type=\"wp-page\" data-elementor-id=\"2093\" class=\"elementor elementor-2093 elementor-785\" data-elementor-settings=\"[]\">\n\t\t\t\t\t\t<div class=\"elementor-inner\">\n\t\t\t\t\t\t\t<div class=\"elementor-section-wrap\">\n\t\t\t\t\t\t\t<section class=\"elementor-section elementor-top-section elementor-element elementor-element-68efb0f elementor-section-height-min-height elementor-section-content-middle elementor-section-boxed elementor-section-height-default elementor-section-items-middle\" data-id=\"68efb0f\" data-element_type=\"section\" data-settings=\"{&quot;background_background&quot;:&quot;classic&quot;}\">\n\t\t\t\t\t\t\t<div class=\"elementor-background-overlay\"><\/div>\n\t\t\t\t\t\t\t<div class=\"elementor-container elementor-column-gap-default\">\n\t\t\t\t\t\t\t<div class=\"elementor-row\">\n\t\t\t\t\t<div class=\"elementor-column elementor-col-100 elementor-top-column elementor-element elementor-element-0b9947b\" data-id=\"0b9947b\" data-element_type=\"column\">\n\t\t\t<div class=\"elementor-column-wrap elementor-element-populated\">\n\t\t\t\t\t\t\t<div class=\"elementor-widget-wrap\">\n\t\t\t\t\t\t<div class=\"elementor-element elementor-element-806660a elementor-widget elementor-widget-heading\" data-id=\"806660a\" data-element_type=\"widget\" data-widget_type=\"heading.default\">\n\t\t\t\t<div class=\"elementor-widget-container\">\n\t\t\t<h1 class=\"elementor-heading-title elementor-size-default\">GATORNA I ACCRA\n<\/h1>\t\t<\/div>\n\t\t\t\t<\/div>\n\t\t\t\t<div class=\"elementor-element elementor-element-866b383 elementor-widget elementor-widget-heading\" data-id=\"866b383\" data-element_type=\"widget\" data-widget_type=\"heading.default\">\n\t\t\t\t<div class=\"elementor-widget-container\">\n\t\t\t<h3 class=\"elementor-heading-title elementor-size-default\">GHANA<\/h3>\t\t<\/div>\n\t\t\t\t<\/div>\n\t\t\t\t\t\t<\/div>\n\t\t\t\t\t<\/div>\n\t\t<\/div>\n\t\t\t\t\t\t\t\t<\/div>\n\t\t\t\t\t<\/div>\n\t\t<\/section>\n\t\t\t\t<section class=\"elementor-section elementor-top-section elementor-element elementor-element-1999fe6 elementor-section-boxed elementor-section-height-default elementor-section-height-default\" data-id=\"1999fe6\" data-element_type=\"section\">\n\t\t\t\t\t\t<div class=\"elementor-container elementor-column-gap-default\">\n\t\t\t\t\t\t\t<div class=\"elementor-row\">\n\t\t\t\t\t<div class=\"elementor-column elementor-col-50 elementor-top-column elementor-element elementor-element-4e0806e\" data-id=\"4e0806e\" data-element_type=\"column\">\n\t\t\t<div class=\"elementor-column-wrap elementor-element-populated\">\n\t\t\t\t\t\t\t<div class=\"elementor-widget-wrap\">\n\t\t\t\t\t\t<div class=\"elementor-element elementor-element-6b53ef2 elementor-widget elementor-widget-image\" data-id=\"6b53ef2\" data-element_type=\"widget\" data-widget_type=\"image.default\">\n\t\t\t\t<div class=\"elementor-widget-container\">\n\t\t\t\t\t<div class=\"elementor-image\">\n\t\t\t\t\t\t\t\t\t\t<img width=\"570\" height=\"380\" src=\"https:\/\/proyectos.agenciaeben.com\/qgmi-sv\/wp-content\/uploads\/2021\/09\/main-accra.jpg\" class=\"attachment-large size-large\" alt=\"\" loading=\"lazy\" srcset=\"https:\/\/proyectos.agenciaeben.com\/qgmi-sv\/wp-content\/uploads\/2021\/09\/main-accra.jpg 570w, https:\/\/proyectos.agenciaeben.com\/qgmi-sv\/wp-content\/uploads\/2021\/09\/main-accra-300x200.jpg 300w\" sizes=\"(max-width: 570px) 100vw, 570px\" \/>\t\t\t\t\t\t\t\t\t\t\t<\/div>\n\t\t\t\t<\/div>\n\t\t\t\t<\/div>\n\t\t\t\t<div class=\"elementor-element elementor-element-6365b85 elementor-widget elementor-widget-bdt-advanced-image-gallery\" data-id=\"6365b85\" data-element_type=\"widget\" data-widget_type=\"bdt-advanced-image-gallery.default\">\n\t\t\t\t<div class=\"elementor-widget-container\">\n\t\t\t\t\t<div id=\"bdt-avdg-6365b85\" class=\"bdt-advanced-image-gallery bdt-skin-default bdt-grid bdt-grid-small bdt-child-width-1-1 bdt-child-width-1-3@s bdt-child-width-1-4@m\" bdt-grid=\"\" bdt-lightbox=\"animation: fade;\">\n\t\t\n\t\t\t<div class=\"bdt-gallery-item bdt-transition-toggle\">\n\t\t\t\t<div class=\"bdt-advanced-image-gallery-inner bdt-image-mask\">\n\t\t\t\t\t<div class=\"bdt-gallery-thumbnail bdt-transition-toggle\">\n\t\t\t<img  src=\"https:\/\/proyectos.agenciaeben.com\/qgmi-sv\/wp-content\/uploads\/2021\/09\/accra-1-300x225.jpg\" alt=\"accra-1\" class=\"jgalleryImage\">\n\t\t<\/div>\t\t<div class=\"bdt-position-cover bdt-overlay bdt-overlay-default bdt-transition-fade\">\n\t\t\t<div class=\"bdt-advanced-image-gallery-content\">\n\t\t\t\t<div class=\"bdt-advanced-image-gallery-content-inner\">\n\t\t\t\t\n\t\t\t\t\t\t\t\t\t\t\t\t\t\t\t\t<div class=\"bdt-flex-inline bdt-gallery-item-link-wrapper\">\n\t\t\t\t\t\t\t<a class=\"bdt-gallery-item-link elementor-clickable icon-type-icon\" data-elementor-open-lightbox=\"no\" data-caption=\"\" href=\"https:\/\/proyectos.agenciaeben.com\/qgmi-sv\/wp-content\/uploads\/2021\/09\/accra-1.jpg\">\n\t\t\t\t\t\t\t\t\n\t\t\t\t\t\t\t\t\t\t\t\t\t\t\t\t\t\t\t<span>\n\t\t\t\t\t\t\t\t\t\t\t<i class=\"ep-plus-2\"><\/i>\n\t\t\t\t\t\t\t\t\t\t<\/span>\n\t\t\t\t\t\t\t\t\t\n\t\t\t\t\t\t\t\t\t\t\t\t\t\t\t<\/a>\n\t\t\t\t\t\t<\/div>\n\t\t\t\t\t\n\t\t\t\t\t\t\t\t\t<\/div>\n\t\t\t<\/div>\n\t\t<\/div>\n\t\t\t\t\t\t<\/div>\n\t\t\t\t\t\t\t<\/div>\n\n\t\t\n\t\t\t<div class=\"bdt-gallery-item bdt-transition-toggle\">\n\t\t\t\t<div class=\"bdt-advanced-image-gallery-inner bdt-image-mask\">\n\t\t\t\t\t<div class=\"bdt-gallery-thumbnail bdt-transition-toggle\">\n\t\t\t<img  src=\"https:\/\/proyectos.agenciaeben.com\/qgmi-sv\/wp-content\/uploads\/2021\/09\/accra-2-300x225.jpg\" alt=\"accra-2\" class=\"jgalleryImage\">\n\t\t<\/div>\t\t<div class=\"bdt-position-cover bdt-overlay bdt-overlay-default bdt-transition-fade\">\n\t\t\t<div class=\"bdt-advanced-image-gallery-content\">\n\t\t\t\t<div class=\"bdt-advanced-image-gallery-content-inner\">\n\t\t\t\t\n\t\t\t\t\t\t\t\t\t\t\t\t\t\t\t\t<div class=\"bdt-flex-inline bdt-gallery-item-link-wrapper\">\n\t\t\t\t\t\t\t<a class=\"bdt-gallery-item-link elementor-clickable icon-type-icon\" data-elementor-open-lightbox=\"no\" data-caption=\"\" href=\"https:\/\/proyectos.agenciaeben.com\/qgmi-sv\/wp-content\/uploads\/2021\/09\/accra-2.jpg\">\n\t\t\t\t\t\t\t\t\n\t\t\t\t\t\t\t\t\t\t\t\t\t\t\t\t\t\t\t<span>\n\t\t\t\t\t\t\t\t\t\t\t<i class=\"ep-plus-2\"><\/i>\n\t\t\t\t\t\t\t\t\t\t<\/span>\n\t\t\t\t\t\t\t\t\t\n\t\t\t\t\t\t\t\t\t\t\t\t\t\t\t<\/a>\n\t\t\t\t\t\t<\/div>\n\t\t\t\t\t\n\t\t\t\t\t\t\t\t\t<\/div>\n\t\t\t<\/div>\n\t\t<\/div>\n\t\t\t\t\t\t<\/div>\n\t\t\t\t\t\t\t<\/div>\n\n\t\t\n\t\t\t<div class=\"bdt-gallery-item bdt-transition-toggle\">\n\t\t\t\t<div class=\"bdt-advanced-image-gallery-inner bdt-image-mask\">\n\t\t\t\t\t<div class=\"bdt-gallery-thumbnail bdt-transition-toggle\">\n\t\t\t<img  src=\"https:\/\/proyectos.agenciaeben.com\/qgmi-sv\/wp-content\/uploads\/2021\/09\/accra-3-300x225.jpg\" alt=\"accra-3\" class=\"jgalleryImage\">\n\t\t<\/div>\t\t<div class=\"bdt-position-cover bdt-overlay bdt-overlay-default bdt-transition-fade\">\n\t\t\t<div class=\"bdt-advanced-image-gallery-content\">\n\t\t\t\t<div class=\"bdt-advanced-image-gallery-content-inner\">\n\t\t\t\t\n\t\t\t\t\t\t\t\t\t\t\t\t\t\t\t\t<div class=\"bdt-flex-inline bdt-gallery-item-link-wrapper\">\n\t\t\t\t\t\t\t<a class=\"bdt-gallery-item-link elementor-clickable icon-type-icon\" data-elementor-open-lightbox=\"no\" data-caption=\"\" href=\"https:\/\/proyectos.agenciaeben.com\/qgmi-sv\/wp-content\/uploads\/2021\/09\/accra-3.jpg\">\n\t\t\t\t\t\t\t\t\n\t\t\t\t\t\t\t\t\t\t\t\t\t\t\t\t\t\t\t<span>\n\t\t\t\t\t\t\t\t\t\t\t<i class=\"ep-plus-2\"><\/i>\n\t\t\t\t\t\t\t\t\t\t<\/span>\n\t\t\t\t\t\t\t\t\t\n\t\t\t\t\t\t\t\t\t\t\t\t\t\t\t<\/a>\n\t\t\t\t\t\t<\/div>\n\t\t\t\t\t\n\t\t\t\t\t\t\t\t\t<\/div>\n\t\t\t<\/div>\n\t\t<\/div>\n\t\t\t\t\t\t<\/div>\n\t\t\t\t\t\t\t<\/div>\n\n\t\t\n\t\t\t<div class=\"bdt-gallery-item bdt-transition-toggle\">\n\t\t\t\t<div class=\"bdt-advanced-image-gallery-inner bdt-image-mask\">\n\t\t\t\t\t<div class=\"bdt-gallery-thumbnail bdt-transition-toggle\">\n\t\t\t<img  src=\"https:\/\/proyectos.agenciaeben.com\/qgmi-sv\/wp-content\/uploads\/2021\/09\/accra-4-300x225.jpg\" alt=\"accra-4\" class=\"jgalleryImage\">\n\t\t<\/div>\t\t<div class=\"bdt-position-cover bdt-overlay bdt-overlay-default bdt-transition-fade\">\n\t\t\t<div class=\"bdt-advanced-image-gallery-content\">\n\t\t\t\t<div class=\"bdt-advanced-image-gallery-content-inner\">\n\t\t\t\t\n\t\t\t\t\t\t\t\t\t\t\t\t\t\t\t\t<div class=\"bdt-flex-inline bdt-gallery-item-link-wrapper\">\n\t\t\t\t\t\t\t<a class=\"bdt-gallery-item-link elementor-clickable icon-type-icon\" data-elementor-open-lightbox=\"no\" data-caption=\"\" href=\"https:\/\/proyectos.agenciaeben.com\/qgmi-sv\/wp-content\/uploads\/2021\/09\/accra-4.jpg\">\n\t\t\t\t\t\t\t\t\n\t\t\t\t\t\t\t\t\t\t\t\t\t\t\t\t\t\t\t<span>\n\t\t\t\t\t\t\t\t\t\t\t<i class=\"ep-plus-2\"><\/i>\n\t\t\t\t\t\t\t\t\t\t<\/span>\n\t\t\t\t\t\t\t\t\t\n\t\t\t\t\t\t\t\t\t\t\t\t\t\t\t<\/a>\n\t\t\t\t\t\t<\/div>\n\t\t\t\t\t\n\t\t\t\t\t\t\t\t\t<\/div>\n\t\t\t<\/div>\n\t\t<\/div>\n\t\t\t\t\t\t<\/div>\n\t\t\t\t\t\t\t<\/div>\n\n\t\t\t\t<\/div>\n\t\t\t\t<\/div>\n\t\t\t\t<\/div>\n\t\t\t\t<div class=\"elementor-element elementor-element-a6cfd4e elementor-aspect-ratio-169 elementor-widget elementor-widget-video\" data-id=\"a6cfd4e\" data-element_type=\"widget\" data-settings=\"{&quot;lightbox&quot;:&quot;yes&quot;,&quot;aspect_ratio&quot;:&quot;169&quot;}\" data-widget_type=\"video.default\">\n\t\t\t\t<div class=\"elementor-widget-container\">\n\t\t\t\t\t<div class=\"elementor-wrapper elementor-open-lightbox\">\n\t\t\t\t\t\t\t<div class=\"elementor-custom-embed-image-overlay\" data-elementor-open-lightbox=\"yes\" data-elementor-lightbox=\"{&quot;type&quot;:&quot;video&quot;,&quot;videoType&quot;:&quot;youtube&quot;,&quot;url&quot;:&quot;https:\\\/\\\/www.youtube-nocookie.com\\\/embed\\\/2KmmG9Ntt7w?feature=oembed&amp;start&amp;end&amp;wmode=opaque&amp;loop=0&amp;controls=1&amp;mute=0&amp;rel=0&amp;modestbranding=0&quot;,&quot;modalOptions&quot;:{&quot;id&quot;:&quot;elementor-lightbox-a6cfd4e&quot;,&quot;entranceAnimation&quot;:&quot;&quot;,&quot;entranceAnimation_tablet&quot;:&quot;&quot;,&quot;entranceAnimation_mobile&quot;:&quot;&quot;,&quot;videoAspectRatio&quot;:&quot;169&quot;}}\">\n\t\t\t\t\t\t\t\t\t\t\t<img width=\"560\" height=\"405\" src=\"https:\/\/proyectos.agenciaeben.com\/qgmi-sv\/wp-content\/uploads\/2021\/08\/cariango-video.jpg\" class=\"attachment-full size-full\" alt=\"\" loading=\"lazy\" srcset=\"https:\/\/proyectos.agenciaeben.com\/qgmi-sv\/wp-content\/uploads\/2021\/08\/cariango-video.jpg 560w, https:\/\/proyectos.agenciaeben.com\/qgmi-sv\/wp-content\/uploads\/2021\/08\/cariango-video-300x217.jpg 300w\" sizes=\"(max-width: 560px) 100vw, 560px\" \/>\t\t\t\t\t\t\t\t\t\t\t\t\t\t\t\t<div class=\"elementor-custom-embed-play\" role=\"button\">\n\t\t\t\t\t\t\t<i class=\"eicon-play\" aria-hidden=\"true\"><\/i>\n\t\t\t\t\t\t\t<span class=\"elementor-screen-only\">Play Video<\/span>\n\t\t\t\t\t\t<\/div>\n\t\t\t\t\t\t\t\t\t<\/div>\n\t\t\t\t\t<\/div>\n\t\t\t\t<\/div>\n\t\t\t\t<\/div>\n\t\t\t\t\t\t<\/div>\n\t\t\t\t\t<\/div>\n\t\t<\/div>\n\t\t\t\t<div class=\"elementor-column elementor-col-50 elementor-top-column elementor-element elementor-element-a6dc5a5\" data-id=\"a6dc5a5\" data-element_type=\"column\">\n\t\t\t<div class=\"elementor-column-wrap elementor-element-populated\">\n\t\t\t\t\t\t\t<div class=\"elementor-widget-wrap\">\n\t\t\t\t\t\t<div class=\"elementor-element elementor-element-b89e172 elementor-widget elementor-widget-heading\" data-id=\"b89e172\" data-element_type=\"widget\" data-widget_type=\"heading.default\">\n\t\t\t\t<div class=\"elementor-widget-container\">\n\t\t\t<h2 class=\"elementor-heading-title elementor-size-default\">PROJEKTMOTIVERING\n<\/h2>\t\t<\/div>\n\t\t\t\t<\/div>\n\t\t\t\t<div class=\"elementor-element elementor-element-80d4351 elementor-widget elementor-widget-bdt-advanced-divider\" data-id=\"80d4351\" data-element_type=\"widget\" data-widget_type=\"bdt-advanced-divider.default\">\n\t\t\t\t<div class=\"elementor-widget-container\">\n\t\t\t        <div class=\"bdt-advanced-divider\" data-settings=\"[]\">\n\n\t\t\t                <img src=\"https:\/\/proyectos.agenciaeben.com\/qgmi-sv\/wp-content\/plugins\/bdthemes-element-pack\/assets\/images\/divider\/line.svg\" alt=\"advanced divider\" class=\"ep_square\">\n\t\t\t\n        <\/div>\n\n\t\t\t\t<\/div>\n\t\t\t\t<\/div>\n\t\t\t\t<div class=\"elementor-element elementor-element-bbd496b elementor-widget elementor-widget-text-editor\" data-id=\"bbd496b\" data-element_type=\"widget\" data-widget_type=\"text-editor.default\">\n\t\t\t\t<div class=\"elementor-widget-container\">\n\t\t\t\t\t<div class=\"elementor-text-editor elementor-clearfix\"><p>Regionen Greater Accra i Ghana v\u00e4xer med 4 % per \u00e5r och det inneb\u00e4r att befolkningen kommer att f\u00f6rdubblas p\u00e5 16 \u00e5r. Expanderingen har gjort det sv\u00e5rt f\u00f6r de lokala myndigheterna att m\u00f6ta inv\u00e5narnas krav p\u00e5 service. Trafiken i Accra k\u00e4nnetecknas av l\u00e5nga k\u00f6er, av att \u00e5tg\u00e4rder f\u00f6r att hantera trafikproblemen inte genomf\u00f6rs ordentligt och av otillr\u00e4ckliga l\u00f6sningar f\u00f6r fotg\u00e4ngare och cyklister, vilket resulterar i ett stort antal olyckor. <\/p><p>Projektet Gatorna i Accra syftar till att g\u00f6ra ny bel\u00e4ggning p\u00e5 cirka 120 km av v\u00e4garna i huvudstaden Accra f\u00f6r att f\u00f6rb\u00e4ttra k\u00f6rf\u00f6rh\u00e5llandena och underl\u00e4tta trafikfl\u00f6det genom att \u00e5tg\u00e4rda utvalda gator som \u00e4r i d\u00e5ligt skick, f\u00f6rb\u00e4ttra trafiken och livskvaliteten i Accras storstadsomr\u00e5de.<\/p><\/div>\n\t\t\t\t<\/div>\n\t\t\t\t<\/div>\n\t\t\t\t<div class=\"elementor-element elementor-element-9defd7a elementor-widget elementor-widget-bdt-accordion\" data-id=\"9defd7a\" data-element_type=\"widget\" data-widget_type=\"bdt-accordion.default\">\n\t\t\t\t<div class=\"elementor-widget-container\">\n\t\t\t      <div class=\"bdt-accordion-container\">\r\n        <div id=\"bdt-accordion-9defd7a\" class=\"bdt-accordion\" bdt-accordion=\"{&quot;collapsible&quot;:true,&quot;multiple&quot;:false,&quot;transition&quot;:&quot;ease-in-out&quot;}\" data-settings=\"{&quot;id&quot;:&quot;bdt-accordion-9defd7a&quot;,&quot;activeHash&quot;:&quot;no&quot;,&quot;activeScrollspy&quot;:null,&quot;hashTopOffset&quot;:null,&quot;hashScrollspyTime&quot;:null}\">\r\n                      <div class=\"bdt-accordion-item\">\r\n            <div \r\n                class=\"bdt-accordion-title bdt-flex bdt-flex-middle bdt-flex-between\"                id=\"bdt-accordion-arbetets-omfattning\" \r\n                data-accordion-index=\"0\" \r\n                data-title=\"arbetets-omfattning\" >\r\n\r\n                              <span class=\"bdt-accordion-icon bdt-flex-align-right\"\r\n                      aria-hidden=\"true\">\r\n\r\n\t\t\t\t                  <span class=\"bdt-accordion-icon-closed\">\r\n\t\t\t\t\t\t<i aria-hidden=\"true\" class=\"fa-fw fas fa-plus\"><\/i>\t\t\t\t\t\t<\/span>\r\n                \r\n                                          <span class=\"bdt-accordion-icon-opened\">\r\n\t\t\t\t\t\t\t\t\t<i aria-hidden=\"true\" class=\"fa-fw fas fa-minus\"><\/i>\t\t\t\t\t\t\t\t\t<\/span>\r\n                    \r\n\t\t\t\t\t\t\t<\/span>\r\n                            ARBETETS OMFATTNING\r\n          <\/div>\r\n          <div class=\"bdt-accordion-content\">\r\n              F\u00f6ljande ing\u00e5r i QGMI:s uppdrag:\n<ul>\n \t<li>Asfaltering och ny bel\u00e4ggning p\u00e5 v\u00e4gar i Accra, inklusive dr\u00e4nering, omlokalisering av infrastruktur f\u00f6r allm\u00e4nnyttiga tj\u00e4nster samt v\u00e5gr\u00e4t montering av trafikljus p\u00e5 utvalda gator enligt kundens \u00f6nskem\u00e5l.<\/li>\n<\/ul>          <\/div>\r\n        <\/div>\r\n                    <div class=\"bdt-accordion-item\">\r\n            <div \r\n                class=\"bdt-accordion-title bdt-flex bdt-flex-middle bdt-flex-between\"                id=\"bdt-accordion-hllbarhet\" \r\n                data-accordion-index=\"1\" \r\n                data-title=\"h-llbarhet\" >\r\n\r\n                              <span class=\"bdt-accordion-icon bdt-flex-align-right\"\r\n                      aria-hidden=\"true\">\r\n\r\n\t\t\t\t                  <span class=\"bdt-accordion-icon-closed\">\r\n\t\t\t\t\t\t<i aria-hidden=\"true\" class=\"fa-fw fas fa-plus\"><\/i>\t\t\t\t\t\t<\/span>\r\n                \r\n                                          <span class=\"bdt-accordion-icon-opened\">\r\n\t\t\t\t\t\t\t\t\t<i aria-hidden=\"true\" class=\"fa-fw fas fa-minus\"><\/i>\t\t\t\t\t\t\t\t\t<\/span>\r\n                    \r\n\t\t\t\t\t\t\t<\/span>\r\n                            H\u00c5LLBARHET\r\n          <\/div>\r\n          <div class=\"bdt-accordion-content\">\r\n              <p>V\u00e4gar rustas upp i enlighet med IFC: s Performance Standards f\u00f6r milj\u00f6 och sociala \u00e4ndam\u00e5l. Projektet f\u00f6rv\u00e4ntas leda till l\u00e4gre bullerniv\u00e5er och mindre avgaser tack vare b\u00e4ttre trafikfl\u00f6de och mindre tr\u00e4ngsel, dvs kortare k\u00f6er. <\/p>          <\/div>\r\n        <\/div>\r\n                <\/div>\r\n      <\/div>\r\n        \t\t<\/div>\n\t\t\t\t<\/div>\n\t\t\t\t\t\t<\/div>\n\t\t\t\t\t<\/div>\n\t\t<\/div>\n\t\t\t\t\t\t\t\t<\/div>\n\t\t\t\t\t<\/div>\n\t\t<\/section>\n\t\t\t\t<section class=\"elementor-section elementor-top-section elementor-element elementor-element-4ae28b5 elementor-section-boxed elementor-section-height-default elementor-section-height-default\" data-id=\"4ae28b5\" data-element_type=\"section\">\n\t\t\t\t\t\t<div class=\"elementor-container elementor-column-gap-default\">\n\t\t\t\t\t\t\t<div class=\"elementor-row\">\n\t\t\t\t\t<div class=\"elementor-column elementor-col-100 elementor-top-column elementor-element elementor-element-7537bc6\" data-id=\"7537bc6\" data-element_type=\"column\">\n\t\t\t<div class=\"elementor-column-wrap elementor-element-populated\">\n\t\t\t\t\t\t\t<div class=\"elementor-widget-wrap\">\n\t\t\t\t\t\t<div class=\"elementor-element elementor-element-d9d703c elementor-widget elementor-widget-spacer\" data-id=\"d9d703c\" data-element_type=\"widget\" data-widget_type=\"spacer.default\">\n\t\t\t\t<div class=\"elementor-widget-container\">\n\t\t\t\t\t<div class=\"elementor-spacer\">\n\t\t\t<div class=\"elementor-spacer-inner\"><\/div>\n\t\t<\/div>\n\t\t\t\t<\/div>\n\t\t\t\t<\/div>\n\t\t\t\t\t\t<\/div>\n\t\t\t\t\t<\/div>\n\t\t<\/div>\n\t\t\t\t\t\t\t\t<\/div>\n\t\t\t\t\t<\/div>\n\t\t<\/section>\n\t\t\t\t<section class=\"elementor-section elementor-top-section elementor-element elementor-element-7306c1c elementor-section-boxed elementor-section-height-default elementor-section-height-default\" data-id=\"7306c1c\" data-element_type=\"section\" data-settings=\"{&quot;background_background&quot;:&quot;classic&quot;}\">\n\t\t\t\t\t\t<div class=\"elementor-container elementor-column-gap-default\">\n\t\t\t\t\t\t\t<div class=\"elementor-row\">\n\t\t\t\t\t<div class=\"elementor-column elementor-col-100 elementor-top-column elementor-element elementor-element-739b0af\" data-id=\"739b0af\" data-element_type=\"column\">\n\t\t\t<div class=\"elementor-column-wrap elementor-element-populated\">\n\t\t\t\t\t\t\t<div class=\"elementor-widget-wrap\">\n\t\t\t\t\t\t<div class=\"elementor-element elementor-element-f3d5b0a elementor-widget elementor-widget-image\" data-id=\"f3d5b0a\" data-element_type=\"widget\" data-widget_type=\"image.default\">\n\t\t\t\t<div class=\"elementor-widget-container\">\n\t\t\t\t\t<div class=\"elementor-image\">\n\t\t\t\t\t\t\t\t\t\t<img width=\"102\" height=\"102\" src=\"https:\/\/proyectos.agenciaeben.com\/qgmi-sv\/wp-content\/uploads\/2021\/09\/icon-info-blue.png\" class=\"attachment-large size-large\" alt=\"\" loading=\"lazy\" \/>\t\t\t\t\t\t\t\t\t\t\t<\/div>\n\t\t\t\t<\/div>\n\t\t\t\t<\/div>\n\t\t\t\t<div class=\"elementor-element elementor-element-80ad74a elementor-widget elementor-widget-text-editor\" data-id=\"80ad74a\" data-element_type=\"widget\" data-widget_type=\"text-editor.default\">\n\t\t\t\t<div class=\"elementor-widget-container\">\n\t\t\t\t\t<div class=\"elementor-text-editor elementor-clearfix\"><p>F\u00f6r mer information om projektet,<br \/>kontakta oss via v\u00e5r sida Kontakta oss. <\/p><\/div>\n\t\t\t\t<\/div>\n\t\t\t\t<\/div>\n\t\t\t\t<div class=\"elementor-element elementor-element-9407aa8 elementor-align-center elementor-widget elementor-widget-bdt-advanced-button\" data-id=\"9407aa8\" data-element_type=\"widget\" data-widget_type=\"bdt-advanced-button.default\">\n\t\t\t\t<div class=\"elementor-widget-container\">\n\t\t\t\t\t<div class=\"bdt-ep-button-wrapper\">\n\t\t\t<a href=\"https:\/\/proyectos.agenciaeben.com\/qgmi-sv\/sv\/kontakta-oss\/\" class=\"bdt-ep-button bdt-ep-button-effect-a bdt-ep-button-size-sm\">\n\t\t\t\t\t\t<div class=\"bdt-ep-button-content-wrapper  \" data-text=\"Kontakta oss\">\n\t\t\t\t\t\t<div class=\"bdt-ep-button-text\">\n\n                <span class=\"avdbtn-text\">Kontakta oss<\/span>\n\n\t\t\t\t            <\/div>\n\n\t\t<\/div>\n\t\t\t\t\t<\/a>\n\t\t<\/div>\n\t\t\t\t<\/div>\n\t\t\t\t<\/div>\n\t\t\t\t\t\t<\/div>\n\t\t\t\t\t<\/div>\n\t\t<\/div>\n\t\t\t\t\t\t\t\t<\/div>\n\t\t\t\t\t<\/div>\n\t\t<\/section>\n\t\t\t\t\t\t<\/div>\n\t\t\t\t\t\t<\/div>\n\t\t\t\t\t<\/div>\n\t\t","protected":false},"excerpt":{"rendered":"<p>GATORNA I ACCRA GHANA PROJEKTMOTIVERING Regionen Greater Accra i Ghana v\u00e4xer med 4 % per \u00e5r och det inneb\u00e4r att befolkningen kommer att f\u00f6rdubblas p\u00e5 16 \u00e5r. Expanderingen har gjort det sv\u00e5rt f\u00f6r de lokala myndigheterna att m\u00f6ta inv\u00e5narnas krav p\u00e5 service. Trafiken i Accra k\u00e4nnetecknas av l\u00e5nga k\u00f6er, av att \u00e5tg\u00e4rder f\u00f6r att hantera &hellip;<\/p>\n<p class=\"read-more\"> <a class=\"\" href=\"https:\/\/proyectos.agenciaeben.com\/qgmi-sv\/sv\/projekt\/gatorna-i-accra\/\"> <span class=\"screen-reader-text\">Gatorna i Accra<\/span> Read More &raquo;<\/a><\/p>\n","protected":false},"author":1,"featured_media":0,"parent":1993,"menu_order":0,"comment_status":"closed","ping_status":"closed","template":"","meta":[],"_links":{"self":[{"href":"https:\/\/proyectos.agenciaeben.com\/qgmi-sv\/wp-json\/wp\/v2\/pages\/2093"}],"collection":[{"href":"https:\/\/proyectos.agenciaeben.com\/qgmi-sv\/wp-json\/wp\/v2\/pages"}],"about":[{"href":"https:\/\/proyectos.agenciaeben.com\/qgmi-sv\/wp-json\/wp\/v2\/types\/page"}],"author":[{"embeddable":true,"href":"https:\/\/proyectos.agenciaeben.com\/qgmi-sv\/wp-json\/wp\/v2\/users\/1"}],"replies":[{"embeddable":true,"href":"https:\/\/proyectos.agenciaeben.com\/qgmi-sv\/wp-json\/wp\/v2\/comments?post=2093"}],"version-history":[{"count":13,"href":"https:\/\/proyectos.agenciaeben.com\/qgmi-sv\/wp-json\/wp\/v2\/pages\/2093\/revisions"}],"predecessor-version":[{"id":2129,"href":"https:\/\/proyectos.agenciaeben.com\/qgmi-sv\/wp-json\/wp\/v2\/pages\/2093\/revisions\/2129"}],"up":[{"embeddable":true,"href":"https:\/\/proyectos.agenciaeben.com\/qgmi-sv\/wp-json\/wp\/v2\/pages\/1993"}],"wp:attachment":[{"href":"https:\/\/proyectos.agenciaeben.com\/qgmi-sv\/wp-json\/wp\/v2\/media?parent=2093"}],"curies":[{"name":"wp","href":"https:\/\/api.w.org\/{rel}","templated":true}]}}