

{"id":1946,"date":"2021-09-13T10:42:22","date_gmt":"2021-09-13T10:42:22","guid":{"rendered":"https:\/\/proyectos.agenciaeben.com\/qgmi-sv\/?page_id=1946"},"modified":"2021-09-13T10:51:01","modified_gmt":"2021-09-13T10:51:01","slug":"juridikt-meddelande-och-sekretesspolicy","status":"publish","type":"page","link":"https:\/\/proyectos.agenciaeben.com\/qgmi-sv\/sv\/juridikt-meddelande-och-sekretesspolicy\/","title":{"rendered":"Juridikt meddelande och sekretesspolicy"},"content":{"rendered":"\t\t<div data-elementor-type=\"wp-page\" data-elementor-id=\"1946\" class=\"elementor elementor-1946 elementor-977\" data-elementor-settings=\"[]\">\n\t\t\t\t\t\t<div class=\"elementor-inner\">\n\t\t\t\t\t\t\t<div class=\"elementor-section-wrap\">\n\t\t\t\t\t\t\t<section class=\"elementor-section elementor-top-section elementor-element elementor-element-68efb0f elementor-section-height-min-height elementor-section-content-middle elementor-section-boxed elementor-section-height-default elementor-section-items-middle\" data-id=\"68efb0f\" data-element_type=\"section\" data-settings=\"{&quot;background_background&quot;:&quot;classic&quot;}\">\n\t\t\t\t\t\t\t<div class=\"elementor-background-overlay\"><\/div>\n\t\t\t\t\t\t\t<div class=\"elementor-container elementor-column-gap-default\">\n\t\t\t\t\t\t\t<div class=\"elementor-row\">\n\t\t\t\t\t<div class=\"elementor-column elementor-col-100 elementor-top-column elementor-element elementor-element-0b9947b\" data-id=\"0b9947b\" data-element_type=\"column\">\n\t\t\t<div class=\"elementor-column-wrap elementor-element-populated\">\n\t\t\t\t\t\t\t<div class=\"elementor-widget-wrap\">\n\t\t\t\t\t\t<div class=\"elementor-element elementor-element-806660a elementor-widget elementor-widget-heading\" data-id=\"806660a\" data-element_type=\"widget\" data-widget_type=\"heading.default\">\n\t\t\t\t<div class=\"elementor-widget-container\">\n\t\t\t<h1 class=\"elementor-heading-title elementor-size-default\">JURIDISKT MEDDELANDE<br \/> OCH SEKRETESSPOLICY<\/h1>\t\t<\/div>\n\t\t\t\t<\/div>\n\t\t\t\t\t\t<\/div>\n\t\t\t\t\t<\/div>\n\t\t<\/div>\n\t\t\t\t\t\t\t\t<\/div>\n\t\t\t\t\t<\/div>\n\t\t<\/section>\n\t\t\t\t<section class=\"elementor-section elementor-top-section elementor-element elementor-element-404e4b5 elementor-section-boxed elementor-section-height-default elementor-section-height-default\" data-id=\"404e4b5\" data-element_type=\"section\">\n\t\t\t\t\t\t<div class=\"elementor-container elementor-column-gap-default\">\n\t\t\t\t\t\t\t<div class=\"elementor-row\">\n\t\t\t\t\t<div class=\"elementor-column elementor-col-100 elementor-top-column elementor-element elementor-element-8685f2e\" data-id=\"8685f2e\" data-element_type=\"column\">\n\t\t\t<div class=\"elementor-column-wrap elementor-element-populated\">\n\t\t\t\t\t\t\t<div class=\"elementor-widget-wrap\">\n\t\t\t\t\t\t<div class=\"elementor-element elementor-element-84b5ff9 elementor-widget elementor-widget-heading\" data-id=\"84b5ff9\" data-element_type=\"widget\" data-widget_type=\"heading.default\">\n\t\t\t\t<div class=\"elementor-widget-container\">\n\t\t\t<h3 class=\"elementor-heading-title elementor-size-default\">JURIDISKT MEDDELANDE<\/h3>\t\t<\/div>\n\t\t\t\t<\/div>\n\t\t\t\t<div class=\"elementor-element elementor-element-8d23138 elementor-widget elementor-widget-text-editor\" data-id=\"8d23138\" data-element_type=\"widget\" data-widget_type=\"text-editor.default\">\n\t\t\t\t<div class=\"elementor-widget-container\">\n\t\t\t\t\t<div class=\"elementor-text-editor elementor-clearfix\"><p>Anv\u00e4ndarens (&#8220;anv\u00e4ndaren&#8221;) \u00e5tkomst till QGMI Groups webbplats inneb\u00e4r fullst\u00e4ndigt godk\u00e4nnande och skyldighet f\u00f6r anv\u00e4ndaren att f\u00f6lja alla best\u00e4mmelser som fastst\u00e4lls i dessa villkor, samt best\u00e4mmelserna i det juridiska meddelandet, sekretesspolicyn och cookies-policyn. QGMI Group kan, ensidigt och utan f\u00f6reg\u00e5ende meddelande, \u00e4ndra villkoren p\u00e5 webbplatsen och\/eller valfri aspekt relaterad till inneh\u00e5llet p\u00e5 webbplatsen, samt de juridiska texterna, n\u00e4r s\u00e5 bed\u00f6ms l\u00e4mpligt. Anv\u00e4ndaren rekommenderas d\u00e4rf\u00f6r att noggrant l\u00e4sa alla villkor varje g\u00e5ng anv\u00e4ndaren avser surfa p\u00e5 webbplatsen.<\/p><p>QGMI Group \u00e4r ett konglomerat best\u00e5ende av f\u00f6ljande f\u00f6retag:<\/p><ul><li>QGMI Inversiones S.L<\/li><li>QGMI Construcciones e infraestructuras globales S.L.U.<\/li><li>QG Konstruktion GmbH<\/li><li>QG Konstruktion AB<\/li><li>QG Construction UK Ltd. <\/li><\/ul><\/div>\n\t\t\t\t<\/div>\n\t\t\t\t<\/div>\n\t\t\t\t\t\t<\/div>\n\t\t\t\t\t<\/div>\n\t\t<\/div>\n\t\t\t\t\t\t\t\t<\/div>\n\t\t\t\t\t<\/div>\n\t\t<\/section>\n\t\t\t\t<section class=\"elementor-section elementor-top-section elementor-element elementor-element-9f31283 elementor-section-boxed elementor-section-height-default elementor-section-height-default\" data-id=\"9f31283\" data-element_type=\"section\">\n\t\t\t\t\t\t<div class=\"elementor-container elementor-column-gap-default\">\n\t\t\t\t\t\t\t<div class=\"elementor-row\">\n\t\t\t\t\t<div class=\"elementor-column elementor-col-100 elementor-top-column elementor-element elementor-element-039e72b\" data-id=\"039e72b\" data-element_type=\"column\">\n\t\t\t<div class=\"elementor-column-wrap elementor-element-populated\">\n\t\t\t\t\t\t\t<div class=\"elementor-widget-wrap\">\n\t\t\t\t\t\t<div class=\"elementor-element elementor-element-41a7983 elementor-widget-divider--view-line elementor-widget elementor-widget-divider\" data-id=\"41a7983\" data-element_type=\"widget\" data-widget_type=\"divider.default\">\n\t\t\t\t<div class=\"elementor-widget-container\">\n\t\t\t\t\t<div class=\"elementor-divider\">\n\t\t\t<span class=\"elementor-divider-separator\">\n\t\t\t\t\t\t<\/span>\n\t\t<\/div>\n\t\t\t\t<\/div>\n\t\t\t\t<\/div>\n\t\t\t\t\t\t<\/div>\n\t\t\t\t\t<\/div>\n\t\t<\/div>\n\t\t\t\t\t\t\t\t<\/div>\n\t\t\t\t\t<\/div>\n\t\t<\/section>\n\t\t\t\t<section class=\"elementor-section elementor-top-section elementor-element elementor-element-4c41661 elementor-section-boxed elementor-section-height-default elementor-section-height-default\" data-id=\"4c41661\" data-element_type=\"section\">\n\t\t\t\t\t\t<div class=\"elementor-container elementor-column-gap-default\">\n\t\t\t\t\t\t\t<div class=\"elementor-row\">\n\t\t\t\t\t<div class=\"elementor-column elementor-col-100 elementor-top-column elementor-element elementor-element-d356a1c\" data-id=\"d356a1c\" data-element_type=\"column\">\n\t\t\t<div class=\"elementor-column-wrap elementor-element-populated\">\n\t\t\t\t\t\t\t<div class=\"elementor-widget-wrap\">\n\t\t\t\t\t\t<div class=\"elementor-element elementor-element-8301de8 elementor-widget elementor-widget-heading\" data-id=\"8301de8\" data-element_type=\"widget\" data-widget_type=\"heading.default\">\n\t\t\t\t<div class=\"elementor-widget-container\">\n\t\t\t<h3 class=\"elementor-heading-title elementor-size-default\">SEKRETESSPOLICY\n<\/h3>\t\t<\/div>\n\t\t\t\t<\/div>\n\t\t\t\t<div class=\"elementor-element elementor-element-c4de104 elementor-widget elementor-widget-text-editor\" data-id=\"c4de104\" data-element_type=\"widget\" data-widget_type=\"text-editor.default\">\n\t\t\t\t<div class=\"elementor-widget-container\">\n\t\t\t\t\t<div class=\"elementor-text-editor elementor-clearfix\"><p>Genom denna sekretesspolicy (&#8220;sekretesspolicyn&#8221;) regleras behandlingen av personuppgifter som tillhandah\u00e5lls av anv\u00e4ndare\/registrerade (&#8220;anv\u00e4ndaren&#8221; eller &#8220;anv\u00e4ndarna&#8221;) som bes\u00f6ker QGMI Groups webbplats.<\/p><p>Anv\u00e4ndare m\u00e5ste noggrant l\u00e4sa de h\u00e4r villkoren och p\u00e5 egen risk besluta om de vill dela sina personuppgifter med QGMI Group.<\/p><p>I enlighet med alla lokala lagar och f\u00f6rordningar som reglerar skydd och behandling av personuppgifter, s\u00e4rskilt Organic Act 3\/2018, daterad den 5 december och Europaparlamentets och r\u00e5dets f\u00f6rordning 2016\/67 daterad den 27 april 2016, informeras anv\u00e4ndarna om f\u00f6ljande aspekter: <\/p><\/div>\n\t\t\t\t<\/div>\n\t\t\t\t<\/div>\n\t\t\t\t\t\t<\/div>\n\t\t\t\t\t<\/div>\n\t\t<\/div>\n\t\t\t\t\t\t\t\t<\/div>\n\t\t\t\t\t<\/div>\n\t\t<\/section>\n\t\t\t\t<section class=\"elementor-section elementor-top-section elementor-element elementor-element-52623cc elementor-section-boxed elementor-section-height-default elementor-section-height-default\" data-id=\"52623cc\" data-element_type=\"section\">\n\t\t\t\t\t\t<div class=\"elementor-container elementor-column-gap-default\">\n\t\t\t\t\t\t\t<div class=\"elementor-row\">\n\t\t\t\t\t<div class=\"elementor-column elementor-col-100 elementor-top-column elementor-element elementor-element-ae1d118\" data-id=\"ae1d118\" data-element_type=\"column\">\n\t\t\t<div class=\"elementor-column-wrap elementor-element-populated\">\n\t\t\t\t\t\t\t<div class=\"elementor-widget-wrap\">\n\t\t\t\t\t\t<div class=\"elementor-element elementor-element-f723c54 elementor-widget elementor-widget-heading\" data-id=\"f723c54\" data-element_type=\"widget\" data-widget_type=\"heading.default\">\n\t\t\t\t<div class=\"elementor-widget-container\">\n\t\t\t<h3 class=\"elementor-heading-title elementor-size-default\">1. Personuppgiftsansvarig<\/h3>\t\t<\/div>\n\t\t\t\t<\/div>\n\t\t\t\t<div class=\"elementor-element elementor-element-8e02c17 elementor-widget elementor-widget-text-editor\" data-id=\"8e02c17\" data-element_type=\"widget\" data-widget_type=\"text-editor.default\">\n\t\t\t\t<div class=\"elementor-widget-container\">\n\t\t\t\t\t<div class=\"elementor-text-editor elementor-clearfix\"><p>Identifierande uppgifter:\u00a0QGMI Inversiones S.L\u00a0and\u00a0QGMI Construcciones e Infraestructuras Globales S.L.U., koncernens f\u00f6rvaltningsbolag, lagligen etablerat i Spanien.<\/p><p>Adress:\u00a0Calle Agust\u00edn de Betancourt, 25, Planta 1\u00aa, 28003 Madrid, Spanien.<br \/>Telefon: (+34 914) 531-600<br \/>Mejladress:\u00a0contacto@qgmic.com<\/p><p>Anv\u00e4ndaren kan kontakta QGMI f\u00f6r att l\u00f6sa eventuella problem ang\u00e5ende behandlingen av personuppgifter via mejladressen protecciondedatos@qgmic.com. <\/p><\/div>\n\t\t\t\t<\/div>\n\t\t\t\t<\/div>\n\t\t\t\t\t\t<\/div>\n\t\t\t\t\t<\/div>\n\t\t<\/div>\n\t\t\t\t\t\t\t\t<\/div>\n\t\t\t\t\t<\/div>\n\t\t<\/section>\n\t\t\t\t<section class=\"elementor-section elementor-top-section elementor-element elementor-element-e4e0d20 elementor-section-boxed elementor-section-height-default elementor-section-height-default\" data-id=\"e4e0d20\" data-element_type=\"section\">\n\t\t\t\t\t\t<div class=\"elementor-container elementor-column-gap-default\">\n\t\t\t\t\t\t\t<div class=\"elementor-row\">\n\t\t\t\t\t<div class=\"elementor-column elementor-col-100 elementor-top-column elementor-element elementor-element-a60df3c\" data-id=\"a60df3c\" data-element_type=\"column\">\n\t\t\t<div class=\"elementor-column-wrap elementor-element-populated\">\n\t\t\t\t\t\t\t<div class=\"elementor-widget-wrap\">\n\t\t\t\t\t\t<div class=\"elementor-element elementor-element-042c433 elementor-widget elementor-widget-heading\" data-id=\"042c433\" data-element_type=\"widget\" data-widget_type=\"heading.default\">\n\t\t\t\t<div class=\"elementor-widget-container\">\n\t\t\t<h3 class=\"elementor-heading-title elementor-size-default\">2. Insamlade uppgifter\n\n\n<\/h3>\t\t<\/div>\n\t\t\t\t<\/div>\n\t\t\t\t<div class=\"elementor-element elementor-element-422c2fc elementor-widget elementor-widget-text-editor\" data-id=\"422c2fc\" data-element_type=\"widget\" data-widget_type=\"text-editor.default\">\n\t\t\t\t<div class=\"elementor-widget-container\">\n\t\t\t\t\t<div class=\"elementor-text-editor elementor-clearfix\">F\u00f6r \u00e5tkomst, prenumeration eller registrering i n\u00e5gon av de tj\u00e4nster som erbjuds p\u00e5 QGMI Groups webbplats kan anv\u00e4ndaren uppmanas att tillhandah\u00e5lla sina personuppgifter. I s\u00e5dana fall m\u00e5ste uppgifter tillhandah\u00e5llas frivilligt och med anv\u00e4ndarens uttryckliga medgivande. F\u00f6r detta \u00e4ndam\u00e5l, om s\u00e5 \u00e4r n\u00f6dv\u00e4ndigt, och innan anv\u00e4ndaren \u00f6ppnar n\u00e5gra formul\u00e4r, ska anv\u00e4ndaren uttryckligen godk\u00e4nna villkoren i denna sekretesspolicy och d\u00e4rmed \u00e5tkomst till sina personuppgifter.\n\nD\u00e4rigenom s\u00e4kerst\u00e4ller anv\u00e4ndaren att den tillhandah\u00e5llna informationen \u00e4r:\n\nsanningsenlig, korrekt, fullst\u00e4ndig och aktuell. I detta avseende ska anv\u00e4ndaren h\u00e5llas fullst\u00e4ndigt ansvarig f\u00f6r riktigheten i de tillhandah\u00e5llna uppgifterna. Oaktat det ska anv\u00e4ndaren meddela QGMI om eventuella \u00e4ndringar av den tillhandah\u00e5llna informationen. Anv\u00e4ndaren \u00e4r ensam ansvarig f\u00f6r eventuell felaktig eller falsk information som delas via denna webb och f\u00f6r skada eller men, direkt eller indirekt, som detta kan orsaka QGMI Group.\n\nI h\u00e4ndelse av att n\u00e5gon tredje parts personuppgifter tillhandah\u00e5lls av anv\u00e4ndaren, ska anv\u00e4ndaren garantera n\u00f6dv\u00e4ndigt samtycke f\u00f6r att tillhandah\u00e5lla s\u00e5dan information, samt att tredje part har informerats korrekt om alla aspekter som ing\u00e5r i denna policy.\n\nAlla personuppgifter som tillhandah\u00e5lls av anv\u00e4ndarna ska registreras i en automatiserad personuppgiftsdatabas som innehas av QGMI Inversiones SL och QGMI Construcciones e Infraestructuras Globales SLU, som b\u00e5da \u00e4r koncernens f\u00f6rvaltningsbolag, lagligen etablerade i Spanien.\n\nQGMI:s insats \u00e4r att h\u00e5lla webbplatsen i g\u00e5ng och tillg\u00e4nglig f\u00f6r anv\u00e4ndaren. QGMI ansvarar dock inte f\u00f6r att webbplatsen tillf\u00e4lligt \u00e4r otillg\u00e4nglig p\u00e5 grund av tekniska problem som ligger utanf\u00f6r v\u00e5r kontroll. <\/div>\n\t\t\t\t<\/div>\n\t\t\t\t<\/div>\n\t\t\t\t\t\t<\/div>\n\t\t\t\t\t<\/div>\n\t\t<\/div>\n\t\t\t\t\t\t\t\t<\/div>\n\t\t\t\t\t<\/div>\n\t\t<\/section>\n\t\t\t\t<section class=\"elementor-section elementor-top-section elementor-element elementor-element-c5a4388 elementor-section-boxed elementor-section-height-default elementor-section-height-default\" data-id=\"c5a4388\" data-element_type=\"section\">\n\t\t\t\t\t\t<div class=\"elementor-container elementor-column-gap-default\">\n\t\t\t\t\t\t\t<div class=\"elementor-row\">\n\t\t\t\t\t<div class=\"elementor-column elementor-col-100 elementor-top-column elementor-element elementor-element-6e5937b\" data-id=\"6e5937b\" data-element_type=\"column\">\n\t\t\t<div class=\"elementor-column-wrap elementor-element-populated\">\n\t\t\t\t\t\t\t<div class=\"elementor-widget-wrap\">\n\t\t\t\t\t\t<div class=\"elementor-element elementor-element-7e11035 elementor-widget elementor-widget-heading\" data-id=\"7e11035\" data-element_type=\"widget\" data-widget_type=\"heading.default\">\n\t\t\t\t<div class=\"elementor-widget-container\">\n\t\t\t<h3 class=\"elementor-heading-title elementor-size-default\">3. Syfte med databehandlingen\n\n<\/h3>\t\t<\/div>\n\t\t\t\t<\/div>\n\t\t\t\t<div class=\"elementor-element elementor-element-3644e7e elementor-widget elementor-widget-text-editor\" data-id=\"3644e7e\" data-element_type=\"widget\" data-widget_type=\"text-editor.default\">\n\t\t\t\t<div class=\"elementor-widget-container\">\n\t\t\t\t\t<div class=\"elementor-text-editor elementor-clearfix\"><p>Personuppgifter samlas in f\u00f6r f\u00f6ljande \u00e4ndam\u00e5l:<\/p><p><strong>a)<\/strong> F\u00f6r att f\u00f6rb\u00e4ttra hanteringen och administrationen av de tj\u00e4nster som tillhandah\u00e5lls genom att anpassa dem efter anv\u00e4ndarens \u00f6nskem\u00e5l,<br \/><strong>b)<\/strong> F\u00f6r att tillhandah\u00e5lla information om v\u00e5ra tj\u00e4nster,<br \/><strong>c)<\/strong> I f\u00f6rekommande fall, f\u00f6r att hantera urvalsprocessen och CV som mottagits via portalen &#8220;Arbeta med oss&#8221;,<br \/><strong>d)<\/strong> F\u00f6r att svara p\u00e5 den information som beg\u00e4rs med tillg\u00e4ngliga medel,<br \/><strong>e)<\/strong> F\u00f6r att hantera de rapporter som gjorts, oavsett om det \u00e4r klagom\u00e5l, missn\u00f6je, f\u00f6rslag, komplimanger eller ut\u00f6vande av ARCO-r\u00e4ttigheter. <\/p><\/div>\n\t\t\t\t<\/div>\n\t\t\t\t<\/div>\n\t\t\t\t\t\t<\/div>\n\t\t\t\t\t<\/div>\n\t\t<\/div>\n\t\t\t\t\t\t\t\t<\/div>\n\t\t\t\t\t<\/div>\n\t\t<\/section>\n\t\t\t\t<section class=\"elementor-section elementor-top-section elementor-element elementor-element-7c6aa0a elementor-section-boxed elementor-section-height-default elementor-section-height-default\" data-id=\"7c6aa0a\" data-element_type=\"section\">\n\t\t\t\t\t\t<div class=\"elementor-container elementor-column-gap-default\">\n\t\t\t\t\t\t\t<div class=\"elementor-row\">\n\t\t\t\t\t<div class=\"elementor-column elementor-col-100 elementor-top-column elementor-element elementor-element-de3d948\" data-id=\"de3d948\" data-element_type=\"column\">\n\t\t\t<div class=\"elementor-column-wrap elementor-element-populated\">\n\t\t\t\t\t\t\t<div class=\"elementor-widget-wrap\">\n\t\t\t\t\t\t<div class=\"elementor-element elementor-element-8f665e8 elementor-widget elementor-widget-heading\" data-id=\"8f665e8\" data-element_type=\"widget\" data-widget_type=\"heading.default\">\n\t\t\t\t<div class=\"elementor-widget-container\">\n\t\t\t<h3 class=\"elementor-heading-title elementor-size-default\">4. R\u00e4ttslig grund\n\n\n<\/h3>\t\t<\/div>\n\t\t\t\t<\/div>\n\t\t\t\t<div class=\"elementor-element elementor-element-6a3cd1e elementor-widget elementor-widget-text-editor\" data-id=\"6a3cd1e\" data-element_type=\"widget\" data-widget_type=\"text-editor.default\">\n\t\t\t\t<div class=\"elementor-widget-container\">\n\t\t\t\t\t<div class=\"elementor-text-editor elementor-clearfix\"><p>Den r\u00e4ttsliga grunden f\u00f6r behandlingen \u00e4r:<br \/>Anv\u00e4ndarens uttryckliga samtycke till formul\u00e4rens villkor &#8211; n\u00e4r det \u00e4r till\u00e4mpbart. <\/p><\/div>\n\t\t\t\t<\/div>\n\t\t\t\t<\/div>\n\t\t\t\t\t\t<\/div>\n\t\t\t\t\t<\/div>\n\t\t<\/div>\n\t\t\t\t\t\t\t\t<\/div>\n\t\t\t\t\t<\/div>\n\t\t<\/section>\n\t\t\t\t<section class=\"elementor-section elementor-top-section elementor-element elementor-element-28ba7a5 elementor-section-boxed elementor-section-height-default elementor-section-height-default\" data-id=\"28ba7a5\" data-element_type=\"section\">\n\t\t\t\t\t\t<div class=\"elementor-container elementor-column-gap-default\">\n\t\t\t\t\t\t\t<div class=\"elementor-row\">\n\t\t\t\t\t<div class=\"elementor-column elementor-col-100 elementor-top-column elementor-element elementor-element-f4e85ae\" data-id=\"f4e85ae\" data-element_type=\"column\">\n\t\t\t<div class=\"elementor-column-wrap elementor-element-populated\">\n\t\t\t\t\t\t\t<div class=\"elementor-widget-wrap\">\n\t\t\t\t\t\t<div class=\"elementor-element elementor-element-9bbbf58 elementor-widget elementor-widget-heading\" data-id=\"9bbbf58\" data-element_type=\"widget\" data-widget_type=\"heading.default\">\n\t\t\t\t<div class=\"elementor-widget-container\">\n\t\t\t<h3 class=\"elementor-heading-title elementor-size-default\">5. Lagringsperiod f\u00f6r personuppgifter\n\n<\/h3>\t\t<\/div>\n\t\t\t\t<\/div>\n\t\t\t\t<div class=\"elementor-element elementor-element-2ac56ed elementor-widget elementor-widget-text-editor\" data-id=\"2ac56ed\" data-element_type=\"widget\" data-widget_type=\"text-editor.default\">\n\t\t\t\t<div class=\"elementor-widget-container\">\n\t\t\t\t\t<div class=\"elementor-text-editor elementor-clearfix\"><p>De insamlade uppgifterna kommer att behandlas under den period som kr\u00e4vs f\u00f6r att s\u00e4kerst\u00e4lla att syftet med insamlingen uppfylls, f\u00f6rutom n\u00e4r anv\u00e4ndaren ut\u00f6var sina ARCO-r\u00e4ttigheter. <\/p><\/div>\n\t\t\t\t<\/div>\n\t\t\t\t<\/div>\n\t\t\t\t\t\t<\/div>\n\t\t\t\t\t<\/div>\n\t\t<\/div>\n\t\t\t\t\t\t\t\t<\/div>\n\t\t\t\t\t<\/div>\n\t\t<\/section>\n\t\t\t\t<section class=\"elementor-section elementor-top-section elementor-element elementor-element-443f397 elementor-section-boxed elementor-section-height-default elementor-section-height-default\" data-id=\"443f397\" data-element_type=\"section\">\n\t\t\t\t\t\t<div class=\"elementor-container elementor-column-gap-default\">\n\t\t\t\t\t\t\t<div class=\"elementor-row\">\n\t\t\t\t\t<div class=\"elementor-column elementor-col-100 elementor-top-column elementor-element elementor-element-d80a8f2\" data-id=\"d80a8f2\" data-element_type=\"column\">\n\t\t\t<div class=\"elementor-column-wrap elementor-element-populated\">\n\t\t\t\t\t\t\t<div class=\"elementor-widget-wrap\">\n\t\t\t\t\t\t<div class=\"elementor-element elementor-element-52ddcf9 elementor-widget elementor-widget-heading\" data-id=\"52ddcf9\" data-element_type=\"widget\" data-widget_type=\"heading.default\">\n\t\t\t\t<div class=\"elementor-widget-container\">\n\t\t\t<h3 class=\"elementor-heading-title elementor-size-default\">6. Datakommunikation<\/h3>\t\t<\/div>\n\t\t\t\t<\/div>\n\t\t\t\t<div class=\"elementor-element elementor-element-0a9db7a elementor-widget elementor-widget-text-editor\" data-id=\"0a9db7a\" data-element_type=\"widget\" data-widget_type=\"text-editor.default\">\n\t\t\t\t<div class=\"elementor-widget-container\">\n\t\t\t\t\t<div class=\"elementor-text-editor elementor-clearfix\"><p>Uppgifterna som tillhandah\u00e5lls ska endast anv\u00e4ndas av de f\u00f6retag som utg\u00f6r QGMI Group. Det finns ingen avsikt att \u00f6verf\u00f6ra uppgifter till tredje part &#8211; observera att data kan \u00f6verf\u00f6ras mellan f\u00f6retag som ing\u00e5r i QGMI Group, som alla finns identifierade i det juridiska meddelande d\u00e4r denna policy ing\u00e5r. Om \u00f6verf\u00f6ringen till tredje part \u00e4r n\u00f6dv\u00e4ndig f\u00f6r att tillhandah\u00e5lla en viss tj\u00e4nst ska anv\u00e4ndaren informeras formellt om det och dennes uttryckliga medgivande ska d\u00e5 kr\u00e4vas. <\/p><\/div>\n\t\t\t\t<\/div>\n\t\t\t\t<\/div>\n\t\t\t\t\t\t<\/div>\n\t\t\t\t\t<\/div>\n\t\t<\/div>\n\t\t\t\t\t\t\t\t<\/div>\n\t\t\t\t\t<\/div>\n\t\t<\/section>\n\t\t\t\t<section class=\"elementor-section elementor-top-section elementor-element elementor-element-0dcf1f4 elementor-section-boxed elementor-section-height-default elementor-section-height-default\" data-id=\"0dcf1f4\" data-element_type=\"section\">\n\t\t\t\t\t\t<div class=\"elementor-container elementor-column-gap-default\">\n\t\t\t\t\t\t\t<div class=\"elementor-row\">\n\t\t\t\t\t<div class=\"elementor-column elementor-col-100 elementor-top-column elementor-element elementor-element-7f6a85d\" data-id=\"7f6a85d\" data-element_type=\"column\">\n\t\t\t<div class=\"elementor-column-wrap elementor-element-populated\">\n\t\t\t\t\t\t\t<div class=\"elementor-widget-wrap\">\n\t\t\t\t\t\t<div class=\"elementor-element elementor-element-d5419d1 elementor-widget elementor-widget-heading\" data-id=\"d5419d1\" data-element_type=\"widget\" data-widget_type=\"heading.default\">\n\t\t\t\t<div class=\"elementor-widget-container\">\n\t\t\t<h3 class=\"elementor-heading-title elementor-size-default\">7. Ut\u00f6vande av ARCO-r\u00e4ttigheter<\/h3>\t\t<\/div>\n\t\t\t\t<\/div>\n\t\t\t\t<div class=\"elementor-element elementor-element-f40da4f elementor-widget elementor-widget-text-editor\" data-id=\"f40da4f\" data-element_type=\"widget\" data-widget_type=\"text-editor.default\">\n\t\t\t\t<div class=\"elementor-widget-container\">\n\t\t\t\t\t<div class=\"elementor-text-editor elementor-clearfix\"><p>Anv\u00e4ndaren kan ut\u00f6va sina ARCO-r\u00e4ttigheter, n\u00e4mligen att f\u00e5 tillg\u00e5ng till, att korrigera, att radera (\u201dr\u00e4tten att bli bortgl\u00f6md\u201d), att begr\u00e4nsa processen, r\u00e4tt till dataportabilitet och att komma med inv\u00e4ndningar, i enlighet med lagen.<\/p><p>F\u00f6r att ut\u00f6va dessa r\u00e4ttigheter kan den intresserade personen kontakta QGMI via f\u00f6ljande:<\/p><p>Mejladress:\u00a0protecciondedatos@qgmic.com<br \/>Adress:\u00a0Calle Agust\u00edn de Betancourt, 25, Planta 1\u00aa, 28003 Madrid, Spanien.<\/p><p>Genom att g\u00f6ra det kan anv\u00e4ndaren\/den registrerade \u00e5terkalla det beviljade samtycket genom att l\u00e4mna in en beg\u00e4ran till tillsynsmyndigheten (spanska dataskyddsbyr\u00e5n www.aepd.es). <\/p><\/div>\n\t\t\t\t<\/div>\n\t\t\t\t<\/div>\n\t\t\t\t\t\t<\/div>\n\t\t\t\t\t<\/div>\n\t\t<\/div>\n\t\t\t\t\t\t\t\t<\/div>\n\t\t\t\t\t<\/div>\n\t\t<\/section>\n\t\t\t\t<section class=\"elementor-section elementor-top-section elementor-element elementor-element-4ae28b5 elementor-section-boxed elementor-section-height-default elementor-section-height-default\" data-id=\"4ae28b5\" data-element_type=\"section\">\n\t\t\t\t\t\t<div class=\"elementor-container elementor-column-gap-default\">\n\t\t\t\t\t\t\t<div class=\"elementor-row\">\n\t\t\t\t\t<div class=\"elementor-column elementor-col-100 elementor-top-column elementor-element elementor-element-7537bc6\" data-id=\"7537bc6\" data-element_type=\"column\">\n\t\t\t<div class=\"elementor-column-wrap elementor-element-populated\">\n\t\t\t\t\t\t\t<div class=\"elementor-widget-wrap\">\n\t\t\t\t\t\t<div class=\"elementor-element elementor-element-d9d703c elementor-widget elementor-widget-spacer\" data-id=\"d9d703c\" data-element_type=\"widget\" data-widget_type=\"spacer.default\">\n\t\t\t\t<div class=\"elementor-widget-container\">\n\t\t\t\t\t<div class=\"elementor-spacer\">\n\t\t\t<div class=\"elementor-spacer-inner\"><\/div>\n\t\t<\/div>\n\t\t\t\t<\/div>\n\t\t\t\t<\/div>\n\t\t\t\t\t\t<\/div>\n\t\t\t\t\t<\/div>\n\t\t<\/div>\n\t\t\t\t\t\t\t\t<\/div>\n\t\t\t\t\t<\/div>\n\t\t<\/section>\n\t\t\t\t\t\t<\/div>\n\t\t\t\t\t\t<\/div>\n\t\t\t\t\t<\/div>\n\t\t","protected":false},"excerpt":{"rendered":"<p>JURIDISKT MEDDELANDE OCH SEKRETESSPOLICY JURIDISKT MEDDELANDE Anv\u00e4ndarens (&#8220;anv\u00e4ndaren&#8221;) \u00e5tkomst till QGMI Groups webbplats inneb\u00e4r fullst\u00e4ndigt godk\u00e4nnande och skyldighet f\u00f6r anv\u00e4ndaren att f\u00f6lja alla best\u00e4mmelser som fastst\u00e4lls i dessa villkor, samt best\u00e4mmelserna i det juridiska meddelandet, sekretesspolicyn och cookies-policyn. QGMI Group kan, ensidigt och utan f\u00f6reg\u00e5ende meddelande, \u00e4ndra villkoren p\u00e5 webbplatsen och\/eller valfri aspekt relaterad till &hellip;<\/p>\n<p class=\"read-more\"> <a class=\"\" href=\"https:\/\/proyectos.agenciaeben.com\/qgmi-sv\/sv\/juridikt-meddelande-och-sekretesspolicy\/\"> <span class=\"screen-reader-text\">Juridikt meddelande och sekretesspolicy<\/span> Read More &raquo;<\/a><\/p>\n","protected":false},"author":1,"featured_media":0,"parent":0,"menu_order":0,"comment_status":"closed","ping_status":"closed","template":"","meta":[],"_links":{"self":[{"href":"https:\/\/proyectos.agenciaeben.com\/qgmi-sv\/wp-json\/wp\/v2\/pages\/1946"}],"collection":[{"href":"https:\/\/proyectos.agenciaeben.com\/qgmi-sv\/wp-json\/wp\/v2\/pages"}],"about":[{"href":"https:\/\/proyectos.agenciaeben.com\/qgmi-sv\/wp-json\/wp\/v2\/types\/page"}],"author":[{"embeddable":true,"href":"https:\/\/proyectos.agenciaeben.com\/qgmi-sv\/wp-json\/wp\/v2\/users\/1"}],"replies":[{"embeddable":true,"href":"https:\/\/proyectos.agenciaeben.com\/qgmi-sv\/wp-json\/wp\/v2\/comments?post=1946"}],"version-history":[{"count":10,"href":"https:\/\/proyectos.agenciaeben.com\/qgmi-sv\/wp-json\/wp\/v2\/pages\/1946\/revisions"}],"predecessor-version":[{"id":1956,"href":"https:\/\/proyectos.agenciaeben.com\/qgmi-sv\/wp-json\/wp\/v2\/pages\/1946\/revisions\/1956"}],"wp:attachment":[{"href":"https:\/\/proyectos.agenciaeben.com\/qgmi-sv\/wp-json\/wp\/v2\/media?parent=1946"}],"curies":[{"name":"wp","href":"https:\/\/api.w.org\/{rel}","templated":true}]}}