

{"id":3432,"date":"2021-06-25T09:19:13","date_gmt":"2021-06-25T09:19:13","guid":{"rendered":"https:\/\/proyectos.agenciaeben.com\/qgmi-corp\/?page_id=3432"},"modified":"2021-06-25T09:20:08","modified_gmt":"2021-06-25T09:20:08","slug":"trabalhe","status":"publish","type":"page","link":"https:\/\/proyectos.agenciaeben.com\/qgmi-corp\/pt-pt\/trabalhe\/","title":{"rendered":"Trabalhe"},"content":{"rendered":"\t\t<div data-elementor-type=\"wp-page\" data-elementor-id=\"3432\" class=\"elementor elementor-3432 elementor-1506\" data-elementor-settings=\"[]\">\n\t\t\t\t\t\t<div class=\"elementor-inner\">\n\t\t\t\t\t\t\t<div class=\"elementor-section-wrap\">\n\t\t\t\t\t\t\t<section class=\"elementor-section elementor-top-section elementor-element elementor-element-1fec4640 elementor-section-height-min-height elementor-section-content-middle elementor-section-boxed elementor-section-height-default elementor-section-items-middle\" data-id=\"1fec4640\" data-element_type=\"section\" data-settings=\"{&quot;background_background&quot;:&quot;classic&quot;}\">\n\t\t\t\t\t\t\t<div class=\"elementor-background-overlay\"><\/div>\n\t\t\t\t\t\t\t<div class=\"elementor-container elementor-column-gap-default\">\n\t\t\t\t\t\t\t<div class=\"elementor-row\">\n\t\t\t\t\t<div class=\"elementor-column elementor-col-100 elementor-top-column elementor-element elementor-element-4774f9ae\" data-id=\"4774f9ae\" data-element_type=\"column\">\n\t\t\t<div class=\"elementor-column-wrap elementor-element-populated\">\n\t\t\t\t\t\t\t<div class=\"elementor-widget-wrap\">\n\t\t\t\t\t\t<div class=\"elementor-element elementor-element-38f18cf6 elementor-widget elementor-widget-heading\" data-id=\"38f18cf6\" data-element_type=\"widget\" data-widget_type=\"heading.default\">\n\t\t\t\t<div class=\"elementor-widget-container\">\n\t\t\t<h1 class=\"elementor-heading-title elementor-size-default\">TRABALHE CONNOSCO \n<\/h1>\t\t<\/div>\n\t\t\t\t<\/div>\n\t\t\t\t\t\t<\/div>\n\t\t\t\t\t<\/div>\n\t\t<\/div>\n\t\t\t\t\t\t\t\t<\/div>\n\t\t\t\t\t<\/div>\n\t\t<\/section>\n\t\t\t\t<section class=\"elementor-section elementor-top-section elementor-element elementor-element-f61716e elementor-section-boxed elementor-section-height-default elementor-section-height-default\" data-id=\"f61716e\" data-element_type=\"section\">\n\t\t\t\t\t\t<div class=\"elementor-container elementor-column-gap-default\">\n\t\t\t\t\t\t\t<div class=\"elementor-row\">\n\t\t\t\t\t<div class=\"elementor-column elementor-col-50 elementor-top-column elementor-element elementor-element-45da3d5\" data-id=\"45da3d5\" data-element_type=\"column\">\n\t\t\t<div class=\"elementor-column-wrap elementor-element-populated\">\n\t\t\t\t\t\t\t<div class=\"elementor-widget-wrap\">\n\t\t\t\t\t\t<div class=\"elementor-element elementor-element-de507db elementor-widget elementor-widget-text-editor\" data-id=\"de507db\" data-element_type=\"widget\" data-widget_type=\"text-editor.default\">\n\t\t\t\t<div class=\"elementor-widget-container\">\n\t\t\t\t\t<div class=\"elementor-text-editor elementor-clearfix\"><p>Se estiver interessado em trabalhar para a QGMI, pode enviar-nos o seu CV e preencher o formul\u00e1rio abaixo.<\/p><p>O facto de nos enviar o seu CV n\u00e3o garante que seja convidado para uma entrevista, que lhe seja oferecido um emprego ou que a QGMI o contacte, mas as suas informa\u00e7\u00f5es de contacto aqui registadas podem ser utilizadas quando procurarmos candidatos para preencher novas vagas. Assim, ao registar-se, aceita que a QGMI e outras empresas do Grupo QGMI possam entrar em contacto consigo sobre poss\u00edveis oportunidades de emprego. Recomendamos-lhe que leia a nossa Pol\u00edtica de Privacidade aqui. <\/p><\/div>\n\t\t\t\t<\/div>\n\t\t\t\t<\/div>\n\t\t\t\t\t\t<\/div>\n\t\t\t\t\t<\/div>\n\t\t<\/div>\n\t\t\t\t<div class=\"elementor-column elementor-col-50 elementor-top-column elementor-element elementor-element-42c3606\" data-id=\"42c3606\" data-element_type=\"column\">\n\t\t\t<div class=\"elementor-column-wrap elementor-element-populated\">\n\t\t\t\t\t\t\t<div class=\"elementor-widget-wrap\">\n\t\t\t\t\t\t<div class=\"elementor-element elementor-element-91b46cb bdt-gravity-form-button-custom elementor-widget elementor-widget-bdt-gravity-form\" data-id=\"91b46cb\" data-element_type=\"widget\" data-widget_type=\"bdt-gravity-form.default\">\n\t\t\t\t<div class=\"elementor-widget-container\">\n\t\t\t\t\t<div class=\"bdt-gravity-forms\">\n\t\t\t \n    <script type=\"text\/javascript\">\n        jQuery(document).ready(function(){\n            \/* apply only to a input with a class of gf_readonly *\/\n            jQuery(\"li.gf_readonly input\").attr(\"readonly\",\"readonly\");\n        });\n    <\/script>\n \n    \n                <div class='gf_browser_gecko gform_wrapper' id='gform_wrapper_6' ><form method='post' enctype='multipart\/form-data'  id='gform_6'  action='\/qgmi-corp\/wp-json\/wp\/v2\/pages\/3432'>\n                        <div class='gform_body'><ul id='gform_fields_6' class='gform_fields top_label form_sublabel_below description_below'><li id='field_6_1'  class='gfield gfield_html gfield_html_formatted gfield_no_follows_desc field_sublabel_below field_description_below gfield_visibility_visible' ><h3>Question\u00e1rio<\/h3>\n<\/li><li id='field_6_2'  class='gfield gf_left_half gfield_contains_required field_sublabel_below field_description_below gfield_visibility_visible' ><label class='gfield_label' for='input_6_2' >Apelido<span class='gfield_required'>*<\/span><\/label><div class='ginput_container ginput_container_text'><input name='input_2' id='input_6_2' type='text' value='' class='large'     aria-required=\"true\" aria-invalid=\"false\" \/><\/div><\/li><li id='field_6_3'  class='gfield gf_right_half gfield_contains_required field_sublabel_below field_description_below gfield_visibility_visible' ><label class='gfield_label' for='input_6_3' >Nome<span class='gfield_required'>*<\/span><\/label><div class='ginput_container ginput_container_text'><input name='input_3' id='input_6_3' type='text' value='' class='large'     aria-required=\"true\" aria-invalid=\"false\" \/><\/div><\/li><li id='field_6_14'  class='gfield gf_right_half gfield_contains_required field_sublabel_below field_description_below gfield_visibility_visible' ><label class='gfield_label' for='input_6_14' >E-mail<span class='gfield_required'>*<\/span><\/label><div class='ginput_container ginput_container_email'>\n                            <input name='input_14' id='input_6_14' type='text' value='' class='large'    aria-required=\"true\" aria-invalid=\"false\" \/>\n                        <\/div><\/li><li id='field_6_16'  class='gfield gf_right_half gfield_contains_required field_sublabel_below field_description_below gfield_visibility_visible' ><label class='gfield_label' for='input_6_16' >Telefone<span class='gfield_required'>*<\/span><\/label><div class='ginput_container ginput_container_text'><input name='input_16' id='input_6_16' type='text' value='' class='large'     aria-required=\"true\" aria-invalid=\"false\" \/><\/div><\/li><li id='field_6_7'  class='gfield gfield_contains_required field_sublabel_below field_description_below gfield_visibility_visible' ><label class='gfield_label' for='input_6_7' >Pa\u00eds de resid\u00eancia<span class='gfield_required'>*<\/span><\/label><div class='ginput_container ginput_container_select'><select name='input_7' id='input_6_7' class='large gfield_select'   aria-required=\"true\" aria-invalid=\"false\"><option value='Afghanist\u00e1n' >Afghanist\u00e1n<\/option><option value='Albania' >Albania<\/option><option value='Alemania' >Alemania<\/option><option value='Andorra' >Andorra<\/option><option value='Angola' >Angola<\/option><option value='Anguilla' >Anguilla<\/option><option value='Antigua y Barbuda' >Antigua y Barbuda<\/option><option value='Ant\u00e1rtida' >Ant\u00e1rtida<\/option><option value='Arabia Saudita' >Arabia Saudita<\/option><option value='Argelia' >Argelia<\/option><option value='Argentina' >Argentina<\/option><option value='Armenia' >Armenia<\/option><option value='Aruba' >Aruba<\/option><option value='Australia' >Australia<\/option><option value='Austria' >Austria<\/option><option value='Azerbaiy\u00e1n' >Azerbaiy\u00e1n<\/option><option value='Bahamas' >Bahamas<\/option><option value='Bangladesh' >Bangladesh<\/option><option value='Barbados' >Barbados<\/option><option value='Bar\u00e9in' >Bar\u00e9in<\/option><option value='Belice' >Belice<\/option><option value='Benin' >Benin<\/option><option value='Bermuda' >Bermuda<\/option><option value='Bhut\u00e1n' >Bhut\u00e1n<\/option><option value='Bielorusia' >Bielorusia<\/option><option value='Bolivia' >Bolivia<\/option><option value='Bonaire, San Eustaquio y Saba' >Bonaire, San Eustaquio y Saba<\/option><option value='Bosnia y Herzegovina' >Bosnia y Herzegovina<\/option><option value='Botswana' >Botswana<\/option><option value='Brasil' >Brasil<\/option><option value='Brunei Darussalam' >Brunei Darussalam<\/option><option value='Bulgaria' >Bulgaria<\/option><option value='Burkina Faso' >Burkina Faso<\/option><option value='Burundi' >Burundi<\/option><option value='B\u00e9gica' >B\u00e9gica<\/option><option value='Cabo Verde' >Cabo Verde<\/option><option value='Camboya' >Camboya<\/option><option value='Camer\u00fan' >Camer\u00fan<\/option><option value='Canada' >Canada<\/option><option value='Chad' >Chad<\/option><option value='Chile' >Chile<\/option><option value='China' >China<\/option><option value='Chipre' >Chipre<\/option><option value='Colombia' >Colombia<\/option><option value='Comoras' >Comoras<\/option><option value='Congo, Rep\u00fablica Democr\u00e1tica del' >Congo, Rep\u00fablica Democr\u00e1tica del<\/option><option value='Congo, Rep\u00fablica de' >Congo, Rep\u00fablica de<\/option><option value='Corea del Norte' >Corea del Norte<\/option><option value='Corea del Sur' >Corea del Sur<\/option><option value='Costa Rica' >Costa Rica<\/option><option value='Costa de Marfil' >Costa de Marfil<\/option><option value='Croacia' >Croacia<\/option><option value='Cuba' >Cuba<\/option><option value='Curazao' >Curazao<\/option><option value='Dinamarca' >Dinamarca<\/option><option value='Djibouti' >Djibouti<\/option><option value='Dominica' >Dominica<\/option><option value='Ecuador' >Ecuador<\/option><option value='Egipto' >Egipto<\/option><option value='El Salvador' >El Salvador<\/option><option value='Emiratos \u00c1rabes Unidos' >Emiratos \u00c1rabes Unidos<\/option><option value='Eritrea' >Eritrea<\/option><option value='Eslovaquia' >Eslovaquia<\/option><option value='Eslovenia' >Eslovenia<\/option><option value='Espa\u00f1a' >Espa\u00f1a<\/option><option value='Estados Unidos' >Estados Unidos<\/option><option value='Estonia' >Estonia<\/option><option value='Eswatini (Suazilandia)' >Eswatini (Suazilandia)<\/option><option value='Etiop\u00eda' >Etiop\u00eda<\/option><option value='Fiji' >Fiji<\/option><option value='Filipinas' >Filipinas<\/option><option value='Finlancia' >Finlancia<\/option><option value='Francia' >Francia<\/option><option value='Gab\u00f3n' >Gab\u00f3n<\/option><option value='Gambia' >Gambia<\/option><option value='Georgia' >Georgia<\/option><option value='Ghana' >Ghana<\/option><option value='Gibraltar' >Gibraltar<\/option><option value='Granada' >Granada<\/option><option value='Grecia' >Grecia<\/option><option value='Groenlandia' >Groenlandia<\/option><option value='Guadalupe' >Guadalupe<\/option><option value='Guam' >Guam<\/option><option value='Guatemala' >Guatemala<\/option><option value='Guayana' >Guayana<\/option><option value='Guayana Francesa' >Guayana Francesa<\/option><option value='Guernsey' >Guernsey<\/option><option value='Guinea' >Guinea<\/option><option value='Guinea Bissau' >Guinea Bissau<\/option><option value='Guinea Ecuatorial' >Guinea Ecuatorial<\/option><option value='Hait\u00ed' >Hait\u00ed<\/option><option value='Honduras' >Honduras<\/option><option value='Hong Kong' >Hong Kong<\/option><option value='Hungr\u00eda' >Hungr\u00eda<\/option><option value='India' >India<\/option><option value='Indonesia' >Indonesia<\/option><option value='Iraq' >Iraq<\/option><option value='Irlanda' >Irlanda<\/option><option value='Ir\u00e1n' >Ir\u00e1n<\/option><option value='Isla Bouvet' >Isla Bouvet<\/option><option value='Isla Norfolk' >Isla Norfolk<\/option><option value='Isla de Man' >Isla de Man<\/option><option value='Isla de Navidad' >Isla de Navidad<\/option><option value='Islandia' >Islandia<\/option><option value='Islas Caim\u00e1n' >Islas Caim\u00e1n<\/option><option value='Islas Cocos' >Islas Cocos<\/option><option value='Islas Cook' >Islas Cook<\/option><option value='Islas Faroe' >Islas Faroe<\/option><option value='Islas Heard y McDonald' >Islas Heard y McDonald<\/option><option value='Islas Malvinas' >Islas Malvinas<\/option><option value='Islas Marianas del Norte' >Islas Marianas del Norte<\/option><option value='Islas Marshall' >Islas Marshall<\/option><option value='Islas Salom\u00f3n' >Islas Salom\u00f3n<\/option><option value='Islas Turcas y Caicos' >Islas Turcas y Caicos<\/option><option value='Islas Ultramarinas Menores de Estados Unidos' >Islas Ultramarinas Menores de Estados Unidos<\/option><option value='Islas V\u00edrgenes Brit\u00e1nicas' >Islas V\u00edrgenes Brit\u00e1nicas<\/option><option value='Islas V\u00edrgenes de los Estados Unidos' >Islas V\u00edrgenes de los Estados Unidos<\/option><option value='Islas \u00c5land' >Islas \u00c5land<\/option><option value='Israel' >Israel<\/option><option value='Italia' >Italia<\/option><option value='Jamaica' >Jamaica<\/option><option value='Jap\u00f3n' >Jap\u00f3n<\/option><option value='Jersey' >Jersey<\/option><option value='Jord\u00e1n' >Jord\u00e1n<\/option><option value='Kazajist\u00e1n' >Kazajist\u00e1n<\/option><option value='Kenia' >Kenia<\/option><option value='Kirguist\u00e1n' >Kirguist\u00e1n<\/option><option value='Kiribati' >Kiribati<\/option><option value='Kuwait' >Kuwait<\/option><option value='LIbia' >LIbia<\/option><option value='Lesoto' >Lesoto<\/option><option value='Liberia' >Liberia<\/option><option value='Liechtenstein' >Liechtenstein<\/option><option value='Lituania' >Lituania<\/option><option value='Lituania' >Lituania<\/option><option value='Luxemburgo' >Luxemburgo<\/option><option value='L\u00edbano' >L\u00edbano<\/option><option value='Macau' >Macau<\/option><option value='Macedonia' >Macedonia<\/option><option value='Madagascar' >Madagascar<\/option><option value='Malasia' >Malasia<\/option><option value='Malawi' >Malawi<\/option><option value='Maldivas' >Maldivas<\/option><option value='Mali' >Mali<\/option><option value='Malta' >Malta<\/option><option value='Marruecos' >Marruecos<\/option><option value='Martinica' >Martinica<\/option><option value='Mauricio' >Mauricio<\/option><option value='Mauritania' >Mauritania<\/option><option value='Mayotte' >Mayotte<\/option><option value='Micronesia' >Micronesia<\/option><option value='Moldavia' >Moldavia<\/option><option value='Monaco' >Monaco<\/option><option value='Mongolia' >Mongolia<\/option><option value='Montenegro' >Montenegro<\/option><option value='Montserrat' >Montserrat<\/option><option value='Mozambique' >Mozambique<\/option><option value='Myanmar' >Myanmar<\/option><option value='M\u00e9xico' >M\u00e9xico<\/option><option value='Namibia' >Namibia<\/option><option value='Nauru' >Nauru<\/option><option value='Nepal' >Nepal<\/option><option value='Nicaragua' >Nicaragua<\/option><option value='Nigeria' >Nigeria<\/option><option value='Niue' >Niue<\/option><option value='Noruega' >Noruega<\/option><option value='Nueva Caledonia' >Nueva Caledonia<\/option><option value='Nueva Zelanda' >Nueva Zelanda<\/option><option value='N\u00edger' >N\u00edger<\/option><option value='Om\u00e1n' >Om\u00e1n<\/option><option value='Paises Bajos' >Paises Bajos<\/option><option value='Pakist\u00e1n' >Pakist\u00e1n<\/option><option value='Palau' >Palau<\/option><option value='Palestina, Estado de' >Palestina, Estado de<\/option><option value='Panam\u00e1' >Panam\u00e1<\/option><option value='Pap\u00faa Nueva Guinea' >Pap\u00faa Nueva Guinea<\/option><option value='Paraguay' >Paraguay<\/option><option value='Per\u00fa' >Per\u00fa<\/option><option value='Pitcairn' >Pitcairn<\/option><option value='Polinesia Francesa' >Polinesia Francesa<\/option><option value='Polonia' >Polonia<\/option><option value='Portugal' >Portugal<\/option><option value='Puerto Rico' >Puerto Rico<\/option><option value='Qatar' >Qatar<\/option><option value='Reino Unido' >Reino Unido<\/option><option value='Rep\u00fablica Centroafricana' >Rep\u00fablica Centroafricana<\/option><option value='Rep\u00fablica Checa' >Rep\u00fablica Checa<\/option><option value='Rep\u00fablica Democr\u00e1tica Popular de Laos' >Rep\u00fablica Democr\u00e1tica Popular de Laos<\/option><option value='Rep\u00fablica Dominicana' >Rep\u00fablica Dominicana<\/option><option value='Reuni\u00f3n' >Reuni\u00f3n<\/option><option value='Ruanda' >Ruanda<\/option><option value='Ruman\u00eda' >Ruman\u00eda<\/option><option value='Rusia' >Rusia<\/option><option value='Sahara Occidental' >Sahara Occidental<\/option><option value='Samoa' >Samoa<\/option><option value='Samoa Americana' >Samoa Americana<\/option><option value='San Bartolom\u00e9' >San Bartolom\u00e9<\/option><option value='San Crist\u00f3bal y Nieves' >San Crist\u00f3bal y Nieves<\/option><option value='San Marino' >San Marino<\/option><option value='San Mart\u00edn' >San Mart\u00edn<\/option><option value='San Pedro y Miquel\u00f3n' >San Pedro y Miquel\u00f3n<\/option><option value='San Vicente y las Granadinas' >San Vicente y las Granadinas<\/option><option value='Santa Elena' >Santa Elena<\/option><option value='Santa Luc\u00eda' >Santa Luc\u00eda<\/option><option value='Santa Sede' >Santa Sede<\/option><option value='Santo Tom\u00e9 y Principe' >Santo Tom\u00e9 y Principe<\/option><option value='Senegal' >Senegal<\/option><option value='Serbia' >Serbia<\/option><option value='Seychelles' >Seychelles<\/option><option value='Sierra Leona' >Sierra Leona<\/option><option value='Singapur' >Singapur<\/option><option value='Sint Maarten' >Sint Maarten<\/option><option value='Siria' >Siria<\/option><option value='Somalia' >Somalia<\/option><option value='South Georgia' >South Georgia<\/option><option value='Sri Lanka' >Sri Lanka<\/option><option value='Sud\u00e1frica' >Sud\u00e1frica<\/option><option value='Sud\u00e1n' >Sud\u00e1n<\/option><option value='Sud\u00e1n del Sur' >Sud\u00e1n del Sur<\/option><option value='Suecia' >Suecia<\/option><option value='Suiza' >Suiza<\/option><option value='Surinam' >Surinam<\/option><option value='Svalbard y Jan Mayen' >Svalbard y Jan Mayen<\/option><option value='Tailandia' >Tailandia<\/option><option value='Taiwan' >Taiwan<\/option><option value='Tanzania' >Tanzania<\/option><option value='Tayikist\u00e1n' >Tayikist\u00e1n<\/option><option value='Territorio Brit\u00e1nico del Oc\u00e9ano \u00cdndico' >Territorio Brit\u00e1nico del Oc\u00e9ano \u00cdndico<\/option><option value='Tierras Australes y Ant\u00e1rticas Francesas' >Tierras Australes y Ant\u00e1rticas Francesas<\/option><option value='Timor Oriental' >Timor Oriental<\/option><option value='Togo' >Togo<\/option><option value='Tokelau' >Tokelau<\/option><option value='Tonga' >Tonga<\/option><option value='Trinidad y Tobago' >Trinidad y Tobago<\/option><option value='Turkmenist\u00e1n' >Turkmenist\u00e1n<\/option><option value='Turqu\u00eda' >Turqu\u00eda<\/option><option value='Tuvalu' >Tuvalu<\/option><option value='T\u00fanez' >T\u00fanez<\/option><option value='Ucrania' >Ucrania<\/option><option value='Uganda' >Uganda<\/option><option value='Uruguay' >Uruguay<\/option><option value='Uzbekist\u00e1n' >Uzbekist\u00e1n<\/option><option value='Vanuatu' >Vanuatu<\/option><option value='Venezuela' >Venezuela<\/option><option value='Vietnam' >Vietnam<\/option><option value='Wallis y Futuna' >Wallis y Futuna<\/option><option value='Yemen' >Yemen<\/option><option value='Zambia' >Zambia<\/option><option value='Zimbaue' >Zimbaue<\/option><\/select><\/div><\/li><li id='field_6_17'  class='gfield field_sublabel_below field_description_above gfield_visibility_visible' ><label class='gfield_label' for='input_6_17' >Por que est\u00e1 interessado em trabalhar connosco?<\/label><div class='ginput_container ginput_container_textarea'><textarea name='input_17' id='input_6_17' class='textarea large'      aria-invalid=\"false\"   rows='10' cols='50'><\/textarea><\/div><\/li><li id='field_6_19'  class='gfield field_sublabel_below field_description_above gfield_visibility_visible' ><label class='gfield_label' for='input_6_19' >Carregar CV<\/label><div class='gfield_description' id='gfield_description_6_19'>S\u00f3 \u00e9 poss\u00edvel carregar ficheiros em formato PDF, doc ou docx, com um peso m\u00e1ximo de 8 MB.<\/div><div class='ginput_container ginput_container_fileupload'><input type='hidden' name='MAX_FILE_SIZE' value='8388608' \/><input name='input_19' id='input_6_19' type='file' class='medium' aria-describedby='validation_message_6_19 live_validation_message_6_19 extensions_message_6_19' onchange='javascript:gformValidateFileSize( this, 8388608 );'  \/><span id='extensions_message_6_19' class='screen-reader-text'>Accepted file types: pdf, doc, docx.<\/span><div class='validation_message' id='live_validation_message_6_19'><\/div><\/div><\/li><li id='field_6_21'  class='gfield gfield_contains_required field_sublabel_below field_description_below hidden_label gfield_visibility_visible' ><label class='gfield_label'  ><span class='gfield_required'>*<\/span><\/label><div class='ginput_container ginput_container_consent'><input name='input_21.1' id='input_6_21_1' type='checkbox' value='1'   aria-required=\"true\" aria-invalid=\"false\"   \/> <label class=\"gfield_consent_label\" for='input_6_21_1' >Aceitar <a href=\"https:\/\/proyectos.agenciaeben.com\/qgmi-uk\/privacy-policy-cvs\/\" target=\"_blank\">Pol\u00edtica de Privacidade<\/a><\/label><span class='gfield_required'>*<\/span><input type='hidden' name='input_21.2' value='Aceitar &lt;a href=&quot;https:\/\/proyectos.agenciaeben.com\/qgmi-uk\/privacy-policy-cvs\/&quot; target=&quot;_blank&quot;&gt;Pol\u00edtica de Privacidade&lt;\/a&gt;' class='gform_hidden' \/><input type='hidden' name='input_21.3' value='3' class='gform_hidden' \/><\/div><\/li><li id='field_6_22'  class='gfield gform_validation_container field_sublabel_below field_description_below gfield_visibility_visible' ><label class='gfield_label' for='input_6_22' >Comments<\/label><div class='ginput_container'><input name='input_22' id='input_6_22' type='text' value='' \/><\/div><div class='gfield_description' id='gfield_description_6_22'>This field is for validation purposes and should be left unchanged.<\/div><\/li>\n                            <\/ul><\/div>\n        <div class='gform_footer top_label'> <input type='submit' id='gform_submit_button_6' class='gform_button button' value='Enviar'  onclick='if(window[\"gf_submitting_6\"]){return false;}  window[\"gf_submitting_6\"]=true;  ' onkeypress='if( event.keyCode == 13 ){ if(window[\"gf_submitting_6\"]){return false;} window[\"gf_submitting_6\"]=true;  jQuery(\"#gform_6\").trigger(\"submit\",[true]); }' \/> \n            <input type='hidden' class='gform_hidden' name='is_submit_6' value='1' \/>\n            <input type='hidden' class='gform_hidden' name='gform_submit' value='6' \/>\n            \n            <input type='hidden' class='gform_hidden' name='gform_unique_id' value='' \/>\n            <input type='hidden' class='gform_hidden' name='state_6' value='WyJbXSIsIjQ3MDliMTg3MmY1YmJkM2M3N2U3YTUwYTQyNjk1YWJjIl0=' \/>\n            <input type='hidden' class='gform_hidden' name='gform_target_page_number_6' id='gform_target_page_number_6' value='0' \/>\n            <input type='hidden' class='gform_hidden' name='gform_source_page_number_6' id='gform_source_page_number_6' value='1' \/>\n            <input type='hidden' name='gform_field_values' value='' \/>\n            \n        <\/div>\n                        <\/form>\n                        <\/div><script type='text\/javascript'> jQuery(document).bind('gform_post_render', function(event, formId, currentPage){if(formId == 6) {} } );jQuery(document).bind('gform_post_conditional_logic', function(event, formId, fields, isInit){} );<\/script><script type='text\/javascript'> jQuery(document).ready(function(){jQuery(document).trigger('gform_post_render', [6, 1]) } ); <\/script>\t\t<\/div>\n\t\t\t\t<\/div>\n\t\t\t\t<\/div>\n\t\t\t\t\t\t<\/div>\n\t\t\t\t\t<\/div>\n\t\t<\/div>\n\t\t\t\t\t\t\t\t<\/div>\n\t\t\t\t\t<\/div>\n\t\t<\/section>\n\t\t\t\t\t\t<\/div>\n\t\t\t\t\t\t<\/div>\n\t\t\t\t\t<\/div>\n\t\t","protected":false},"excerpt":{"rendered":"<p>TRABALHE CONNOSCO Se estiver interessado em trabalhar para a QGMI, pode enviar-nos o seu CV e preencher o formul\u00e1rio abaixo. O facto de nos enviar o seu CV n\u00e3o garante que seja convidado para uma entrevista, que lhe seja oferecido um emprego ou que a QGMI o contacte, mas as suas informa\u00e7\u00f5es de contacto aqui &hellip;<\/p>\n<p class=\"read-more\"> <a class=\"\" href=\"https:\/\/proyectos.agenciaeben.com\/qgmi-corp\/pt-pt\/trabalhe\/\"> <span class=\"screen-reader-text\">Trabalhe<\/span> Read More &raquo;<\/a><\/p>\n","protected":false},"author":1,"featured_media":0,"parent":0,"menu_order":0,"comment_status":"closed","ping_status":"closed","template":"","meta":[],"_links":{"self":[{"href":"https:\/\/proyectos.agenciaeben.com\/qgmi-corp\/wp-json\/wp\/v2\/pages\/3432"}],"collection":[{"href":"https:\/\/proyectos.agenciaeben.com\/qgmi-corp\/wp-json\/wp\/v2\/pages"}],"about":[{"href":"https:\/\/proyectos.agenciaeben.com\/qgmi-corp\/wp-json\/wp\/v2\/types\/page"}],"author":[{"embeddable":true,"href":"https:\/\/proyectos.agenciaeben.com\/qgmi-corp\/wp-json\/wp\/v2\/users\/1"}],"replies":[{"embeddable":true,"href":"https:\/\/proyectos.agenciaeben.com\/qgmi-corp\/wp-json\/wp\/v2\/comments?post=3432"}],"version-history":[{"count":4,"href":"https:\/\/proyectos.agenciaeben.com\/qgmi-corp\/wp-json\/wp\/v2\/pages\/3432\/revisions"}],"predecessor-version":[{"id":3436,"href":"https:\/\/proyectos.agenciaeben.com\/qgmi-corp\/wp-json\/wp\/v2\/pages\/3432\/revisions\/3436"}],"wp:attachment":[{"href":"https:\/\/proyectos.agenciaeben.com\/qgmi-corp\/wp-json\/wp\/v2\/media?parent=3432"}],"curies":[{"name":"wp","href":"https:\/\/api.w.org\/{rel}","templated":true}]}}