

{"id":3387,"date":"2021-06-25T07:08:27","date_gmt":"2021-06-25T07:08:27","guid":{"rendered":"https:\/\/proyectos.agenciaeben.com\/qgmi-corp\/?page_id=3387"},"modified":"2021-06-25T07:10:21","modified_gmt":"2021-06-25T07:10:21","slug":"sitemap","status":"publish","type":"page","link":"https:\/\/proyectos.agenciaeben.com\/qgmi-corp\/pt-pt\/sitemap\/","title":{"rendered":"Sitemap"},"content":{"rendered":"\t\t<div data-elementor-type=\"wp-page\" data-elementor-id=\"3387\" class=\"elementor elementor-3387 elementor-2406\" data-elementor-settings=\"[]\">\n\t\t\t\t\t\t<div class=\"elementor-inner\">\n\t\t\t\t\t\t\t<div class=\"elementor-section-wrap\">\n\t\t\t\t\t\t\t<section class=\"elementor-section elementor-top-section elementor-element elementor-element-3c4a294 elementor-section-height-min-height elementor-section-content-middle elementor-section-boxed elementor-section-height-default elementor-section-items-middle\" data-id=\"3c4a294\" data-element_type=\"section\" data-settings=\"{&quot;background_background&quot;:&quot;classic&quot;}\">\n\t\t\t\t\t\t\t<div class=\"elementor-background-overlay\"><\/div>\n\t\t\t\t\t\t\t<div class=\"elementor-container elementor-column-gap-default\">\n\t\t\t\t\t\t\t<div class=\"elementor-row\">\n\t\t\t\t\t<div class=\"elementor-column elementor-col-100 elementor-top-column elementor-element elementor-element-25e5afc\" data-id=\"25e5afc\" data-element_type=\"column\">\n\t\t\t<div class=\"elementor-column-wrap elementor-element-populated\">\n\t\t\t\t\t\t\t<div class=\"elementor-widget-wrap\">\n\t\t\t\t\t\t<div class=\"elementor-element elementor-element-31c9afe elementor-widget elementor-widget-heading\" data-id=\"31c9afe\" data-element_type=\"widget\" data-widget_type=\"heading.default\">\n\t\t\t\t<div class=\"elementor-widget-container\">\n\t\t\t<h1 class=\"elementor-heading-title elementor-size-default\">mapa web PT<\/h1>\t\t<\/div>\n\t\t\t\t<\/div>\n\t\t\t\t\t\t<\/div>\n\t\t\t\t\t<\/div>\n\t\t<\/div>\n\t\t\t\t\t\t\t\t<\/div>\n\t\t\t\t\t<\/div>\n\t\t<\/section>\n\t\t\t\t<section class=\"elementor-section elementor-top-section elementor-element elementor-element-5153b10 elementor-section-boxed elementor-section-height-default elementor-section-height-default\" data-id=\"5153b10\" data-element_type=\"section\">\n\t\t\t\t\t\t<div class=\"elementor-container elementor-column-gap-default\">\n\t\t\t\t\t\t\t<div class=\"elementor-row\">\n\t\t\t\t\t<div class=\"elementor-column elementor-col-100 elementor-top-column elementor-element elementor-element-1aa6f5d\" data-id=\"1aa6f5d\" data-element_type=\"column\">\n\t\t\t<div class=\"elementor-column-wrap elementor-element-populated\">\n\t\t\t\t\t\t\t<div class=\"elementor-widget-wrap\">\n\t\t\t\t\t\t<div class=\"elementor-element elementor-element-495c98b elementor-widget elementor-widget-text-editor\" data-id=\"495c98b\" data-element_type=\"widget\" data-widget_type=\"text-editor.default\">\n\t\t\t\t<div class=\"elementor-widget-container\">\n\t\t\t\t\t<div class=\"elementor-text-editor elementor-clearfix\"><strong>Home<\/strong>\n<strong>Webs corporativas<\/strong>\n<strong>Sobre nosotros<\/strong>\n<ul>\n \t<li>Qui\u00e9nes somos<\/li>\n \t<li>C\u00f3mo trabajaamos<\/li>\n \t<li>Nuestros Valores, Misi\u00f3n y Visi\u00f3n<\/li>\n \t<li>Estrategia y modelo operacional<\/li>\n \t<li>Equipo directivo<\/li>\n<\/ul>\n<strong>\u00c1rea de actuaci\u00f3n<\/strong>\n<ul>\n \t<li>Carreteras<\/li>\n \t<li>Transporte y movilidad<\/li>\n \t<li>Edificaciones<\/li>\n \t<li>Energ\u00eda<\/li>\n \t<li>Trabajos de agua y saneamiento<\/li>\n<\/ul>\n<strong>Proyectos<\/strong>\n<ul>\n \t<li>Aeropuerto Internacional de Tamale<\/li>\n \t<li>Bolgatanga-Bawku-Pulmakom Road<\/li>\n \t<li>Obetsebi Lamptey Interchange Flyover<\/li>\n \t<li>Wastewater Treatment Plant for social and affordable housing<\/li>\n \t<li>Street of Accra<\/li>\n \t<li>Streets of Tamale<\/li>\n \t<li>Cariango-Mussende<\/li>\n \t<li>Mirama Kikagati<\/li>\n<\/ul>\n<strong>Sostenibilidad<\/strong>\n<ul>\n \t<li>Medioambiente<\/li>\n \t<li>Innovaci\u00f3n<\/li>\n \t<li>Comunidades locales<\/li>\n \t<li>Sistema de gesti\u00f3n integrado<\/li>\n \t<li>Certificaciones<\/li>\n<\/ul>\n<strong>Compliance<\/strong>\n<ul>\n \t<li>Visi\u00f3n general<\/li>\n \t<li>Pilares de Compliance de QGMI<\/li>\n \t<li>C\u00f3digo de \u00c9tica y Pol\u00edtica de Compliance<\/li>\n \t<li>Canal \u00c9tico<\/li>\n \t<li>Organigrama y embajadores<\/li>\n \t<li>Certificaciones<\/li>\n<\/ul>\n<strong>Comunicaci\u00f3n<\/strong>\n<ul>\n \t<li>Perfil corporativo<\/li>\n \t<li>\u00fcltimas noticias QGMI<\/li>\n \t<li>Premios<\/li>\n<\/ul>\n<strong>Informaci\u00f3n<\/strong>\n<ul>\n \t<li>QGMI alrededor del mundo<\/li>\n \t<li>Aviso legal y Pol\u00edtica de Privacidad<\/li>\n \t<li>Pol\u00edtica de cookies<\/li>\n \t<li>Canal \u00c9tico<\/li>\n \t<li>Mapa web<\/li>\n<\/ul>\n<strong>Contactar<\/strong>\n<ul>\n \t<li>Contacto<\/li>\n \t<li>Trabaja con nosotros<\/li>\n<\/ul><\/div>\n\t\t\t\t<\/div>\n\t\t\t\t<\/div>\n\t\t\t\t\t\t<\/div>\n\t\t\t\t\t<\/div>\n\t\t<\/div>\n\t\t\t\t\t\t\t\t<\/div>\n\t\t\t\t\t<\/div>\n\t\t<\/section>\n\t\t\t\t\t\t<\/div>\n\t\t\t\t\t\t<\/div>\n\t\t\t\t\t<\/div>\n\t\t","protected":false},"excerpt":{"rendered":"<p>mapa web PT Home Webs corporativas Sobre nosotros Qui\u00e9nes somos C\u00f3mo trabajaamos Nuestros Valores, Misi\u00f3n y Visi\u00f3n Estrategia y modelo operacional Equipo directivo \u00c1rea de actuaci\u00f3n Carreteras Transporte y movilidad Edificaciones Energ\u00eda Trabajos de agua y saneamiento Proyectos Aeropuerto Internacional de Tamale Bolgatanga-Bawku-Pulmakom Road Obetsebi Lamptey Interchange Flyover Wastewater Treatment Plant for social and affordable &hellip;<\/p>\n<p class=\"read-more\"> <a class=\"\" href=\"https:\/\/proyectos.agenciaeben.com\/qgmi-corp\/pt-pt\/sitemap\/\"> <span class=\"screen-reader-text\">Sitemap<\/span> Read More &raquo;<\/a><\/p>\n","protected":false},"author":1,"featured_media":0,"parent":0,"menu_order":0,"comment_status":"closed","ping_status":"closed","template":"","meta":[],"_links":{"self":[{"href":"https:\/\/proyectos.agenciaeben.com\/qgmi-corp\/wp-json\/wp\/v2\/pages\/3387"}],"collection":[{"href":"https:\/\/proyectos.agenciaeben.com\/qgmi-corp\/wp-json\/wp\/v2\/pages"}],"about":[{"href":"https:\/\/proyectos.agenciaeben.com\/qgmi-corp\/wp-json\/wp\/v2\/types\/page"}],"author":[{"embeddable":true,"href":"https:\/\/proyectos.agenciaeben.com\/qgmi-corp\/wp-json\/wp\/v2\/users\/1"}],"replies":[{"embeddable":true,"href":"https:\/\/proyectos.agenciaeben.com\/qgmi-corp\/wp-json\/wp\/v2\/comments?post=3387"}],"version-history":[{"count":7,"href":"https:\/\/proyectos.agenciaeben.com\/qgmi-corp\/wp-json\/wp\/v2\/pages\/3387\/revisions"}],"predecessor-version":[{"id":3394,"href":"https:\/\/proyectos.agenciaeben.com\/qgmi-corp\/wp-json\/wp\/v2\/pages\/3387\/revisions\/3394"}],"wp:attachment":[{"href":"https:\/\/proyectos.agenciaeben.com\/qgmi-corp\/wp-json\/wp\/v2\/media?parent=3387"}],"curies":[{"name":"wp","href":"https:\/\/api.w.org\/{rel}","templated":true}]}}