

{"id":3155,"date":"2021-06-24T12:58:55","date_gmt":"2021-06-24T12:58:55","guid":{"rendered":"https:\/\/proyectos.agenciaeben.com\/qgmi-corp\/?page_id=3155"},"modified":"2021-06-24T13:00:59","modified_gmt":"2021-06-24T13:00:59","slug":"presencia-global","status":"publish","type":"page","link":"https:\/\/proyectos.agenciaeben.com\/qgmi-corp\/es\/presencia-global\/","title":{"rendered":"Presencia global"},"content":{"rendered":"\t\t<div data-elementor-type=\"wp-page\" data-elementor-id=\"3155\" class=\"elementor elementor-3155 elementor-1526\" data-elementor-settings=\"[]\">\n\t\t\t\t\t\t<div class=\"elementor-inner\">\n\t\t\t\t\t\t\t<div class=\"elementor-section-wrap\">\n\t\t\t\t\t\t\t<section class=\"elementor-section elementor-top-section elementor-element elementor-element-1fec4640 elementor-section-height-min-height elementor-section-content-middle elementor-section-boxed elementor-section-height-default elementor-section-items-middle\" data-id=\"1fec4640\" data-element_type=\"section\" data-settings=\"{&quot;background_background&quot;:&quot;classic&quot;}\">\n\t\t\t\t\t\t\t<div class=\"elementor-background-overlay\"><\/div>\n\t\t\t\t\t\t\t<div class=\"elementor-container elementor-column-gap-default\">\n\t\t\t\t\t\t\t<div class=\"elementor-row\">\n\t\t\t\t\t<div class=\"elementor-column elementor-col-100 elementor-top-column elementor-element elementor-element-4774f9ae\" data-id=\"4774f9ae\" data-element_type=\"column\">\n\t\t\t<div class=\"elementor-column-wrap elementor-element-populated\">\n\t\t\t\t\t\t\t<div class=\"elementor-widget-wrap\">\n\t\t\t\t\t\t<div class=\"elementor-element elementor-element-38f18cf6 elementor-widget elementor-widget-heading\" data-id=\"38f18cf6\" data-element_type=\"widget\" data-widget_type=\"heading.default\">\n\t\t\t\t<div class=\"elementor-widget-container\">\n\t\t\t<h1 class=\"elementor-heading-title elementor-size-default\">PRESENCIA GLOBAL\n<\/h1>\t\t<\/div>\n\t\t\t\t<\/div>\n\t\t\t\t\t\t<\/div>\n\t\t\t\t\t<\/div>\n\t\t<\/div>\n\t\t\t\t\t\t\t\t<\/div>\n\t\t\t\t\t<\/div>\n\t\t<\/section>\n\t\t\t\t<section class=\"elementor-section elementor-top-section elementor-element elementor-element-212833e elementor-section-boxed elementor-section-height-default elementor-section-height-default\" data-id=\"212833e\" data-element_type=\"section\">\n\t\t\t\t\t\t<div class=\"elementor-container elementor-column-gap-default\">\n\t\t\t\t\t\t\t<div class=\"elementor-row\">\n\t\t\t\t\t<div class=\"elementor-column elementor-col-100 elementor-top-column elementor-element elementor-element-2399341\" data-id=\"2399341\" data-element_type=\"column\">\n\t\t\t<div class=\"elementor-column-wrap elementor-element-populated\">\n\t\t\t\t\t\t\t<div class=\"elementor-widget-wrap\">\n\t\t\t\t\t\t<div class=\"elementor-element elementor-element-778db23 elementor-widget elementor-widget-text-editor\" data-id=\"778db23\" data-element_type=\"widget\" data-widget_type=\"text-editor.default\">\n\t\t\t\t<div class=\"elementor-widget-container\">\n\t\t\t\t\t<div class=\"elementor-text-editor elementor-clearfix\"><p>QGMI est\u00e1 presente en diversos pa\u00edses. Implementamos nuestros proyectos con el objetivo de mejorar la calidad de vida de las personas, as\u00ed como el desarrollo de estas ciudades y pa\u00edses.<\/p><\/div>\n\t\t\t\t<\/div>\n\t\t\t\t<\/div>\n\t\t\t\t\t\t<\/div>\n\t\t\t\t\t<\/div>\n\t\t<\/div>\n\t\t\t\t\t\t\t\t<\/div>\n\t\t\t\t\t<\/div>\n\t\t<\/section>\n\t\t\t\t<section class=\"elementor-section elementor-top-section elementor-element elementor-element-390f0ae elementor-section-boxed elementor-section-height-default elementor-section-height-default\" data-id=\"390f0ae\" data-element_type=\"section\">\n\t\t\t\t\t\t<div class=\"elementor-container elementor-column-gap-default\">\n\t\t\t\t\t\t\t<div class=\"elementor-row\">\n\t\t\t\t\t<div class=\"elementor-column elementor-col-100 elementor-top-column elementor-element elementor-element-3288fc8\" data-id=\"3288fc8\" data-element_type=\"column\">\n\t\t\t<div class=\"elementor-column-wrap elementor-element-populated\">\n\t\t\t\t\t\t\t<div class=\"elementor-widget-wrap\">\n\t\t\t\t\t\t<div class=\"elementor-element elementor-element-2542805 elementor-widget elementor-widget-bdt-marker\" data-id=\"2542805\" data-element_type=\"widget\" data-widget_type=\"bdt-marker.default\">\n\t\t\t\t<div class=\"elementor-widget-container\">\n\t\t\t\n\t\t<div class=\"bdt-marker-wrapper bdt-inline bdt-dark bdt-marker-animated\" id=\"bdt-marker-2542805\" bdt-scrollspy=\"target: .bdt-marker-wrapper &gt; a.bdt-marker-item; cls:bdt-animation-scale-up; delay: 300;\" bdt-lightbox=\"toggle: .bdt-marker-lightbox-item; animation: slide;\">\t\t\t\n\t        \n\t\t\t<img width=\"965\" height=\"583\" src=\"https:\/\/proyectos.agenciaeben.com\/qgmi-corp\/wp-content\/uploads\/2021\/05\/mapa-qgmi.jpg\" class=\"attachment-large size-large\" alt=\"\" loading=\"lazy\" srcset=\"https:\/\/proyectos.agenciaeben.com\/qgmi-corp\/wp-content\/uploads\/2021\/05\/mapa-qgmi.jpg 965w, https:\/\/proyectos.agenciaeben.com\/qgmi-corp\/wp-content\/uploads\/2021\/05\/mapa-qgmi-300x181.jpg 300w, https:\/\/proyectos.agenciaeben.com\/qgmi-corp\/wp-content\/uploads\/2021\/05\/mapa-qgmi-768x464.jpg 768w\" sizes=\"(max-width: 965px) 100vw, 965px\" \/>\t\t    \t\n\t\t\t\t<a class=\"bdt-marker-item bdt-position-absolute bdt-transform-center bdt-marker bdt-icon elementor-repeater-item-1bcd0ae bdt-tippy-tooltip\" data-tippy-content=\"&lt;p&gt;Espa\u00f1a&lt;\/p&gt;\" href=\"javascript:void(0);\" data-tippy=\"\" data-tippy-placement=\"top\" data-tippy-animation=\"fade\" data-tippy-arrow=\"true\">\n\n\t\t\t\t\t\t\t\t\t\t\t\t\t\t\t\t\t\t<svg width=\"20\" height=\"20\" viewBox=\"0 0 20 20\" xmlns=\"http:\/\/www.w3.org\/2000\/svg\" data-svg=\"marker\"><rect x=\"9\" y=\"4\" width=\"1\" height=\"11\"><\/rect><rect x=\"4\" y=\"9\" width=\"11\" height=\"1\"><\/rect><\/svg>\n\t\t\t\t\t\t\n\t\t\t\t<\/a>\n\t\t\t\t\t\t    \t\n\t\t\t\t<a class=\"bdt-marker-item bdt-position-absolute bdt-transform-center bdt-marker bdt-icon elementor-repeater-item-d0e00a3 bdt-tippy-tooltip\" data-tippy-content=\"&lt;p&gt;Reino Unido&lt;\/p&gt;\" href=\"javascript:void(0);\" data-tippy=\"\" data-tippy-placement=\"top\" data-tippy-animation=\"fade\" data-tippy-arrow=\"true\">\n\n\t\t\t\t\t\t\t\t\t\t\t\t\t\t\t\t\t\t<svg width=\"20\" height=\"20\" viewBox=\"0 0 20 20\" xmlns=\"http:\/\/www.w3.org\/2000\/svg\" data-svg=\"marker\"><rect x=\"9\" y=\"4\" width=\"1\" height=\"11\"><\/rect><rect x=\"4\" y=\"9\" width=\"11\" height=\"1\"><\/rect><\/svg>\n\t\t\t\t\t\t\n\t\t\t\t<\/a>\n\t\t\t\t\t\t    \t\n\t\t\t\t<a class=\"bdt-marker-item bdt-position-absolute bdt-transform-center bdt-marker bdt-icon elementor-repeater-item-1d6e6fb bdt-tippy-tooltip\" data-tippy-content=\"&lt;p&gt;Alemania&lt;\/p&gt;\" href=\"javascript:void(0);\" data-tippy=\"\" data-tippy-placement=\"top\" data-tippy-animation=\"fade\" data-tippy-arrow=\"true\">\n\n\t\t\t\t\t\t\t\t\t\t\t\t\t\t\t\t\t\t<svg width=\"20\" height=\"20\" viewBox=\"0 0 20 20\" xmlns=\"http:\/\/www.w3.org\/2000\/svg\" data-svg=\"marker\"><rect x=\"9\" y=\"4\" width=\"1\" height=\"11\"><\/rect><rect x=\"4\" y=\"9\" width=\"11\" height=\"1\"><\/rect><\/svg>\n\t\t\t\t\t\t\n\t\t\t\t<\/a>\n\t\t\t\t\t\t    \t\n\t\t\t\t<a class=\"bdt-marker-item bdt-position-absolute bdt-transform-center bdt-marker bdt-icon elementor-repeater-item-cc56f8b bdt-tippy-tooltip\" data-tippy-content=\"&lt;p&gt;Suecia&lt;\/p&gt;\" href=\"javascript:void(0);\" data-tippy=\"\" data-tippy-placement=\"top\" data-tippy-animation=\"fade\" data-tippy-arrow=\"true\">\n\n\t\t\t\t\t\t\t\t\t\t\t\t\t\t\t\t\t\t<svg width=\"20\" height=\"20\" viewBox=\"0 0 20 20\" xmlns=\"http:\/\/www.w3.org\/2000\/svg\" data-svg=\"marker\"><rect x=\"9\" y=\"4\" width=\"1\" height=\"11\"><\/rect><rect x=\"4\" y=\"9\" width=\"11\" height=\"1\"><\/rect><\/svg>\n\t\t\t\t\t\t\n\t\t\t\t<\/a>\n\t\t\t\t\t\t    \t\n\t\t\t\t<a class=\"bdt-marker-item bdt-position-absolute bdt-transform-center bdt-marker bdt-icon elementor-repeater-item-b9c0d33 bdt-tippy-tooltip\" data-tippy-content=\"&lt;p&gt;Costa de Marfil&lt;\/p&gt;\" href=\"javascript:void(0);\" data-tippy=\"\" data-tippy-placement=\"top\" data-tippy-animation=\"fade\" data-tippy-arrow=\"true\">\n\n\t\t\t\t\t\t\t\t\t\t\t\t\t\t\t\t\t\t<svg width=\"20\" height=\"20\" viewBox=\"0 0 20 20\" xmlns=\"http:\/\/www.w3.org\/2000\/svg\" data-svg=\"marker\"><rect x=\"9\" y=\"4\" width=\"1\" height=\"11\"><\/rect><rect x=\"4\" y=\"9\" width=\"11\" height=\"1\"><\/rect><\/svg>\n\t\t\t\t\t\t\n\t\t\t\t<\/a>\n\t\t\t\t\t\t    \t\n\t\t\t\t<a class=\"bdt-marker-item bdt-position-absolute bdt-transform-center bdt-marker bdt-icon elementor-repeater-item-8a7f586 bdt-tippy-tooltip\" data-tippy-content=\"&lt;p&gt;Ghana&lt;\/p&gt;\" href=\"javascript:void(0);\" data-tippy=\"\" data-tippy-placement=\"top\" data-tippy-animation=\"fade\" data-tippy-arrow=\"true\">\n\n\t\t\t\t\t\t\t\t\t\t\t\t\t\t\t\t\t\t<svg width=\"20\" height=\"20\" viewBox=\"0 0 20 20\" xmlns=\"http:\/\/www.w3.org\/2000\/svg\" data-svg=\"marker\"><rect x=\"9\" y=\"4\" width=\"1\" height=\"11\"><\/rect><rect x=\"4\" y=\"9\" width=\"11\" height=\"1\"><\/rect><\/svg>\n\t\t\t\t\t\t\n\t\t\t\t<\/a>\n\t\t\t\t\t\t    \t\n\t\t\t\t<a class=\"bdt-marker-item bdt-position-absolute bdt-transform-center bdt-marker bdt-icon elementor-repeater-item-83c430d bdt-tippy-tooltip\" data-tippy-content=\"&lt;p&gt;Angola&lt;\/p&gt;\" href=\"javascript:void(0);\" data-tippy=\"\" data-tippy-placement=\"top\" data-tippy-animation=\"fade\" data-tippy-arrow=\"true\">\n\n\t\t\t\t\t\t\t\t\t\t\t\t\t\t\t\t\t\t<svg width=\"20\" height=\"20\" viewBox=\"0 0 20 20\" xmlns=\"http:\/\/www.w3.org\/2000\/svg\" data-svg=\"marker\"><rect x=\"9\" y=\"4\" width=\"1\" height=\"11\"><\/rect><rect x=\"4\" y=\"9\" width=\"11\" height=\"1\"><\/rect><\/svg>\n\t\t\t\t\t\t\n\t\t\t\t<\/a>\n\t\t\t\t\t\t    \t\n\t\t\t\t<a class=\"bdt-marker-item bdt-position-absolute bdt-transform-center bdt-marker bdt-icon elementor-repeater-item-98bf47e bdt-tippy-tooltip\" data-tippy-content=\"&lt;p&gt;Uganda&lt;\/p&gt;\" href=\"javascript:void(0);\" data-tippy=\"\" data-tippy-placement=\"top\" data-tippy-animation=\"fade\" data-tippy-arrow=\"true\">\n\n\t\t\t\t\t\t\t\t\t\t\t\t\t\t\t\t\t\t<svg width=\"20\" height=\"20\" viewBox=\"0 0 20 20\" xmlns=\"http:\/\/www.w3.org\/2000\/svg\" data-svg=\"marker\"><rect x=\"9\" y=\"4\" width=\"1\" height=\"11\"><\/rect><rect x=\"4\" y=\"9\" width=\"11\" height=\"1\"><\/rect><\/svg>\n\t\t\t\t\t\t\n\t\t\t\t<\/a>\n\t\t\t\t\n\t\t<\/div>\n\n\t\t\n\t\t\n\t\t\t\t<\/div>\n\t\t\t\t<\/div>\n\t\t\t\t\t\t<\/div>\n\t\t\t\t\t<\/div>\n\t\t<\/div>\n\t\t\t\t\t\t\t\t<\/div>\n\t\t\t\t\t<\/div>\n\t\t<\/section>\n\t\t\t\t<section class=\"elementor-section elementor-top-section elementor-element elementor-element-c1a7976 elementor-section-boxed elementor-section-height-default elementor-section-height-default\" data-id=\"c1a7976\" data-element_type=\"section\">\n\t\t\t\t\t\t<div class=\"elementor-container elementor-column-gap-default\">\n\t\t\t\t\t\t\t<div class=\"elementor-row\">\n\t\t\t\t\t<div class=\"elementor-column elementor-col-100 elementor-top-column elementor-element elementor-element-1fd786b\" data-id=\"1fd786b\" data-element_type=\"column\">\n\t\t\t<div class=\"elementor-column-wrap elementor-element-populated\">\n\t\t\t\t\t\t\t<div class=\"elementor-widget-wrap\">\n\t\t\t\t\t\t<div class=\"elementor-element elementor-element-eba247d elementor-widget elementor-widget-text-editor\" data-id=\"eba247d\" data-element_type=\"widget\" data-widget_type=\"text-editor.default\">\n\t\t\t\t<div class=\"elementor-widget-container\">\n\t\t\t\t\t<div class=\"elementor-text-editor elementor-clearfix\"><p>Nuestros servicios incluyen: carreteras, transporte y movilidad, obras de agua y saneamiento, energ\u00eda y edificaciones. <\/p><\/div>\n\t\t\t\t<\/div>\n\t\t\t\t<\/div>\n\t\t\t\t\t\t<\/div>\n\t\t\t\t\t<\/div>\n\t\t<\/div>\n\t\t\t\t\t\t\t\t<\/div>\n\t\t\t\t\t<\/div>\n\t\t<\/section>\n\t\t\t\t\t\t<\/div>\n\t\t\t\t\t\t<\/div>\n\t\t\t\t\t<\/div>\n\t\t","protected":false},"excerpt":{"rendered":"<p>PRESENCIA GLOBAL QGMI est\u00e1 presente en diversos pa\u00edses. Implementamos nuestros proyectos con el objetivo de mejorar la calidad de vida de las personas, as\u00ed como el desarrollo de estas ciudades y pa\u00edses. Nuestros servicios incluyen: carreteras, transporte y movilidad, obras de agua y saneamiento, energ\u00eda y edificaciones.<\/p>\n","protected":false},"author":1,"featured_media":0,"parent":0,"menu_order":0,"comment_status":"closed","ping_status":"closed","template":"","meta":[],"_links":{"self":[{"href":"https:\/\/proyectos.agenciaeben.com\/qgmi-corp\/wp-json\/wp\/v2\/pages\/3155"}],"collection":[{"href":"https:\/\/proyectos.agenciaeben.com\/qgmi-corp\/wp-json\/wp\/v2\/pages"}],"about":[{"href":"https:\/\/proyectos.agenciaeben.com\/qgmi-corp\/wp-json\/wp\/v2\/types\/page"}],"author":[{"embeddable":true,"href":"https:\/\/proyectos.agenciaeben.com\/qgmi-corp\/wp-json\/wp\/v2\/users\/1"}],"replies":[{"embeddable":true,"href":"https:\/\/proyectos.agenciaeben.com\/qgmi-corp\/wp-json\/wp\/v2\/comments?post=3155"}],"version-history":[{"count":7,"href":"https:\/\/proyectos.agenciaeben.com\/qgmi-corp\/wp-json\/wp\/v2\/pages\/3155\/revisions"}],"predecessor-version":[{"id":3162,"href":"https:\/\/proyectos.agenciaeben.com\/qgmi-corp\/wp-json\/wp\/v2\/pages\/3155\/revisions\/3162"}],"wp:attachment":[{"href":"https:\/\/proyectos.agenciaeben.com\/qgmi-corp\/wp-json\/wp\/v2\/media?parent=3155"}],"curies":[{"name":"wp","href":"https:\/\/api.w.org\/{rel}","templated":true}]}}