

{"id":3091,"date":"2021-06-24T12:36:17","date_gmt":"2021-06-24T12:36:17","guid":{"rendered":"https:\/\/proyectos.agenciaeben.com\/qgmi-corp\/?page_id=3091"},"modified":"2021-06-24T12:44:18","modified_gmt":"2021-06-24T12:44:18","slug":"organigrama-y-embajadores","status":"publish","type":"page","link":"https:\/\/proyectos.agenciaeben.com\/qgmi-corp\/es\/organigrama-y-embajadores\/","title":{"rendered":"Organigrama y embajadores"},"content":{"rendered":"\t\t<div data-elementor-type=\"wp-page\" data-elementor-id=\"3091\" class=\"elementor elementor-3091 elementor-1278\" data-elementor-settings=\"[]\">\n\t\t\t\t\t\t<div class=\"elementor-inner\">\n\t\t\t\t\t\t\t<div class=\"elementor-section-wrap\">\n\t\t\t\t\t\t\t<section class=\"elementor-section elementor-top-section elementor-element elementor-element-1fec4640 elementor-section-height-min-height elementor-section-content-middle elementor-section-boxed elementor-section-height-default elementor-section-items-middle\" data-id=\"1fec4640\" data-element_type=\"section\" data-settings=\"{&quot;background_background&quot;:&quot;classic&quot;}\">\n\t\t\t\t\t\t\t<div class=\"elementor-background-overlay\"><\/div>\n\t\t\t\t\t\t\t<div class=\"elementor-container elementor-column-gap-default\">\n\t\t\t\t\t\t\t<div class=\"elementor-row\">\n\t\t\t\t\t<div class=\"elementor-column elementor-col-100 elementor-top-column elementor-element elementor-element-4774f9ae\" data-id=\"4774f9ae\" data-element_type=\"column\">\n\t\t\t<div class=\"elementor-column-wrap elementor-element-populated\">\n\t\t\t\t\t\t\t<div class=\"elementor-widget-wrap\">\n\t\t\t\t\t\t<div class=\"elementor-element elementor-element-38f18cf6 elementor-widget elementor-widget-heading\" data-id=\"38f18cf6\" data-element_type=\"widget\" data-widget_type=\"heading.default\">\n\t\t\t\t<div class=\"elementor-widget-container\">\n\t\t\t<h1 class=\"elementor-heading-title elementor-size-default\">ORGANIGRAMA Y EMBAJADORES<\/h1>\t\t<\/div>\n\t\t\t\t<\/div>\n\t\t\t\t\t\t<\/div>\n\t\t\t\t\t<\/div>\n\t\t<\/div>\n\t\t\t\t\t\t\t\t<\/div>\n\t\t\t\t\t<\/div>\n\t\t<\/section>\n\t\t\t\t<section class=\"elementor-section elementor-top-section elementor-element elementor-element-7376de8c elementor-section-boxed elementor-section-height-default elementor-section-height-default\" data-id=\"7376de8c\" data-element_type=\"section\">\n\t\t\t\t\t\t<div class=\"elementor-container elementor-column-gap-default\">\n\t\t\t\t\t\t\t<div class=\"elementor-row\">\n\t\t\t\t\t<div class=\"elementor-column elementor-col-50 elementor-top-column elementor-element elementor-element-35edd7f\" data-id=\"35edd7f\" data-element_type=\"column\">\n\t\t\t<div class=\"elementor-column-wrap elementor-element-populated\">\n\t\t\t\t\t\t\t<div class=\"elementor-widget-wrap\">\n\t\t\t\t\t\t<div class=\"elementor-element elementor-element-9c20aa2 elementor-widget elementor-widget-text-editor\" data-id=\"9c20aa2\" data-element_type=\"widget\" data-widget_type=\"text-editor.default\">\n\t\t\t\t<div class=\"elementor-widget-container\">\n\t\t\t\t\t<div class=\"elementor-text-editor elementor-clearfix\"><p>En QGMI no solo abogamos por una cultura \u00e9tica en el desarrollo de nuestra actividad, sino que tambi\u00e9n trabajamos duro para asegurar que toda la cadena de nuestra red comercial (proveedores, socios de negocio, clientes, terceros, etc.) tambi\u00e9n lo sea.<\/p><p>Dado que vivimos en un mundo cada vez m\u00e1s globalizado, es complicado monitorizar las acciones de todos nuestros partners y trasladar de manera eficiente los puntos principales de nuestro programa y nuestro C\u00f3digo de \u00c9tica. Para asegurar y estimular las buenas pr\u00e1cticas dentro y fuera de QGMI, el departamento de compliance necesita apoyarse de colaboradores que se aseguren de que los procesos y procedimientos del Programa de Compliance son implementados en todas sus unidades de negocio.<\/p><p>Este soporte se logra gracias a los Local Compliance Officers (LCOs) y a los embajadores o multiplicadores que, con su trabajo y junto a los Sistemas de Compliance, ayudan a la compa\u00f1\u00eda a prevenir conductas no deseadas o en desacuerdo con nuestros valores, al tiempo que divulgan el Programa de Compliance entre todos los colaboradores de su unidad de negocio. <\/p><\/div>\n\t\t\t\t<\/div>\n\t\t\t\t<\/div>\n\t\t\t\t\t\t<\/div>\n\t\t\t\t\t<\/div>\n\t\t<\/div>\n\t\t\t\t<div class=\"elementor-column elementor-col-50 elementor-top-column elementor-element elementor-element-1c296da8\" data-id=\"1c296da8\" data-element_type=\"column\">\n\t\t\t<div class=\"elementor-column-wrap elementor-element-populated\">\n\t\t\t\t\t\t\t<div class=\"elementor-widget-wrap\">\n\t\t\t\t\t\t<div class=\"elementor-element elementor-element-41013dc elementor-widget elementor-widget-image\" data-id=\"41013dc\" data-element_type=\"widget\" data-widget_type=\"image.default\">\n\t\t\t\t<div class=\"elementor-widget-container\">\n\t\t\t\t\t<div class=\"elementor-image\">\n\t\t\t\t\t\t\t\t\t\t<img width=\"600\" height=\"600\" src=\"https:\/\/proyectos.agenciaeben.com\/qgmi-corp\/wp-content\/uploads\/2021\/06\/cco-compliance-es.png\" class=\"attachment-large size-large\" alt=\"\" loading=\"lazy\" srcset=\"https:\/\/proyectos.agenciaeben.com\/qgmi-corp\/wp-content\/uploads\/2021\/06\/cco-compliance-es.png 600w, https:\/\/proyectos.agenciaeben.com\/qgmi-corp\/wp-content\/uploads\/2021\/06\/cco-compliance-es-300x300.png 300w, https:\/\/proyectos.agenciaeben.com\/qgmi-corp\/wp-content\/uploads\/2021\/06\/cco-compliance-es-150x150.png 150w\" sizes=\"(max-width: 600px) 100vw, 600px\" \/>\t\t\t\t\t\t\t\t\t\t\t<\/div>\n\t\t\t\t<\/div>\n\t\t\t\t<\/div>\n\t\t\t\t\t\t<\/div>\n\t\t\t\t\t<\/div>\n\t\t<\/div>\n\t\t\t\t\t\t\t\t<\/div>\n\t\t\t\t\t<\/div>\n\t\t<\/section>\n\t\t\t\t<section class=\"elementor-section elementor-top-section elementor-element elementor-element-0649027 elementor-section-boxed elementor-section-height-default elementor-section-height-default\" data-id=\"0649027\" data-element_type=\"section\">\n\t\t\t\t\t\t<div class=\"elementor-container elementor-column-gap-default\">\n\t\t\t\t\t\t\t<div class=\"elementor-row\">\n\t\t\t\t\t<div class=\"elementor-column elementor-col-100 elementor-top-column elementor-element elementor-element-4e51f8a\" data-id=\"4e51f8a\" data-element_type=\"column\">\n\t\t\t<div class=\"elementor-column-wrap elementor-element-populated\">\n\t\t\t\t\t\t\t<div class=\"elementor-widget-wrap\">\n\t\t\t\t\t\t<div class=\"elementor-element elementor-element-87c1d79 elementor-widget-divider--view-line elementor-widget elementor-widget-divider\" data-id=\"87c1d79\" data-element_type=\"widget\" data-widget_type=\"divider.default\">\n\t\t\t\t<div class=\"elementor-widget-container\">\n\t\t\t\t\t<div class=\"elementor-divider\">\n\t\t\t<span class=\"elementor-divider-separator\">\n\t\t\t\t\t\t<\/span>\n\t\t<\/div>\n\t\t\t\t<\/div>\n\t\t\t\t<\/div>\n\t\t\t\t\t\t<\/div>\n\t\t\t\t\t<\/div>\n\t\t<\/div>\n\t\t\t\t\t\t\t\t<\/div>\n\t\t\t\t\t<\/div>\n\t\t<\/section>\n\t\t\t\t<section class=\"elementor-section elementor-top-section elementor-element elementor-element-b9976c2 elementor-section-boxed elementor-section-height-default elementor-section-height-default\" data-id=\"b9976c2\" data-element_type=\"section\">\n\t\t\t\t\t\t<div class=\"elementor-container elementor-column-gap-default\">\n\t\t\t\t\t\t\t<div class=\"elementor-row\">\n\t\t\t\t\t<div class=\"elementor-column elementor-col-50 elementor-top-column elementor-element elementor-element-cf7e19f\" data-id=\"cf7e19f\" data-element_type=\"column\">\n\t\t\t<div class=\"elementor-column-wrap elementor-element-populated\">\n\t\t\t\t\t\t\t<div class=\"elementor-widget-wrap\">\n\t\t\t\t\t\t<div class=\"elementor-element elementor-element-fc88459 elementor-widget elementor-widget-image\" data-id=\"fc88459\" data-element_type=\"widget\" data-widget_type=\"image.default\">\n\t\t\t\t<div class=\"elementor-widget-container\">\n\t\t\t\t\t<div class=\"elementor-image\">\n\t\t\t\t\t\t\t\t\t\t<img width=\"160\" height=\"160\" src=\"https:\/\/proyectos.agenciaeben.com\/qgmi-corp\/wp-content\/uploads\/2021\/06\/cco-ingrid-matos.png\" class=\"attachment-full size-full\" alt=\"\" loading=\"lazy\" srcset=\"https:\/\/proyectos.agenciaeben.com\/qgmi-corp\/wp-content\/uploads\/2021\/06\/cco-ingrid-matos.png 160w, https:\/\/proyectos.agenciaeben.com\/qgmi-corp\/wp-content\/uploads\/2021\/06\/cco-ingrid-matos-150x150.png 150w\" sizes=\"(max-width: 160px) 100vw, 160px\" \/>\t\t\t\t\t\t\t\t\t\t\t<\/div>\n\t\t\t\t<\/div>\n\t\t\t\t<\/div>\n\t\t\t\t\t\t<\/div>\n\t\t\t\t\t<\/div>\n\t\t<\/div>\n\t\t\t\t<div class=\"elementor-column elementor-col-50 elementor-top-column elementor-element elementor-element-3849d8e\" data-id=\"3849d8e\" data-element_type=\"column\">\n\t\t\t<div class=\"elementor-column-wrap elementor-element-populated\">\n\t\t\t\t\t\t\t<div class=\"elementor-widget-wrap\">\n\t\t\t\t\t\t<div class=\"elementor-element elementor-element-068799e elementor-widget elementor-widget-text-editor\" data-id=\"068799e\" data-element_type=\"widget\" data-widget_type=\"text-editor.default\">\n\t\t\t\t<div class=\"elementor-widget-container\">\n\t\t\t\t\t<div class=\"elementor-text-editor elementor-clearfix\"><p>Ingrid Matos<br \/><span style=\"font-size: 17px; color: #3c3c3c;\">Chief Compliance Officer<br \/><\/span><\/p><\/div>\n\t\t\t\t<\/div>\n\t\t\t\t<\/div>\n\t\t\t\t\t\t<\/div>\n\t\t\t\t\t<\/div>\n\t\t<\/div>\n\t\t\t\t\t\t\t\t<\/div>\n\t\t\t\t\t<\/div>\n\t\t<\/section>\n\t\t\t\t<section class=\"elementor-section elementor-top-section elementor-element elementor-element-aed1c2c elementor-section-boxed elementor-section-height-default elementor-section-height-default\" data-id=\"aed1c2c\" data-element_type=\"section\">\n\t\t\t\t\t\t<div class=\"elementor-container elementor-column-gap-default\">\n\t\t\t\t\t\t\t<div class=\"elementor-row\">\n\t\t\t\t\t<div class=\"elementor-column elementor-col-100 elementor-top-column elementor-element elementor-element-4e76d92\" data-id=\"4e76d92\" data-element_type=\"column\">\n\t\t\t<div class=\"elementor-column-wrap elementor-element-populated\">\n\t\t\t\t\t\t\t<div class=\"elementor-widget-wrap\">\n\t\t\t\t\t\t<div class=\"elementor-element elementor-element-fcaa2d7 elementor-widget elementor-widget-text-editor\" data-id=\"fcaa2d7\" data-element_type=\"widget\" data-widget_type=\"text-editor.default\">\n\t\t\t\t<div class=\"elementor-widget-container\">\n\t\t\t\t\t<div class=\"elementor-text-editor elementor-clearfix\"><p>Abogada con m\u00e1s de 20 a\u00f1os de experiencia. Es responsable del \u00c1rea de \u00c9tica y Compliance de QGMI desde 2016, implementando el Programa de Compliance, de alcance internacional, que ha sido certificado con las normas ISO 37001 y UNE 19601 en junio\/2018. Adem\u00e1s, es licenciada en Derecho Financiero y tiene un MBA (Escuela INSPER). Ha cursado el Programa de Gesti\u00f3n de Riesgos en Harvard Business School, as\u00ed como ha completado el Advanced Compliance Programme en el IE. Ingrid es una Profesional de Compliance Certificada (CCEP-I) por la SCCE-Society of Corporate Compliance and Ethics (USA) y tambi\u00e9n por la International Compliance Association (ICA \/ UK). <\/p><\/div>\n\t\t\t\t<\/div>\n\t\t\t\t<\/div>\n\t\t\t\t\t\t<\/div>\n\t\t\t\t\t<\/div>\n\t\t<\/div>\n\t\t\t\t\t\t\t\t<\/div>\n\t\t\t\t\t<\/div>\n\t\t<\/section>\n\t\t\t\t<section class=\"elementor-section elementor-top-section elementor-element elementor-element-7841131 elementor-section-boxed elementor-section-height-default elementor-section-height-default\" data-id=\"7841131\" data-element_type=\"section\">\n\t\t\t\t\t\t<div class=\"elementor-container elementor-column-gap-default\">\n\t\t\t\t\t\t\t<div class=\"elementor-row\">\n\t\t\t\t\t<div class=\"elementor-column elementor-col-100 elementor-top-column elementor-element elementor-element-025d225\" data-id=\"025d225\" data-element_type=\"column\">\n\t\t\t<div class=\"elementor-column-wrap elementor-element-populated\">\n\t\t\t\t\t\t\t<div class=\"elementor-widget-wrap\">\n\t\t\t\t\t\t<div class=\"elementor-element elementor-element-357b05b elementor-widget elementor-widget-spacer\" data-id=\"357b05b\" data-element_type=\"widget\" data-widget_type=\"spacer.default\">\n\t\t\t\t<div class=\"elementor-widget-container\">\n\t\t\t\t\t<div class=\"elementor-spacer\">\n\t\t\t<div class=\"elementor-spacer-inner\"><\/div>\n\t\t<\/div>\n\t\t\t\t<\/div>\n\t\t\t\t<\/div>\n\t\t\t\t\t\t<\/div>\n\t\t\t\t\t<\/div>\n\t\t<\/div>\n\t\t\t\t\t\t\t\t<\/div>\n\t\t\t\t\t<\/div>\n\t\t<\/section>\n\t\t\t\t\t\t<\/div>\n\t\t\t\t\t\t<\/div>\n\t\t\t\t\t<\/div>\n\t\t","protected":false},"excerpt":{"rendered":"<p>ORGANIGRAMA Y EMBAJADORES En QGMI no solo abogamos por una cultura \u00e9tica en el desarrollo de nuestra actividad, sino que tambi\u00e9n trabajamos duro para asegurar que toda la cadena de nuestra red comercial (proveedores, socios de negocio, clientes, terceros, etc.) tambi\u00e9n lo sea. Dado que vivimos en un mundo cada vez m\u00e1s globalizado, es complicado &hellip;<\/p>\n<p class=\"read-more\"> <a class=\"\" href=\"https:\/\/proyectos.agenciaeben.com\/qgmi-corp\/es\/organigrama-y-embajadores\/\"> <span class=\"screen-reader-text\">Organigrama y embajadores<\/span> Read More &raquo;<\/a><\/p>\n","protected":false},"author":1,"featured_media":0,"parent":0,"menu_order":0,"comment_status":"closed","ping_status":"closed","template":"","meta":[],"_links":{"self":[{"href":"https:\/\/proyectos.agenciaeben.com\/qgmi-corp\/wp-json\/wp\/v2\/pages\/3091"}],"collection":[{"href":"https:\/\/proyectos.agenciaeben.com\/qgmi-corp\/wp-json\/wp\/v2\/pages"}],"about":[{"href":"https:\/\/proyectos.agenciaeben.com\/qgmi-corp\/wp-json\/wp\/v2\/types\/page"}],"author":[{"embeddable":true,"href":"https:\/\/proyectos.agenciaeben.com\/qgmi-corp\/wp-json\/wp\/v2\/users\/1"}],"replies":[{"embeddable":true,"href":"https:\/\/proyectos.agenciaeben.com\/qgmi-corp\/wp-json\/wp\/v2\/comments?post=3091"}],"version-history":[{"count":7,"href":"https:\/\/proyectos.agenciaeben.com\/qgmi-corp\/wp-json\/wp\/v2\/pages\/3091\/revisions"}],"predecessor-version":[{"id":3118,"href":"https:\/\/proyectos.agenciaeben.com\/qgmi-corp\/wp-json\/wp\/v2\/pages\/3091\/revisions\/3118"}],"wp:attachment":[{"href":"https:\/\/proyectos.agenciaeben.com\/qgmi-corp\/wp-json\/wp\/v2\/media?parent=3091"}],"curies":[{"name":"wp","href":"https:\/\/api.w.org\/{rel}","templated":true}]}}