

{"id":3046,"date":"2021-06-24T12:16:30","date_gmt":"2021-06-24T12:16:30","guid":{"rendered":"https:\/\/proyectos.agenciaeben.com\/qgmi-corp\/?page_id=3046"},"modified":"2021-06-24T12:17:24","modified_gmt":"2021-06-24T12:17:24","slug":"pilares-de-compliance-de-qgmi","status":"publish","type":"page","link":"https:\/\/proyectos.agenciaeben.com\/qgmi-corp\/es\/pilares-de-compliance-de-qgmi\/","title":{"rendered":"Pilares de Compliance de QGMI"},"content":{"rendered":"\t\t<div data-elementor-type=\"wp-page\" data-elementor-id=\"3046\" class=\"elementor elementor-3046 elementor-1173\" data-elementor-settings=\"[]\">\n\t\t\t\t\t\t<div class=\"elementor-inner\">\n\t\t\t\t\t\t\t<div class=\"elementor-section-wrap\">\n\t\t\t\t\t\t\t<section class=\"elementor-section elementor-top-section elementor-element elementor-element-1fec4640 elementor-section-height-min-height elementor-section-content-middle elementor-section-boxed elementor-section-height-default elementor-section-items-middle\" data-id=\"1fec4640\" data-element_type=\"section\" data-settings=\"{&quot;background_background&quot;:&quot;classic&quot;}\">\n\t\t\t\t\t\t\t<div class=\"elementor-background-overlay\"><\/div>\n\t\t\t\t\t\t\t<div class=\"elementor-container elementor-column-gap-default\">\n\t\t\t\t\t\t\t<div class=\"elementor-row\">\n\t\t\t\t\t<div class=\"elementor-column elementor-col-100 elementor-top-column elementor-element elementor-element-4774f9ae\" data-id=\"4774f9ae\" data-element_type=\"column\">\n\t\t\t<div class=\"elementor-column-wrap elementor-element-populated\">\n\t\t\t\t\t\t\t<div class=\"elementor-widget-wrap\">\n\t\t\t\t\t\t<div class=\"elementor-element elementor-element-38f18cf6 elementor-widget elementor-widget-heading\" data-id=\"38f18cf6\" data-element_type=\"widget\" data-widget_type=\"heading.default\">\n\t\t\t\t<div class=\"elementor-widget-container\">\n\t\t\t<h1 class=\"elementor-heading-title elementor-size-default\">PILARES DE COMPLIANCE DE QGMI<\/h1>\t\t<\/div>\n\t\t\t\t<\/div>\n\t\t\t\t\t\t<\/div>\n\t\t\t\t\t<\/div>\n\t\t<\/div>\n\t\t\t\t\t\t\t\t<\/div>\n\t\t\t\t\t<\/div>\n\t\t<\/section>\n\t\t\t\t<section class=\"elementor-section elementor-top-section elementor-element elementor-element-7376de8c elementor-section-boxed elementor-section-height-default elementor-section-height-default\" data-id=\"7376de8c\" data-element_type=\"section\">\n\t\t\t\t\t\t<div class=\"elementor-container elementor-column-gap-default\">\n\t\t\t\t\t\t\t<div class=\"elementor-row\">\n\t\t\t\t\t<div class=\"elementor-column elementor-col-50 elementor-top-column elementor-element elementor-element-35edd7f\" data-id=\"35edd7f\" data-element_type=\"column\">\n\t\t\t<div class=\"elementor-column-wrap elementor-element-populated\">\n\t\t\t\t\t\t\t<div class=\"elementor-widget-wrap\">\n\t\t\t\t\t\t<div class=\"elementor-element elementor-element-9c20aa2 elementor-widget elementor-widget-text-editor\" data-id=\"9c20aa2\" data-element_type=\"widget\" data-widget_type=\"text-editor.default\">\n\t\t\t\t<div class=\"elementor-widget-container\">\n\t\t\t\t\t<div class=\"elementor-text-editor elementor-clearfix\"><p>Nuestro Sistema de \u00c9tica y Compliance est\u00e1 dise\u00f1ado en tres niveles de actuaci\u00f3n: prevenir, detectar y responder. Las medidas preventivas incluyen, entre otras, la gesti\u00f3n de los riesgos de compliance, un proceso mejorado de due diligence, directrices y procedimientos, y un extenso plan de formaci\u00f3n anual para los empleados.<\/p><p>Los canales de comunicaci\u00f3n, como nuestro Canal \u00c9tico, as\u00ed como las investigaciones internas, son indispensables para reconocer y resolver los asuntos relacionados con las conductas indebidas. El sistema est\u00e1 dise\u00f1ado para proporcionar un control general en todas las operaciones de QGMI, especialmente en las jurisdicciones m\u00e1s susceptibles.<\/p><p>Con el fin de mantener un ciclo de mejora, nuestro Programa de \u00c9tica y Compliance se basa en 7 pilares, globalmente reconocidos: <\/p><\/div>\n\t\t\t\t<\/div>\n\t\t\t\t<\/div>\n\t\t\t\t\t\t<\/div>\n\t\t\t\t\t<\/div>\n\t\t<\/div>\n\t\t\t\t<div class=\"elementor-column elementor-col-50 elementor-top-column elementor-element elementor-element-1c296da8\" data-id=\"1c296da8\" data-element_type=\"column\">\n\t\t\t<div class=\"elementor-column-wrap elementor-element-populated\">\n\t\t\t\t\t\t\t<div class=\"elementor-widget-wrap\">\n\t\t\t\t\t\t<div class=\"elementor-element elementor-element-38d156f elementor-widget elementor-widget-image\" data-id=\"38d156f\" data-element_type=\"widget\" data-widget_type=\"image.default\">\n\t\t\t\t<div class=\"elementor-widget-container\">\n\t\t\t\t\t<div class=\"elementor-image\">\n\t\t\t\t\t\t\t\t\t\t<img width=\"685\" height=\"575\" src=\"https:\/\/proyectos.agenciaeben.com\/qgmi-corp\/wp-content\/uploads\/2021\/06\/pilares-de-compliance-es.png\" class=\"attachment-large size-large\" alt=\"\" loading=\"lazy\" srcset=\"https:\/\/proyectos.agenciaeben.com\/qgmi-corp\/wp-content\/uploads\/2021\/06\/pilares-de-compliance-es.png 685w, https:\/\/proyectos.agenciaeben.com\/qgmi-corp\/wp-content\/uploads\/2021\/06\/pilares-de-compliance-es-300x252.png 300w\" sizes=\"(max-width: 685px) 100vw, 685px\" \/>\t\t\t\t\t\t\t\t\t\t\t<\/div>\n\t\t\t\t<\/div>\n\t\t\t\t<\/div>\n\t\t\t\t\t\t<\/div>\n\t\t\t\t\t<\/div>\n\t\t<\/div>\n\t\t\t\t\t\t\t\t<\/div>\n\t\t\t\t\t<\/div>\n\t\t<\/section>\n\t\t\t\t<section class=\"elementor-section elementor-top-section elementor-element elementor-element-ea80775 elementor-section-boxed elementor-section-height-default elementor-section-height-default\" data-id=\"ea80775\" data-element_type=\"section\">\n\t\t\t\t\t\t<div class=\"elementor-container elementor-column-gap-default\">\n\t\t\t\t\t\t\t<div class=\"elementor-row\">\n\t\t\t\t\t<div class=\"elementor-column elementor-col-100 elementor-top-column elementor-element elementor-element-dca66e1\" data-id=\"dca66e1\" data-element_type=\"column\">\n\t\t\t<div class=\"elementor-column-wrap elementor-element-populated\">\n\t\t\t\t\t\t\t<div class=\"elementor-widget-wrap\">\n\t\t\t\t\t\t<div class=\"elementor-element elementor-element-1afc632 elementor-widget elementor-widget-spacer\" data-id=\"1afc632\" data-element_type=\"widget\" data-widget_type=\"spacer.default\">\n\t\t\t\t<div class=\"elementor-widget-container\">\n\t\t\t\t\t<div class=\"elementor-spacer\">\n\t\t\t<div class=\"elementor-spacer-inner\"><\/div>\n\t\t<\/div>\n\t\t\t\t<\/div>\n\t\t\t\t<\/div>\n\t\t\t\t\t\t<\/div>\n\t\t\t\t\t<\/div>\n\t\t<\/div>\n\t\t\t\t\t\t\t\t<\/div>\n\t\t\t\t\t<\/div>\n\t\t<\/section>\n\t\t\t\t\t\t<\/div>\n\t\t\t\t\t\t<\/div>\n\t\t\t\t\t<\/div>\n\t\t","protected":false},"excerpt":{"rendered":"<p>PILARES DE COMPLIANCE DE QGMI Nuestro Sistema de \u00c9tica y Compliance est\u00e1 dise\u00f1ado en tres niveles de actuaci\u00f3n: prevenir, detectar y responder. Las medidas preventivas incluyen, entre otras, la gesti\u00f3n de los riesgos de compliance, un proceso mejorado de due diligence, directrices y procedimientos, y un extenso plan de formaci\u00f3n anual para los empleados. Los &hellip;<\/p>\n<p class=\"read-more\"> <a class=\"\" href=\"https:\/\/proyectos.agenciaeben.com\/qgmi-corp\/es\/pilares-de-compliance-de-qgmi\/\"> <span class=\"screen-reader-text\">Pilares de Compliance de QGMI<\/span> Read More &raquo;<\/a><\/p>\n","protected":false},"author":1,"featured_media":0,"parent":0,"menu_order":0,"comment_status":"closed","ping_status":"closed","template":"","meta":[],"_links":{"self":[{"href":"https:\/\/proyectos.agenciaeben.com\/qgmi-corp\/wp-json\/wp\/v2\/pages\/3046"}],"collection":[{"href":"https:\/\/proyectos.agenciaeben.com\/qgmi-corp\/wp-json\/wp\/v2\/pages"}],"about":[{"href":"https:\/\/proyectos.agenciaeben.com\/qgmi-corp\/wp-json\/wp\/v2\/types\/page"}],"author":[{"embeddable":true,"href":"https:\/\/proyectos.agenciaeben.com\/qgmi-corp\/wp-json\/wp\/v2\/users\/1"}],"replies":[{"embeddable":true,"href":"https:\/\/proyectos.agenciaeben.com\/qgmi-corp\/wp-json\/wp\/v2\/comments?post=3046"}],"version-history":[{"count":4,"href":"https:\/\/proyectos.agenciaeben.com\/qgmi-corp\/wp-json\/wp\/v2\/pages\/3046\/revisions"}],"predecessor-version":[{"id":3056,"href":"https:\/\/proyectos.agenciaeben.com\/qgmi-corp\/wp-json\/wp\/v2\/pages\/3046\/revisions\/3056"}],"wp:attachment":[{"href":"https:\/\/proyectos.agenciaeben.com\/qgmi-corp\/wp-json\/wp\/v2\/media?parent=3046"}],"curies":[{"name":"wp","href":"https:\/\/api.w.org\/{rel}","templated":true}]}}