

{"id":3038,"date":"2021-06-24T12:10:48","date_gmt":"2021-06-24T12:10:48","guid":{"rendered":"https:\/\/proyectos.agenciaeben.com\/qgmi-corp\/?page_id=3038"},"modified":"2021-06-24T20:07:37","modified_gmt":"2021-06-24T20:07:37","slug":"visao-geral-compliance","status":"publish","type":"page","link":"https:\/\/proyectos.agenciaeben.com\/qgmi-corp\/pt-pt\/visao-geral-compliance\/","title":{"rendered":"Vis\u00e3o geral compliance"},"content":{"rendered":"\t\t<div data-elementor-type=\"wp-page\" data-elementor-id=\"3038\" class=\"elementor elementor-3038 elementor-1142\" data-elementor-settings=\"[]\">\n\t\t\t\t\t\t<div class=\"elementor-inner\">\n\t\t\t\t\t\t\t<div class=\"elementor-section-wrap\">\n\t\t\t\t\t\t\t<section class=\"elementor-section elementor-top-section elementor-element elementor-element-1fec4640 elementor-section-height-min-height elementor-section-content-middle elementor-section-boxed elementor-section-height-default elementor-section-items-middle\" data-id=\"1fec4640\" data-element_type=\"section\" data-settings=\"{&quot;background_background&quot;:&quot;classic&quot;}\">\n\t\t\t\t\t\t\t<div class=\"elementor-background-overlay\"><\/div>\n\t\t\t\t\t\t\t<div class=\"elementor-container elementor-column-gap-default\">\n\t\t\t\t\t\t\t<div class=\"elementor-row\">\n\t\t\t\t\t<div class=\"elementor-column elementor-col-100 elementor-top-column elementor-element elementor-element-4774f9ae\" data-id=\"4774f9ae\" data-element_type=\"column\">\n\t\t\t<div class=\"elementor-column-wrap elementor-element-populated\">\n\t\t\t\t\t\t\t<div class=\"elementor-widget-wrap\">\n\t\t\t\t\t\t<div class=\"elementor-element elementor-element-38f18cf6 elementor-widget elementor-widget-heading\" data-id=\"38f18cf6\" data-element_type=\"widget\" data-widget_type=\"heading.default\">\n\t\t\t\t<div class=\"elementor-widget-container\">\n\t\t\t<h1 class=\"elementor-heading-title elementor-size-default\">VIS\u00c3O GERAL<\/h1>\t\t<\/div>\n\t\t\t\t<\/div>\n\t\t\t\t\t\t<\/div>\n\t\t\t\t\t<\/div>\n\t\t<\/div>\n\t\t\t\t\t\t\t\t<\/div>\n\t\t\t\t\t<\/div>\n\t\t<\/section>\n\t\t\t\t<section class=\"elementor-section elementor-top-section elementor-element elementor-element-7376de8c elementor-section-boxed elementor-section-height-default elementor-section-height-default\" data-id=\"7376de8c\" data-element_type=\"section\">\n\t\t\t\t\t\t<div class=\"elementor-container elementor-column-gap-default\">\n\t\t\t\t\t\t\t<div class=\"elementor-row\">\n\t\t\t\t\t<div class=\"elementor-column elementor-col-50 elementor-top-column elementor-element elementor-element-35edd7f\" data-id=\"35edd7f\" data-element_type=\"column\">\n\t\t\t<div class=\"elementor-column-wrap elementor-element-populated\">\n\t\t\t\t\t\t\t<div class=\"elementor-widget-wrap\">\n\t\t\t\t\t\t<div class=\"elementor-element elementor-element-9c20aa2 elementor-widget elementor-widget-text-editor\" data-id=\"9c20aa2\" data-element_type=\"widget\" data-widget_type=\"text-editor.default\">\n\t\t\t\t<div class=\"elementor-widget-container\">\n\t\t\t\t\t<div class=\"elementor-text-editor elementor-clearfix\"><p>O Programa de \u00c9tica e Compliance da QGMI \u00e9 um elemento estrat\u00e9gico fundamental para o crescimento sustent\u00e1vel da empresa. Para n\u00f3s, compliance significa muito mais do que cumprir as leis e normas descritas no Programa de Compliance da QGMI. O nosso programa constitui a base de todas as nossas decis\u00f5es e atividades e \u00e9 um dos principais pilares da realiza\u00e7\u00e3o dos neg\u00f3cios.<\/p>\n<p>O Programa de \u00c9tica e Compliance da QGMI aplica-se em todo o mundo e a todos os n\u00edveis da organiza\u00e7\u00e3o. Para al\u00e9m da luta contra a corrup\u00e7\u00e3o, a concorr\u00eancia desleal e as viola\u00e7\u00f5es do controlo das exporta\u00e7\u00f5es, o departamento de compliance protege a empresa contra a fraude e o branqueamento de capitais, bem como protege os dados pessoais e os direitos humanos. Tamb\u00e9m estamos comprometidos com as mais elevadas normas \u00e9ticas internacionais e iniciativas de integridade, como o Pacto Global das Na\u00e7\u00f5es Unidas e a celebra\u00e7\u00e3o do Dia Internacional contra a Corrup\u00e7\u00e3o.<\/p>\n<p>O Programa de \u00c9tica e Compliance da QGMI \u00e9 um sistema de preven\u00e7\u00e3o de crimes em constante evolu\u00e7\u00e3o e procura sempre antecipar-se \u00e0s tend\u00eancias do setor, o que lhe tem valido a certifica\u00e7\u00e3o, desde junho de 2018, com a ISO 37001 (Sistema Antissuborno) e a UNE 19601 (Sistema Espanhol de Gest\u00e3o de Compliance Penal). <\/p><\/div>\n\t\t\t\t<\/div>\n\t\t\t\t<\/div>\n\t\t\t\t\t\t<\/div>\n\t\t\t\t\t<\/div>\n\t\t<\/div>\n\t\t\t\t<div class=\"elementor-column elementor-col-50 elementor-top-column elementor-element elementor-element-1c296da8\" data-id=\"1c296da8\" data-element_type=\"column\">\n\t\t\t<div class=\"elementor-column-wrap elementor-element-populated\">\n\t\t\t\t\t\t\t<div class=\"elementor-widget-wrap\">\n\t\t\t\t\t\t<div class=\"elementor-element elementor-element-5df599b elementor-aspect-ratio-169 elementor-widget elementor-widget-video\" data-id=\"5df599b\" data-element_type=\"widget\" data-settings=\"{&quot;lightbox&quot;:&quot;yes&quot;,&quot;aspect_ratio&quot;:&quot;169&quot;}\" data-widget_type=\"video.default\">\n\t\t\t\t<div class=\"elementor-widget-container\">\n\t\t\t\t\t<div class=\"elementor-wrapper elementor-open-lightbox\">\n\t\t\t\t\t\t\t<div class=\"elementor-custom-embed-image-overlay\" data-elementor-open-lightbox=\"yes\" data-elementor-lightbox=\"{&quot;type&quot;:&quot;video&quot;,&quot;videoType&quot;:&quot;youtube&quot;,&quot;url&quot;:&quot;https:\\\/\\\/www.youtube-nocookie.com\\\/embed\\\/E2gfwb9O_6w?feature=oembed&amp;start&amp;end&amp;wmode=opaque&amp;loop=0&amp;controls=1&amp;mute=0&amp;rel=0&amp;modestbranding=0&quot;,&quot;modalOptions&quot;:{&quot;id&quot;:&quot;elementor-lightbox-5df599b&quot;,&quot;entranceAnimation&quot;:&quot;&quot;,&quot;entranceAnimation_tablet&quot;:&quot;&quot;,&quot;entranceAnimation_mobile&quot;:&quot;&quot;,&quot;videoAspectRatio&quot;:&quot;169&quot;}}\">\n\t\t\t\t\t\t\t\t\t\t\t<img width=\"690\" height=\"495\" src=\"https:\/\/proyectos.agenciaeben.com\/qgmi-corp\/wp-content\/uploads\/2021\/04\/img-main-overview.jpg\" class=\"attachment-full size-full\" alt=\"\" loading=\"lazy\" srcset=\"https:\/\/proyectos.agenciaeben.com\/qgmi-corp\/wp-content\/uploads\/2021\/04\/img-main-overview.jpg 690w, https:\/\/proyectos.agenciaeben.com\/qgmi-corp\/wp-content\/uploads\/2021\/04\/img-main-overview-300x215.jpg 300w\" sizes=\"(max-width: 690px) 100vw, 690px\" \/>\t\t\t\t\t\t\t\t\t\t\t\t\t\t\t\t<div class=\"elementor-custom-embed-play\" role=\"button\">\n\t\t\t\t\t\t\t<i class=\"eicon-play\" aria-hidden=\"true\"><\/i>\n\t\t\t\t\t\t\t<span class=\"elementor-screen-only\">Play Video<\/span>\n\t\t\t\t\t\t<\/div>\n\t\t\t\t\t\t\t\t\t<\/div>\n\t\t\t\t\t<\/div>\n\t\t\t\t<\/div>\n\t\t\t\t<\/div>\n\t\t\t\t\t\t<\/div>\n\t\t\t\t\t<\/div>\n\t\t<\/div>\n\t\t\t\t\t\t\t\t<\/div>\n\t\t\t\t\t<\/div>\n\t\t<\/section>\n\t\t\t\t<section class=\"elementor-section elementor-top-section elementor-element elementor-element-ea80775 elementor-section-boxed elementor-section-height-default elementor-section-height-default\" data-id=\"ea80775\" data-element_type=\"section\">\n\t\t\t\t\t\t<div class=\"elementor-container elementor-column-gap-default\">\n\t\t\t\t\t\t\t<div class=\"elementor-row\">\n\t\t\t\t\t<div class=\"elementor-column elementor-col-100 elementor-top-column elementor-element elementor-element-dca66e1\" data-id=\"dca66e1\" data-element_type=\"column\">\n\t\t\t<div class=\"elementor-column-wrap elementor-element-populated\">\n\t\t\t\t\t\t\t<div class=\"elementor-widget-wrap\">\n\t\t\t\t\t\t<div class=\"elementor-element elementor-element-1afc632 elementor-widget elementor-widget-spacer\" data-id=\"1afc632\" data-element_type=\"widget\" data-widget_type=\"spacer.default\">\n\t\t\t\t<div class=\"elementor-widget-container\">\n\t\t\t\t\t<div class=\"elementor-spacer\">\n\t\t\t<div class=\"elementor-spacer-inner\"><\/div>\n\t\t<\/div>\n\t\t\t\t<\/div>\n\t\t\t\t<\/div>\n\t\t\t\t\t\t<\/div>\n\t\t\t\t\t<\/div>\n\t\t<\/div>\n\t\t\t\t\t\t\t\t<\/div>\n\t\t\t\t\t<\/div>\n\t\t<\/section>\n\t\t\t\t\t\t<\/div>\n\t\t\t\t\t\t<\/div>\n\t\t\t\t\t<\/div>\n\t\t","protected":false},"excerpt":{"rendered":"<p>VIS\u00c3O GERAL O Programa de \u00c9tica e Compliance da QGMI \u00e9 um elemento estrat\u00e9gico fundamental para o crescimento sustent\u00e1vel da empresa. Para n\u00f3s, compliance significa muito mais do que cumprir as leis e normas descritas no Programa de Compliance da QGMI. O nosso programa constitui a base de todas as nossas decis\u00f5es e atividades e &hellip;<\/p>\n<p class=\"read-more\"> <a class=\"\" href=\"https:\/\/proyectos.agenciaeben.com\/qgmi-corp\/pt-pt\/visao-geral-compliance\/\"> <span class=\"screen-reader-text\">Vis\u00e3o geral compliance<\/span> Read More &raquo;<\/a><\/p>\n","protected":false},"author":1,"featured_media":0,"parent":0,"menu_order":0,"comment_status":"closed","ping_status":"closed","template":"","meta":[],"_links":{"self":[{"href":"https:\/\/proyectos.agenciaeben.com\/qgmi-corp\/wp-json\/wp\/v2\/pages\/3038"}],"collection":[{"href":"https:\/\/proyectos.agenciaeben.com\/qgmi-corp\/wp-json\/wp\/v2\/pages"}],"about":[{"href":"https:\/\/proyectos.agenciaeben.com\/qgmi-corp\/wp-json\/wp\/v2\/types\/page"}],"author":[{"embeddable":true,"href":"https:\/\/proyectos.agenciaeben.com\/qgmi-corp\/wp-json\/wp\/v2\/users\/1"}],"replies":[{"embeddable":true,"href":"https:\/\/proyectos.agenciaeben.com\/qgmi-corp\/wp-json\/wp\/v2\/comments?post=3038"}],"version-history":[{"count":10,"href":"https:\/\/proyectos.agenciaeben.com\/qgmi-corp\/wp-json\/wp\/v2\/pages\/3038\/revisions"}],"predecessor-version":[{"id":3331,"href":"https:\/\/proyectos.agenciaeben.com\/qgmi-corp\/wp-json\/wp\/v2\/pages\/3038\/revisions\/3331"}],"wp:attachment":[{"href":"https:\/\/proyectos.agenciaeben.com\/qgmi-corp\/wp-json\/wp\/v2\/media?parent=3038"}],"curies":[{"name":"wp","href":"https:\/\/api.w.org\/{rel}","templated":true}]}}