

{"id":2943,"date":"2021-06-24T10:58:20","date_gmt":"2021-06-24T10:58:20","guid":{"rendered":"https:\/\/proyectos.agenciaeben.com\/qgmi-corp\/?page_id=2943"},"modified":"2021-06-24T11:17:10","modified_gmt":"2021-06-24T11:17:10","slug":"innovacion","status":"publish","type":"page","link":"https:\/\/proyectos.agenciaeben.com\/qgmi-corp\/es\/innovacion\/","title":{"rendered":"Innovaci\u00f3n"},"content":{"rendered":"\t\t<div data-elementor-type=\"wp-page\" data-elementor-id=\"2943\" class=\"elementor elementor-2943 elementor-1342\" data-elementor-settings=\"[]\">\n\t\t\t\t\t\t<div class=\"elementor-inner\">\n\t\t\t\t\t\t\t<div class=\"elementor-section-wrap\">\n\t\t\t\t\t\t\t<section class=\"elementor-section elementor-top-section elementor-element elementor-element-1fec4640 elementor-section-height-min-height elementor-section-content-middle elementor-section-boxed elementor-section-height-default elementor-section-items-middle\" data-id=\"1fec4640\" data-element_type=\"section\" data-settings=\"{&quot;background_background&quot;:&quot;classic&quot;}\">\n\t\t\t\t\t\t\t<div class=\"elementor-background-overlay\"><\/div>\n\t\t\t\t\t\t\t<div class=\"elementor-container elementor-column-gap-default\">\n\t\t\t\t\t\t\t<div class=\"elementor-row\">\n\t\t\t\t\t<div class=\"elementor-column elementor-col-100 elementor-top-column elementor-element elementor-element-4774f9ae\" data-id=\"4774f9ae\" data-element_type=\"column\">\n\t\t\t<div class=\"elementor-column-wrap elementor-element-populated\">\n\t\t\t\t\t\t\t<div class=\"elementor-widget-wrap\">\n\t\t\t\t\t\t<div class=\"elementor-element elementor-element-38f18cf6 elementor-widget elementor-widget-heading\" data-id=\"38f18cf6\" data-element_type=\"widget\" data-widget_type=\"heading.default\">\n\t\t\t\t<div class=\"elementor-widget-container\">\n\t\t\t<h1 class=\"elementor-heading-title elementor-size-default\">INNOVACI\u00d3N<\/h1>\t\t<\/div>\n\t\t\t\t<\/div>\n\t\t\t\t\t\t<\/div>\n\t\t\t\t\t<\/div>\n\t\t<\/div>\n\t\t\t\t\t\t\t\t<\/div>\n\t\t\t\t\t<\/div>\n\t\t<\/section>\n\t\t\t\t<section class=\"elementor-section elementor-top-section elementor-element elementor-element-7376de8c elementor-section-boxed elementor-section-height-default elementor-section-height-default\" data-id=\"7376de8c\" data-element_type=\"section\">\n\t\t\t\t\t\t<div class=\"elementor-container elementor-column-gap-default\">\n\t\t\t\t\t\t\t<div class=\"elementor-row\">\n\t\t\t\t\t<div class=\"elementor-column elementor-col-100 elementor-top-column elementor-element elementor-element-35edd7f\" data-id=\"35edd7f\" data-element_type=\"column\">\n\t\t\t<div class=\"elementor-column-wrap elementor-element-populated\">\n\t\t\t\t\t\t\t<div class=\"elementor-widget-wrap\">\n\t\t\t\t\t\t<div class=\"elementor-element elementor-element-9c20aa2 elementor-widget elementor-widget-text-editor\" data-id=\"9c20aa2\" data-element_type=\"widget\" data-widget_type=\"text-editor.default\">\n\t\t\t\t<div class=\"elementor-widget-container\">\n\t\t\t\t\t<div class=\"elementor-text-editor elementor-clearfix\"><p>En QGMI creemos firmemente en liderar a trav\u00e9s de la innovaci\u00f3n. Esto implica desafiar algunas pr\u00e1cticas convencionales y utilizar nuevos equipos y materiales, as\u00ed como nuevas tecnolog\u00edas de construcci\u00f3n, invirtiendo en el futuro y compartiendo conocimientos y experiencias con socios y clientes. <\/p><\/div>\n\t\t\t\t<\/div>\n\t\t\t\t<\/div>\n\t\t\t\t\t\t<\/div>\n\t\t\t\t\t<\/div>\n\t\t<\/div>\n\t\t\t\t\t\t\t\t<\/div>\n\t\t\t\t\t<\/div>\n\t\t<\/section>\n\t\t\t\t<section class=\"elementor-section elementor-top-section elementor-element elementor-element-654eb9c elementor-section-stretched elementor-section-boxed elementor-section-height-default elementor-section-height-default\" data-id=\"654eb9c\" data-element_type=\"section\" data-settings=\"{&quot;stretch_section&quot;:&quot;section-stretched&quot;,&quot;background_background&quot;:&quot;classic&quot;}\">\n\t\t\t\t\t\t<div class=\"elementor-container elementor-column-gap-default\">\n\t\t\t\t\t\t\t<div class=\"elementor-row\">\n\t\t\t\t\t<div class=\"elementor-column elementor-col-33 elementor-top-column elementor-element elementor-element-2e05556\" data-id=\"2e05556\" data-element_type=\"column\" data-settings=\"{&quot;background_background&quot;:&quot;classic&quot;}\">\n\t\t\t<div class=\"elementor-column-wrap elementor-element-populated\">\n\t\t\t\t\t\t\t<div class=\"elementor-widget-wrap\">\n\t\t\t\t\t\t<div class=\"elementor-element elementor-element-85641d7 bdt-flip-box-effect-zoom-in elementor-widget elementor-widget-bdt-flip-box\" data-id=\"85641d7\" data-element_type=\"widget\" data-widget_type=\"bdt-flip-box.default\">\n\t\t\t\t<div class=\"elementor-widget-container\">\n\t\t\t\t\t<div class=\"bdt-flip-box\">\n\t\t\t<div class=\"bdt-flip-box-layer bdt-flip-box-front\">\n\t\t\t\t<div class=\"bdt-flip-box-layer-overlay\">\n\t\t\t\t\t<div class=\"bdt-flip-box-layer-inner\">\n\t\t\t\t\t\t\n\t\t\t\t\t\t\t\t\t\t\t\t\t<h3 class=\"bdt-flip-box-layer-title\">\n\t\t\t\t\t\t\t\tSAE<br \/>(Sistema de Monitorizaci\u00f3n Electr\u00f3nico)\t\t\t\t\t\t\t<\/h3>\n\t\t\t\t\t\t\n\t\t\t\t\t\t\t\t\t\t\t<\/div>\n\t\t\t\t<\/div>\n\t\t\t<\/div>\n\t\t\t<a class=\"bdt-flip-box-layer bdt-flip-box-back\" href=\"#elementor-action%3Aaction%3Dpopup%3Aopen%26settings%3DeyJpZCI6IjI5NTkiLCJ0b2dnbGUiOmZhbHNlfQ%3D%3D\">\n\t\t\t\t<div class=\"bdt-flip-box-layer-overlay\">\n\t\t\t\t\t<div class=\"bdt-flip-box-layer-inner\">\n\t\t\t\t\t\t\n\t\t\t\t\t\t\n\t\t\t\t\t\t\t\t\t\t\t\t\t<button class=\"bdt-flip-box-button elementor-button elementor-size-sm \">\n\t\t\t\t\t\t\t\tM\u00c1S INFORMACI\u00d3N\t\t\t\t\t\t\t<\/button>\n\t\t\t\t\t\t\t\t\t\t\t<\/div>\n\t\t\t\t<\/div>\n\t\t\t<\/a>\n\t\t<\/div>\n\t\t\t\t<\/div>\n\t\t\t\t<\/div>\n\t\t\t\t\t\t<\/div>\n\t\t\t\t\t<\/div>\n\t\t<\/div>\n\t\t\t\t<div class=\"elementor-column elementor-col-33 elementor-top-column elementor-element elementor-element-56a0f8f\" data-id=\"56a0f8f\" data-element_type=\"column\">\n\t\t\t<div class=\"elementor-column-wrap elementor-element-populated\">\n\t\t\t\t\t\t\t<div class=\"elementor-widget-wrap\">\n\t\t\t\t\t\t<div class=\"elementor-element elementor-element-8a87482 bdt-flip-box-effect-zoom-in elementor-widget elementor-widget-bdt-flip-box\" data-id=\"8a87482\" data-element_type=\"widget\" data-widget_type=\"bdt-flip-box.default\">\n\t\t\t\t<div class=\"elementor-widget-container\">\n\t\t\t\t\t<div class=\"bdt-flip-box\">\n\t\t\t<div class=\"bdt-flip-box-layer bdt-flip-box-front\">\n\t\t\t\t<div class=\"bdt-flip-box-layer-overlay\">\n\t\t\t\t\t<div class=\"bdt-flip-box-layer-inner\">\n\t\t\t\t\t\t\n\t\t\t\t\t\t\t\t\t\t\t\t\t<h3 class=\"bdt-flip-box-layer-title\">\n\t\t\t\t\t\t\t\tSistema de<br \/>Control GPS\t\t\t\t\t\t\t<\/h3>\n\t\t\t\t\t\t\n\t\t\t\t\t\t\t\t\t\t\t<\/div>\n\t\t\t\t<\/div>\n\t\t\t<\/div>\n\t\t\t<a class=\"bdt-flip-box-layer bdt-flip-box-back\" href=\"#elementor-action%3Aaction%3Dpopup%3Aopen%26settings%3DeyJpZCI6IjI5NjMiLCJ0b2dnbGUiOmZhbHNlfQ%3D%3D\">\n\t\t\t\t<div class=\"bdt-flip-box-layer-overlay\">\n\t\t\t\t\t<div class=\"bdt-flip-box-layer-inner\">\n\t\t\t\t\t\t\n\t\t\t\t\t\t\n\t\t\t\t\t\t\t\t\t\t\t\t\t<button class=\"bdt-flip-box-button elementor-button elementor-size-sm \">\n\t\t\t\t\t\t\t\tM\u00c1S INFORMACI\u00d3N\t\t\t\t\t\t\t<\/button>\n\t\t\t\t\t\t\t\t\t\t\t<\/div>\n\t\t\t\t<\/div>\n\t\t\t<\/a>\n\t\t<\/div>\n\t\t\t\t<\/div>\n\t\t\t\t<\/div>\n\t\t\t\t\t\t<\/div>\n\t\t\t\t\t<\/div>\n\t\t<\/div>\n\t\t\t\t<div class=\"elementor-column elementor-col-33 elementor-top-column elementor-element elementor-element-44a8c4f\" data-id=\"44a8c4f\" data-element_type=\"column\">\n\t\t\t<div class=\"elementor-column-wrap elementor-element-populated\">\n\t\t\t\t\t\t\t<div class=\"elementor-widget-wrap\">\n\t\t\t\t\t\t<div class=\"elementor-element elementor-element-c52ccdf bdt-flip-box-effect-zoom-in elementor-widget elementor-widget-bdt-flip-box\" data-id=\"c52ccdf\" data-element_type=\"widget\" data-widget_type=\"bdt-flip-box.default\">\n\t\t\t\t<div class=\"elementor-widget-container\">\n\t\t\t\t\t<div class=\"bdt-flip-box\">\n\t\t\t<div class=\"bdt-flip-box-layer bdt-flip-box-front\">\n\t\t\t\t<div class=\"bdt-flip-box-layer-overlay\">\n\t\t\t\t\t<div class=\"bdt-flip-box-layer-inner\">\n\t\t\t\t\t\t\n\t\t\t\t\t\t\t\t\t\t\t\t\t<h3 class=\"bdt-flip-box-layer-title\">\n\t\t\t\t\t\t\t\tGesti\u00f3n Integrada de Residuos\t\t\t\t\t\t\t<\/h3>\n\t\t\t\t\t\t\n\t\t\t\t\t\t\t\t\t\t\t<\/div>\n\t\t\t\t<\/div>\n\t\t\t<\/div>\n\t\t\t<a class=\"bdt-flip-box-layer bdt-flip-box-back\" href=\"#elementor-action%3Aaction%3Dpopup%3Aopen%26settings%3DeyJpZCI6IjI5NjciLCJ0b2dnbGUiOmZhbHNlfQ%3D%3D\">\n\t\t\t\t<div class=\"bdt-flip-box-layer-overlay\">\n\t\t\t\t\t<div class=\"bdt-flip-box-layer-inner\">\n\t\t\t\t\t\t\n\t\t\t\t\t\t\n\t\t\t\t\t\t\t\t\t\t\t\t\t<button class=\"bdt-flip-box-button elementor-button elementor-size-sm \">\n\t\t\t\t\t\t\t\tM\u00c1S INFORMACI\u00d3N\t\t\t\t\t\t\t<\/button>\n\t\t\t\t\t\t\t\t\t\t\t<\/div>\n\t\t\t\t<\/div>\n\t\t\t<\/a>\n\t\t<\/div>\n\t\t\t\t<\/div>\n\t\t\t\t<\/div>\n\t\t\t\t\t\t<\/div>\n\t\t\t\t\t<\/div>\n\t\t<\/div>\n\t\t\t\t\t\t\t\t<\/div>\n\t\t\t\t\t<\/div>\n\t\t<\/section>\n\t\t\t\t\t\t<\/div>\n\t\t\t\t\t\t<\/div>\n\t\t\t\t\t<\/div>\n\t\t","protected":false},"excerpt":{"rendered":"<p>INNOVACI\u00d3N En QGMI creemos firmemente en liderar a trav\u00e9s de la innovaci\u00f3n. Esto implica desafiar algunas pr\u00e1cticas convencionales y utilizar nuevos equipos y materiales, as\u00ed como nuevas tecnolog\u00edas de construcci\u00f3n, invirtiendo en el futuro y compartiendo conocimientos y experiencias con socios y clientes. SAE(Sistema de Monitorizaci\u00f3n Electr\u00f3nico) M\u00c1S INFORMACI\u00d3N Sistema deControl GPS M\u00c1S INFORMACI\u00d3N Gesti\u00f3n &hellip;<\/p>\n<p class=\"read-more\"> <a class=\"\" href=\"https:\/\/proyectos.agenciaeben.com\/qgmi-corp\/es\/innovacion\/\"> <span class=\"screen-reader-text\">Innovaci\u00f3n<\/span> Read More &raquo;<\/a><\/p>\n","protected":false},"author":1,"featured_media":0,"parent":0,"menu_order":0,"comment_status":"closed","ping_status":"closed","template":"","meta":[],"_links":{"self":[{"href":"https:\/\/proyectos.agenciaeben.com\/qgmi-corp\/wp-json\/wp\/v2\/pages\/2943"}],"collection":[{"href":"https:\/\/proyectos.agenciaeben.com\/qgmi-corp\/wp-json\/wp\/v2\/pages"}],"about":[{"href":"https:\/\/proyectos.agenciaeben.com\/qgmi-corp\/wp-json\/wp\/v2\/types\/page"}],"author":[{"embeddable":true,"href":"https:\/\/proyectos.agenciaeben.com\/qgmi-corp\/wp-json\/wp\/v2\/users\/1"}],"replies":[{"embeddable":true,"href":"https:\/\/proyectos.agenciaeben.com\/qgmi-corp\/wp-json\/wp\/v2\/comments?post=2943"}],"version-history":[{"count":10,"href":"https:\/\/proyectos.agenciaeben.com\/qgmi-corp\/wp-json\/wp\/v2\/pages\/2943\/revisions"}],"predecessor-version":[{"id":2972,"href":"https:\/\/proyectos.agenciaeben.com\/qgmi-corp\/wp-json\/wp\/v2\/pages\/2943\/revisions\/2972"}],"wp:attachment":[{"href":"https:\/\/proyectos.agenciaeben.com\/qgmi-corp\/wp-json\/wp\/v2\/media?parent=2943"}],"curies":[{"name":"wp","href":"https:\/\/api.w.org\/{rel}","templated":true}]}}