

{"id":2777,"date":"2021-06-24T07:34:13","date_gmt":"2021-06-24T07:34:13","guid":{"rendered":"https:\/\/proyectos.agenciaeben.com\/qgmi-corp\/?page_id=2777"},"modified":"2021-06-24T07:35:30","modified_gmt":"2021-06-24T07:35:30","slug":"trabajos-de-agua-y-saneamiento","status":"publish","type":"page","link":"https:\/\/proyectos.agenciaeben.com\/qgmi-corp\/es\/trabajos-de-agua-y-saneamiento\/","title":{"rendered":"Trabajos de agua y saneamiento"},"content":{"rendered":"\t\t<div data-elementor-type=\"wp-page\" data-elementor-id=\"2777\" class=\"elementor elementor-2777 elementor-776\" data-elementor-settings=\"[]\">\n\t\t\t\t\t\t<div class=\"elementor-inner\">\n\t\t\t\t\t\t\t<div class=\"elementor-section-wrap\">\n\t\t\t\t\t\t\t<section class=\"elementor-section elementor-top-section elementor-element elementor-element-1fec4640 elementor-section-height-min-height elementor-section-content-middle elementor-section-boxed elementor-section-height-default elementor-section-items-middle\" data-id=\"1fec4640\" data-element_type=\"section\" data-settings=\"{&quot;background_background&quot;:&quot;classic&quot;}\">\n\t\t\t\t\t\t\t<div class=\"elementor-background-overlay\"><\/div>\n\t\t\t\t\t\t\t<div class=\"elementor-container elementor-column-gap-default\">\n\t\t\t\t\t\t\t<div class=\"elementor-row\">\n\t\t\t\t\t<div class=\"elementor-column elementor-col-100 elementor-top-column elementor-element elementor-element-4774f9ae\" data-id=\"4774f9ae\" data-element_type=\"column\">\n\t\t\t<div class=\"elementor-column-wrap elementor-element-populated\">\n\t\t\t\t\t\t\t<div class=\"elementor-widget-wrap\">\n\t\t\t\t\t\t<div class=\"elementor-element elementor-element-38f18cf6 elementor-widget elementor-widget-heading\" data-id=\"38f18cf6\" data-element_type=\"widget\" data-widget_type=\"heading.default\">\n\t\t\t\t<div class=\"elementor-widget-container\">\n\t\t\t<h1 class=\"elementor-heading-title elementor-size-default\">TRABAJOS DE AGUA Y SANEAMIENTO<\/h1>\t\t<\/div>\n\t\t\t\t<\/div>\n\t\t\t\t\t\t<\/div>\n\t\t\t\t\t<\/div>\n\t\t<\/div>\n\t\t\t\t\t\t\t\t<\/div>\n\t\t\t\t\t<\/div>\n\t\t<\/section>\n\t\t\t\t<section class=\"elementor-section elementor-top-section elementor-element elementor-element-ff0247e elementor-section-boxed elementor-section-height-default elementor-section-height-default\" data-id=\"ff0247e\" data-element_type=\"section\">\n\t\t\t\t\t\t<div class=\"elementor-container elementor-column-gap-default\">\n\t\t\t\t\t\t\t<div class=\"elementor-row\">\n\t\t\t\t\t<div class=\"elementor-column elementor-col-66 elementor-top-column elementor-element elementor-element-9a02758\" data-id=\"9a02758\" data-element_type=\"column\">\n\t\t\t<div class=\"elementor-column-wrap elementor-element-populated\">\n\t\t\t\t\t\t\t<div class=\"elementor-widget-wrap\">\n\t\t\t\t\t\t<div class=\"elementor-element elementor-element-d8156dc elementor-widget elementor-widget-text-editor\" data-id=\"d8156dc\" data-element_type=\"widget\" data-widget_type=\"text-editor.default\">\n\t\t\t\t<div class=\"elementor-widget-container\">\n\t\t\t\t\t<div class=\"elementor-text-editor elementor-clearfix\"><p>QGMI ofrece un paquete completo de soluciones: agua, aguas residuales y control de inundaciones. Nuestro conocimiento del entorno normativo nos permite adaptar las soluciones para ayudar a nuestros clientes a satisfacer las necesidades de las partes interesadas, desde el inversor hasta el usuario final.<\/p><p>Trabajamos estrechamente con los municipios en proyectos de todo tipo, desde c\u00f3mo acometer los desbordamientos del alcantarillado, hasta las soluciones m\u00e1s respetuosas con el medioambiente para la gesti\u00f3n de las aguas pluviales. Abordamos cuestiones como la recogida, el tratamiento y la reutilizaci\u00f3n de las aguas residuales para nuestros clientes, aportando soluciones sostenibles, innovadoras y econ\u00f3micas para satisfacer sus necesidades. <\/p><\/div>\n\t\t\t\t<\/div>\n\t\t\t\t<\/div>\n\t\t\t\t\t\t<\/div>\n\t\t\t\t\t<\/div>\n\t\t<\/div>\n\t\t\t\t<div class=\"elementor-column elementor-col-33 elementor-top-column elementor-element elementor-element-af29527\" data-id=\"af29527\" data-element_type=\"column\" data-settings=\"{&quot;background_background&quot;:&quot;classic&quot;}\">\n\t\t\t<div class=\"elementor-column-wrap elementor-element-populated\">\n\t\t\t\t\t\t\t<div class=\"elementor-widget-wrap\">\n\t\t\t\t\t\t<div class=\"elementor-element elementor-element-2724265 elementor-widget elementor-widget-heading\" data-id=\"2724265\" data-element_type=\"widget\" data-widget_type=\"heading.default\">\n\t\t\t\t<div class=\"elementor-widget-container\">\n\t\t\t<h3 class=\"elementor-heading-title elementor-size-default\">TRABAJOS<\/h3>\t\t<\/div>\n\t\t\t\t<\/div>\n\t\t\t\t<div class=\"elementor-element elementor-element-f62cac9 elementor-icon-list--layout-traditional elementor-list-item-link-full_width elementor-widget elementor-widget-icon-list\" data-id=\"f62cac9\" data-element_type=\"widget\" data-widget_type=\"icon-list.default\">\n\t\t\t\t<div class=\"elementor-widget-container\">\n\t\t\t\t\t<ul class=\"elementor-icon-list-items\">\n\t\t\t\t\t\t\t<li class=\"elementor-icon-list-item\">\n\t\t\t\t\t\t\t\t\t\t\t<span class=\"elementor-icon-list-icon\">\n\t\t\t\t\t\t\t<i aria-hidden=\"true\" class=\"fas fa-circle\"><\/i>\t\t\t\t\t\t<\/span>\n\t\t\t\t\t\t\t\t\t\t<span class=\"elementor-icon-list-text\">Soluciones para la gesti\u00f3n de inundaciones<\/span>\n\t\t\t\t\t\t\t\t\t<\/li>\n\t\t\t\t\t\t\t\t<li class=\"elementor-icon-list-item\">\n\t\t\t\t\t\t\t\t\t\t\t<span class=\"elementor-icon-list-icon\">\n\t\t\t\t\t\t\t<i aria-hidden=\"true\" class=\"fas fa-circle\"><\/i>\t\t\t\t\t\t<\/span>\n\t\t\t\t\t\t\t\t\t\t<span class=\"elementor-icon-list-text\">Drenaje<\/span>\n\t\t\t\t\t\t\t\t\t<\/li>\n\t\t\t\t\t\t\t\t<li class=\"elementor-icon-list-item\">\n\t\t\t\t\t\t\t\t\t\t\t<span class=\"elementor-icon-list-icon\">\n\t\t\t\t\t\t\t<i aria-hidden=\"true\" class=\"fas fa-circle\"><\/i>\t\t\t\t\t\t<\/span>\n\t\t\t\t\t\t\t\t\t\t<span class=\"elementor-icon-list-text\">Mejora de la calidad del agua<\/span>\n\t\t\t\t\t\t\t\t\t<\/li>\n\t\t\t\t\t\t\t\t<li class=\"elementor-icon-list-item\">\n\t\t\t\t\t\t\t\t\t\t\t<span class=\"elementor-icon-list-icon\">\n\t\t\t\t\t\t\t<i aria-hidden=\"true\" class=\"fas fa-circle\"><\/i>\t\t\t\t\t\t<\/span>\n\t\t\t\t\t\t\t\t\t\t<span class=\"elementor-icon-list-text\">Sistemas de riego<\/span>\n\t\t\t\t\t\t\t\t\t<\/li>\n\t\t\t\t\t\t<\/ul>\n\t\t\t\t<\/div>\n\t\t\t\t<\/div>\n\t\t\t\t<div class=\"elementor-element elementor-element-04fbfe9 elementor-widget elementor-widget-spacer\" data-id=\"04fbfe9\" data-element_type=\"widget\" data-widget_type=\"spacer.default\">\n\t\t\t\t<div class=\"elementor-widget-container\">\n\t\t\t\t\t<div class=\"elementor-spacer\">\n\t\t\t<div class=\"elementor-spacer-inner\"><\/div>\n\t\t<\/div>\n\t\t\t\t<\/div>\n\t\t\t\t<\/div>\n\t\t\t\t\t\t<\/div>\n\t\t\t\t\t<\/div>\n\t\t<\/div>\n\t\t\t\t\t\t\t\t<\/div>\n\t\t\t\t\t<\/div>\n\t\t<\/section>\n\t\t\t\t<section class=\"elementor-section elementor-top-section elementor-element elementor-element-f5e2944 elementor-hidden-desktop elementor-hidden-tablet elementor-hidden-phone elementor-section-boxed elementor-section-height-default elementor-section-height-default\" data-id=\"f5e2944\" data-element_type=\"section\">\n\t\t\t\t\t\t<div class=\"elementor-container elementor-column-gap-default\">\n\t\t\t\t\t\t\t<div class=\"elementor-row\">\n\t\t\t\t\t<div class=\"elementor-column elementor-col-50 elementor-top-column elementor-element elementor-element-3184497\" data-id=\"3184497\" data-element_type=\"column\">\n\t\t\t<div class=\"elementor-column-wrap elementor-element-populated\">\n\t\t\t\t\t\t\t<div class=\"elementor-widget-wrap\">\n\t\t\t\t\t\t<div class=\"elementor-element elementor-element-639fde9 animated-slow elementor-invisible elementor-widget elementor-widget-bdt-image-compare\" data-id=\"639fde9\" data-element_type=\"widget\" data-settings=\"{&quot;_animation&quot;:&quot;none&quot;,&quot;_animation_delay&quot;:1000}\" data-widget_type=\"bdt-image-compare.default\">\n\t\t\t\t<div class=\"elementor-widget-container\">\n\t\t\t\t\t<div class=\"bdt-image-compare bdt-position-relative\">\n\t\t\t<div id=\"image-compare-639fde9\" class=\"image-compare bdt-image-compare-overlay\" data-settings=\"{&quot;id&quot;:&quot;image-compare-639fde9&quot;,&quot;default_offset_pct&quot;:80,&quot;before_label&quot;:&quot;Before&quot;,&quot;after_label&quot;:&quot;After&quot;,&quot;no_overlay&quot;:true,&quot;on_hover&quot;:true,&quot;add_circle&quot;:true,&quot;bar_color&quot;:&quot;#fff&quot;}\">\n\t\t\t\t<img width=\"580\" height=\"350\" src=\"https:\/\/proyectos.agenciaeben.com\/qgmi-corp\/wp-content\/uploads\/2021\/03\/Construccion-de-reservorio-elevado-before.jpg\" class=\"attachment-full size-full\" alt=\"\" loading=\"lazy\" srcset=\"https:\/\/proyectos.agenciaeben.com\/qgmi-corp\/wp-content\/uploads\/2021\/03\/Construccion-de-reservorio-elevado-before.jpg 580w, https:\/\/proyectos.agenciaeben.com\/qgmi-corp\/wp-content\/uploads\/2021\/03\/Construccion-de-reservorio-elevado-before-300x181.jpg 300w\" sizes=\"(max-width: 580px) 100vw, 580px\" \/>\t\t\t\t<img width=\"580\" height=\"350\" src=\"https:\/\/proyectos.agenciaeben.com\/qgmi-corp\/wp-content\/uploads\/2021\/03\/Construccion-de-reservorio-elevado-after.jpg\" class=\"attachment-full size-full\" alt=\"\" loading=\"lazy\" srcset=\"https:\/\/proyectos.agenciaeben.com\/qgmi-corp\/wp-content\/uploads\/2021\/03\/Construccion-de-reservorio-elevado-after.jpg 580w, https:\/\/proyectos.agenciaeben.com\/qgmi-corp\/wp-content\/uploads\/2021\/03\/Construccion-de-reservorio-elevado-after-300x181.jpg 300w\" sizes=\"(max-width: 580px) 100vw, 580px\" \/>\t\t\t<\/div>\n\t\t<\/div>\n\n\t\t\t\t<\/div>\n\t\t\t\t<\/div>\n\t\t\t\t<div class=\"elementor-element elementor-element-206b4c8 elementor-widget elementor-widget-text-editor\" data-id=\"206b4c8\" data-element_type=\"widget\" data-widget_type=\"text-editor.default\">\n\t\t\t\t<div class=\"elementor-widget-container\">\n\t\t\t\t\t<div class=\"elementor-text-editor elementor-clearfix\"><strong>Construction of elevated reservoir<\/strong><\/div>\n\t\t\t\t<\/div>\n\t\t\t\t<\/div>\n\t\t\t\t\t\t<\/div>\n\t\t\t\t\t<\/div>\n\t\t<\/div>\n\t\t\t\t<div class=\"elementor-column elementor-col-50 elementor-top-column elementor-element elementor-element-0972697\" data-id=\"0972697\" data-element_type=\"column\">\n\t\t\t<div class=\"elementor-column-wrap elementor-element-populated\">\n\t\t\t\t\t\t\t<div class=\"elementor-widget-wrap\">\n\t\t\t\t\t\t<div class=\"elementor-element elementor-element-349427b animated-slow elementor-invisible elementor-widget elementor-widget-bdt-image-compare\" data-id=\"349427b\" data-element_type=\"widget\" data-settings=\"{&quot;_animation&quot;:&quot;none&quot;,&quot;_animation_delay&quot;:1000}\" data-widget_type=\"bdt-image-compare.default\">\n\t\t\t\t<div class=\"elementor-widget-container\">\n\t\t\t\t\t<div class=\"bdt-image-compare bdt-position-relative\">\n\t\t\t<div id=\"image-compare-349427b\" class=\"image-compare bdt-image-compare-overlay\" data-settings=\"{&quot;id&quot;:&quot;image-compare-349427b&quot;,&quot;default_offset_pct&quot;:80,&quot;before_label&quot;:&quot;Before&quot;,&quot;after_label&quot;:&quot;After&quot;,&quot;no_overlay&quot;:true,&quot;on_hover&quot;:true,&quot;add_circle&quot;:true,&quot;bar_color&quot;:&quot;#fff&quot;}\">\n\t\t\t\t<img width=\"580\" height=\"350\" src=\"https:\/\/proyectos.agenciaeben.com\/qgmi-corp\/wp-content\/uploads\/2021\/04\/nima-drains-a.jpg\" class=\"attachment-full size-full\" alt=\"\" loading=\"lazy\" srcset=\"https:\/\/proyectos.agenciaeben.com\/qgmi-corp\/wp-content\/uploads\/2021\/04\/nima-drains-a.jpg 580w, https:\/\/proyectos.agenciaeben.com\/qgmi-corp\/wp-content\/uploads\/2021\/04\/nima-drains-a-300x181.jpg 300w\" sizes=\"(max-width: 580px) 100vw, 580px\" \/>\t\t\t\t<img width=\"580\" height=\"350\" src=\"https:\/\/proyectos.agenciaeben.com\/qgmi-corp\/wp-content\/uploads\/2021\/04\/nima-drains-b.jpg\" class=\"attachment-full size-full\" alt=\"\" loading=\"lazy\" srcset=\"https:\/\/proyectos.agenciaeben.com\/qgmi-corp\/wp-content\/uploads\/2021\/04\/nima-drains-b.jpg 580w, https:\/\/proyectos.agenciaeben.com\/qgmi-corp\/wp-content\/uploads\/2021\/04\/nima-drains-b-300x181.jpg 300w\" sizes=\"(max-width: 580px) 100vw, 580px\" \/>\t\t\t<\/div>\n\t\t<\/div>\n\n\t\t\t\t<\/div>\n\t\t\t\t<\/div>\n\t\t\t\t<div class=\"elementor-element elementor-element-6157729 elementor-widget elementor-widget-text-editor\" data-id=\"6157729\" data-element_type=\"widget\" data-widget_type=\"text-editor.default\">\n\t\t\t\t<div class=\"elementor-widget-container\">\n\t\t\t\t\t<div class=\"elementor-text-editor elementor-clearfix\"><strong>Nima Drain<\/strong><\/div>\n\t\t\t\t<\/div>\n\t\t\t\t<\/div>\n\t\t\t\t\t\t<\/div>\n\t\t\t\t\t<\/div>\n\t\t<\/div>\n\t\t\t\t\t\t\t\t<\/div>\n\t\t\t\t\t<\/div>\n\t\t<\/section>\n\t\t\t\t\t\t<\/div>\n\t\t\t\t\t\t<\/div>\n\t\t\t\t\t<\/div>\n\t\t","protected":false},"excerpt":{"rendered":"<p>TRABAJOS DE AGUA Y SANEAMIENTO QGMI ofrece un paquete completo de soluciones: agua, aguas residuales y control de inundaciones. Nuestro conocimiento del entorno normativo nos permite adaptar las soluciones para ayudar a nuestros clientes a satisfacer las necesidades de las partes interesadas, desde el inversor hasta el usuario final. Trabajamos estrechamente con los municipios en &hellip;<\/p>\n<p class=\"read-more\"> <a class=\"\" href=\"https:\/\/proyectos.agenciaeben.com\/qgmi-corp\/es\/trabajos-de-agua-y-saneamiento\/\"> <span class=\"screen-reader-text\">Trabajos de agua y saneamiento<\/span> Read More &raquo;<\/a><\/p>\n","protected":false},"author":1,"featured_media":0,"parent":0,"menu_order":0,"comment_status":"closed","ping_status":"closed","template":"","meta":[],"_links":{"self":[{"href":"https:\/\/proyectos.agenciaeben.com\/qgmi-corp\/wp-json\/wp\/v2\/pages\/2777"}],"collection":[{"href":"https:\/\/proyectos.agenciaeben.com\/qgmi-corp\/wp-json\/wp\/v2\/pages"}],"about":[{"href":"https:\/\/proyectos.agenciaeben.com\/qgmi-corp\/wp-json\/wp\/v2\/types\/page"}],"author":[{"embeddable":true,"href":"https:\/\/proyectos.agenciaeben.com\/qgmi-corp\/wp-json\/wp\/v2\/users\/1"}],"replies":[{"embeddable":true,"href":"https:\/\/proyectos.agenciaeben.com\/qgmi-corp\/wp-json\/wp\/v2\/comments?post=2777"}],"version-history":[{"count":4,"href":"https:\/\/proyectos.agenciaeben.com\/qgmi-corp\/wp-json\/wp\/v2\/pages\/2777\/revisions"}],"predecessor-version":[{"id":2781,"href":"https:\/\/proyectos.agenciaeben.com\/qgmi-corp\/wp-json\/wp\/v2\/pages\/2777\/revisions\/2781"}],"wp:attachment":[{"href":"https:\/\/proyectos.agenciaeben.com\/qgmi-corp\/wp-json\/wp\/v2\/media?parent=2777"}],"curies":[{"name":"wp","href":"https:\/\/api.w.org\/{rel}","templated":true}]}}