{"id":305,"date":"2022-10-18T13:07:36","date_gmt":"2022-10-18T13:07:36","guid":{"rendered":"https:\/\/proyectos.agenciaeben.com\/morenofalcon\/?page_id=305"},"modified":"2022-10-18T13:15:22","modified_gmt":"2022-10-18T13:15:22","slug":"sistema-de-control-industria-destilerias","status":"publish","type":"page","link":"https:\/\/proyectos.agenciaeben.com\/morenofalcon\/proyectos\/sistema-de-control-industria-destilerias\/","title":{"rendered":"Sistema de control industria destiler\u00edas"},"content":{"rendered":"\t\t<div data-elementor-type=\"wp-page\" data-elementor-id=\"305\" class=\"elementor elementor-305\">\n\t\t\t\t\t\t\t\t\t<section class=\"elementor-section elementor-top-section elementor-element elementor-element-7ac85ff elementor-section-boxed elementor-section-height-default elementor-section-height-default\" data-id=\"7ac85ff\" data-element_type=\"section\" data-settings=\"{&quot;background_background&quot;:&quot;classic&quot;}\">\n\t\t\t\t\t\t<div class=\"elementor-container elementor-column-gap-default\">\n\t\t\t\t\t<div class=\"elementor-column elementor-col-100 elementor-top-column elementor-element elementor-element-a692ffa\" data-id=\"a692ffa\" data-element_type=\"column\">\n\t\t\t<div class=\"elementor-widget-wrap elementor-element-populated\">\n\t\t\t\t\t\t\t\t<div class=\"elementor-element elementor-element-be8a6aa elementor-widget elementor-widget-heading\" data-id=\"be8a6aa\" data-element_type=\"widget\" data-widget_type=\"heading.default\">\n\t\t\t\t<div class=\"elementor-widget-container\">\n\t\t\t<style>\/*! elementor - v3.6.4 - 13-04-2022 *\/\n.elementor-heading-title{padding:0;margin:0;line-height:1}.elementor-widget-heading .elementor-heading-title[class*=elementor-size-]>a{color:inherit;font-size:inherit;line-height:inherit}.elementor-widget-heading .elementor-heading-title.elementor-size-small{font-size:15px}.elementor-widget-heading .elementor-heading-title.elementor-size-medium{font-size:19px}.elementor-widget-heading .elementor-heading-title.elementor-size-large{font-size:29px}.elementor-widget-heading .elementor-heading-title.elementor-size-xl{font-size:39px}.elementor-widget-heading .elementor-heading-title.elementor-size-xxl{font-size:59px}<\/style><h1 class=\"elementor-heading-title elementor-size-default\">Sistema de control industria destiler\u00edas<\/h1>\t\t<\/div>\n\t\t\t\t<\/div>\n\t\t\t\t<div class=\"elementor-element elementor-element-44a9d72 elementor-widget elementor-widget-heading\" data-id=\"44a9d72\" data-element_type=\"widget\" data-widget_type=\"heading.default\">\n\t\t\t\t<div class=\"elementor-widget-container\">\n\t\t\t<span class=\"elementor-heading-title elementor-size-default\">INSTALACIONES<\/span>\t\t<\/div>\n\t\t\t\t<\/div>\n\t\t\t\t\t<\/div>\n\t\t<\/div>\n\t\t\t\t\t\t\t<\/div>\n\t\t<\/section>\n\t\t\t\t<section class=\"elementor-section elementor-top-section elementor-element elementor-element-337dc14 elementor-section-boxed elementor-section-height-default elementor-section-height-default\" data-id=\"337dc14\" data-element_type=\"section\" data-settings=\"{&quot;background_background&quot;:&quot;classic&quot;}\">\n\t\t\t\t\t\t<div class=\"elementor-container elementor-column-gap-default\">\n\t\t\t\t\t<div class=\"elementor-column elementor-col-50 elementor-top-column elementor-element elementor-element-ae78170\" data-id=\"ae78170\" data-element_type=\"column\">\n\t\t\t<div class=\"elementor-widget-wrap elementor-element-populated\">\n\t\t\t\t\t\t\t\t<div class=\"elementor-element elementor-element-3303f56 elementor-widget elementor-widget-text-editor\" data-id=\"3303f56\" data-element_type=\"widget\" data-widget_type=\"text-editor.default\">\n\t\t\t\t<div class=\"elementor-widget-container\">\n\t\t\t<style>\/*! elementor - v3.6.4 - 13-04-2022 *\/\n.elementor-widget-text-editor.elementor-drop-cap-view-stacked .elementor-drop-cap{background-color:#818a91;color:#fff}.elementor-widget-text-editor.elementor-drop-cap-view-framed .elementor-drop-cap{color:#818a91;border:3px solid;background-color:transparent}.elementor-widget-text-editor:not(.elementor-drop-cap-view-default) .elementor-drop-cap{margin-top:8px}.elementor-widget-text-editor:not(.elementor-drop-cap-view-default) .elementor-drop-cap-letter{width:1em;height:1em}.elementor-widget-text-editor .elementor-drop-cap{float:left;text-align:center;line-height:1;font-size:50px}.elementor-widget-text-editor .elementor-drop-cap-letter{display:inline-block}<\/style>\t\t\t\t<p>Es un segmento de instalaciones muy cr\u00edticas y exigentes (zonas explosivas\/ATEX).<br \/><br \/>En dicha instalaci\u00f3n se utilizaron materiales espec\u00edficos para este tipo de instalaciones, (canal met\u00e1lica cerrada, cables armados, sistema de protecci\u00f3n a tierra, &#8230;) y para los elementos de control y medida un bus de campo (ProfibusPA)<br \/>El sistema controla el proceso completo (niveles, valvulas, presiones, temperaturas, caudales, \u2026) en las diferentes etapas que se producen en las columnas de destilaci\u00f3n, as\u00ed como los equipos auxiliares que intervienen en el proceso. (planta enfriadora, vapor, aire comprimido, \u2026)<\/p><p>Instalaci\u00f3n realizada en 2007 y ubicada en la provincia de Segovia para compa\u00f1\u00eda BEAM GLOBAL ESPA\u00d1A S.A.<\/p>\t\t\t\t\t\t<\/div>\n\t\t\t\t<\/div>\n\t\t\t\t<div class=\"elementor-element elementor-element-77fa780 elementor-widget elementor-widget-bdt-advanced-button\" data-id=\"77fa780\" data-element_type=\"widget\" data-widget_type=\"bdt-advanced-button.default\">\n\t\t\t\t<div class=\"elementor-widget-container\">\n\t\t\t\t\t<div class=\"bdt-ep-button-wrapper\">\n\t\t\t<a href=\"https:\/\/proyectos.agenciaeben.com\/morenofalcon\/?page_id=267\" class=\"bdt-ep-button bdt-ep-button-effect-a bdt-ep-button-size-sm\">\n\t\t\t\t\t\t<div class=\"bdt-ep-button-content-wrapper bdt-flex bdt-flex-middle bdt-flex-center  \" data-text=\"Volver a proyectos\">\n\t\t\t\n\t\t\t<div class=\"bdt-ep-button-text\">\n\n                <span class=\"avdbtn-text\">Volver a proyectos<\/span>\n\n\t\t\t\t            <\/div>\n\n\t\t\t\n\t\t<\/div>\n\t\t\t\t\t<\/a>\n\t\t<\/div>\n\t\t\t\t<\/div>\n\t\t\t\t<\/div>\n\t\t\t\t\t<\/div>\n\t\t<\/div>\n\t\t\t\t<div class=\"elementor-column elementor-col-50 elementor-top-column elementor-element elementor-element-092f926\" data-id=\"092f926\" data-element_type=\"column\">\n\t\t\t<div class=\"elementor-widget-wrap\">\n\t\t\t\t\t\t\t\t\t<\/div>\n\t\t<\/div>\n\t\t\t\t\t\t\t<\/div>\n\t\t<\/section>\n\t\t\t\t<section class=\"elementor-section elementor-top-section elementor-element elementor-element-835f167 elementor-section-boxed elementor-section-height-default elementor-section-height-default\" data-id=\"835f167\" data-element_type=\"section\">\n\t\t\t\t\t\t<div class=\"elementor-container elementor-column-gap-default\">\n\t\t\t\t\t<div class=\"elementor-column elementor-col-100 elementor-top-column elementor-element elementor-element-9a69271\" data-id=\"9a69271\" data-element_type=\"column\">\n\t\t\t<div class=\"elementor-widget-wrap elementor-element-populated\">\n\t\t\t\t\t\t\t\t<div class=\"elementor-element elementor-element-1a4881f elementor-widget elementor-widget-spacer\" data-id=\"1a4881f\" data-element_type=\"widget\" data-widget_type=\"spacer.default\">\n\t\t\t\t<div class=\"elementor-widget-container\">\n\t\t\t<style>\/*! elementor - v3.6.4 - 13-04-2022 *\/\n.e-container.e-container--row .elementor-spacer-inner{width:var(--spacer-size)}.e-container.e-container--column .elementor-spacer-inner,.elementor-column .elementor-spacer-inner{height:var(--spacer-size)}<\/style>\t\t<div class=\"elementor-spacer\">\n\t\t\t<div class=\"elementor-spacer-inner\"><\/div>\n\t\t<\/div>\n\t\t\t\t<\/div>\n\t\t\t\t<\/div>\n\t\t\t\t\t<\/div>\n\t\t<\/div>\n\t\t\t\t\t\t\t<\/div>\n\t\t<\/section>\n\t\t\t\t\t\t\t<\/div>\n\t\t","protected":false},"excerpt":{"rendered":"<p>Sistema de control industria destiler\u00edas INSTALACIONES Es un segmento de instalaciones muy cr\u00edticas y exigentes (zonas explosivas\/ATEX). En dicha instalaci\u00f3n se utilizaron materiales espec\u00edficos para este tipo de instalaciones, (canal met\u00e1lica cerrada, cables armados, sistema de protecci\u00f3n a tierra, &#8230;) y para los elementos de control y medida un bus de campo (ProfibusPA)El sistema controla &hellip;<\/p>\n<p class=\"read-more\"> <a class=\"\" href=\"https:\/\/proyectos.agenciaeben.com\/morenofalcon\/proyectos\/sistema-de-control-industria-destilerias\/\"> <span class=\"screen-reader-text\">Sistema de control industria destiler\u00edas<\/span> Leer m\u00e1s \u00bb<\/a><\/p>\n","protected":false},"author":1,"featured_media":0,"parent":267,"menu_order":0,"comment_status":"closed","ping_status":"closed","template":"elementor_theme","meta":{"site-sidebar-layout":"no-sidebar","site-content-layout":"page-builder","ast-main-header-display":"","ast-hfb-above-header-display":"","ast-hfb-below-header-display":"","ast-hfb-mobile-header-display":"","site-post-title":"disabled","ast-breadcrumbs-content":"disabled","ast-featured-img":"disabled","footer-sml-layout":"","theme-transparent-header-meta":"","adv-header-id-meta":"","stick-header-meta":"","header-above-stick-meta":"","header-main-stick-meta":"","header-below-stick-meta":"","footnotes":""},"class_list":["post-305","page","type-page","status-publish","hentry"],"_links":{"self":[{"href":"https:\/\/proyectos.agenciaeben.com\/morenofalcon\/wp-json\/wp\/v2\/pages\/305","targetHints":{"allow":["GET"]}}],"collection":[{"href":"https:\/\/proyectos.agenciaeben.com\/morenofalcon\/wp-json\/wp\/v2\/pages"}],"about":[{"href":"https:\/\/proyectos.agenciaeben.com\/morenofalcon\/wp-json\/wp\/v2\/types\/page"}],"author":[{"embeddable":true,"href":"https:\/\/proyectos.agenciaeben.com\/morenofalcon\/wp-json\/wp\/v2\/users\/1"}],"replies":[{"embeddable":true,"href":"https:\/\/proyectos.agenciaeben.com\/morenofalcon\/wp-json\/wp\/v2\/comments?post=305"}],"version-history":[{"count":16,"href":"https:\/\/proyectos.agenciaeben.com\/morenofalcon\/wp-json\/wp\/v2\/pages\/305\/revisions"}],"predecessor-version":[{"id":321,"href":"https:\/\/proyectos.agenciaeben.com\/morenofalcon\/wp-json\/wp\/v2\/pages\/305\/revisions\/321"}],"up":[{"embeddable":true,"href":"https:\/\/proyectos.agenciaeben.com\/morenofalcon\/wp-json\/wp\/v2\/pages\/267"}],"wp:attachment":[{"href":"https:\/\/proyectos.agenciaeben.com\/morenofalcon\/wp-json\/wp\/v2\/media?parent=305"}],"curies":[{"name":"wp","href":"https:\/\/api.w.org\/{rel}","templated":true}]}}